{"id":747302,"date":"2025-08-28T03:03:23","date_gmt":"2025-08-28T00:03:23","guid":{"rendered":"https:\/\/roveyayinevi.com.tr\/index.php\/urun\/adguk-ogretisi\/"},"modified":"2026-04-16T02:59:56","modified_gmt":"2026-04-15T23:59:56","slug":"adguk-ogretisi","status":"publish","type":"product","link":"https:\/\/roveyayinevi.com.tr\/index.php\/urun\/adguk-ogretisi\/","title":{"rendered":"Adguk \u00d6\u011fretisi"},"content":{"rendered":"<p>GAKGUK\u2019a kar\u015f\u0131 ADGUK T\u00fcrkiye\u2019de din alg\u0131s\u0131n\u0131n, t\u00f6renin lakaytla\u015ft\u0131\u011f\u0131, kafalar\u0131n hem s\u00f6zde dindarlar hem de ateistlerce kar\u0131\u015ft\u0131r\u0131ld\u0131\u011f\u0131, baz\u0131 de\u011ferlere bilgisizlerin tam bir nefret buhran\u0131 ya\u015fatt\u0131\u011f\u0131, alg\u0131latt\u0131\u011f\u0131 \u015fu d\u00f6nemde; baz\u0131 bilgilere, baz\u0131 de\u011ferlere bir de bu g\u00f6zle bak\u0131lmas\u0131, de\u011ferlendirilmesi i\u00e7in; kalemimi yay\u0131ma ok yapt\u0131m, at\u0131yorum bu karanl\u0131\u011fa, karanl\u0131k akla&#8230; Ve davet ediyorum t\u00fcm Balalar\u0131 bu cenge. Karanl\u0131\u011fa \u0131\u015f\u0131k olacak yorumlar\u0131 ile \u015fimdilik GAKGUK\u2019a kar\u015f\u0131 ADGUK. <\/p>\n","protected":false},"excerpt":{"rendered":"<p>GAKGUK\u2019a kar\u015f\u0131 ADGUK T\u00fcrkiye\u2019de din alg\u0131s\u0131n\u0131n, t\u00f6renin lakaytla\u015ft\u0131\u011f\u0131, kafalar\u0131n hem s\u00f6zde dindarlar hem de ateistlerce kar\u0131\u015ft\u0131r\u0131ld\u0131\u011f\u0131, baz\u0131 de\u011ferlere bilgisizlerin tam bir nefret buhran\u0131 ya\u015fatt\u0131\u011f\u0131, alg\u0131latt\u0131\u011f\u0131 \u015fu<span class=\"excerpt-hellip\"> [\u2026]<\/span><\/p>\n","protected":false},"featured_media":0,"template":"","meta":{"_monsterinsights_skip_tracking":false,"_monsterinsights_sitenote_active":false,"_monsterinsights_sitenote_note":"","_monsterinsights_sitenote_category":0},"product_brand":[],"product_cat":[13036,12718,12719],"product_tag":[],"class_list":{"0":"post-747302","1":"product","2":"type-product","3":"status-publish","5":"product_cat-arastirma-inceleme-islam","6":"product_cat-din","7":"product_cat-islam","8":"pa_cilt-ciltsiz","9":"pa_tur-kitap","10":"pa_yayinevi-destek-yayinlari","11":"pa_yazar-oktan-keles","13":"first","14":"instock","15":"sale","16":"shipping-taxable","17":"purchasable","18":"product-type-simple"},"_links":{"self":[{"href":"https:\/\/roveyayinevi.com.tr\/index.php\/wp-json\/wp\/v2\/product\/747302","targetHints":{"allow":["GET"]}}],"collection":[{"href":"https:\/\/roveyayinevi.com.tr\/index.php\/wp-json\/wp\/v2\/product"}],"about":[{"href":"https:\/\/roveyayinevi.com.tr\/index.php\/wp-json\/wp\/v2\/types\/product"}],"wp:attachment":[{"href":"https:\/\/roveyayinevi.com.tr\/index.php\/wp-json\/wp\/v2\/media?parent=747302"}],"wp:term":[{"taxonomy":"product_brand","embeddable":true,"href":"https:\/\/roveyayinevi.com.tr\/index.php\/wp-json\/wp\/v2\/product_brand?post=747302"},{"taxonomy":"product_cat","embeddable":true,"href":"https:\/\/roveyayinevi.com.tr\/index.php\/wp-json\/wp\/v2\/product_cat?post=747302"},{"taxonomy":"product_tag","embeddable":true,"href":"https:\/\/roveyayinevi.com.tr\/index.php\/wp-json\/wp\/v2\/product_tag?post=747302"}],"curies":[{"name":"wp","href":"https:\/\/api.w.org\/{rel}","templated":true}]}}