{"id":747299,"date":"2025-08-28T03:03:18","date_gmt":"2025-08-28T00:03:18","guid":{"rendered":"https:\/\/roveyayinevi.com.tr\/index.php\/urun\/yansima-3\/"},"modified":"2025-11-21T08:46:52","modified_gmt":"2025-11-21T05:46:52","slug":"yansima-3","status":"publish","type":"product","link":"https:\/\/roveyayinevi.com.tr\/index.php\/urun\/yansima-3\/","title":{"rendered":"Yans\u0131ma"},"content":{"rendered":"<p>Gizemli bir uygarl\u0131\u011f\u0131n pe\u015finde sonsuz gen\u00e7li\u011fi buldu\u011funu d\u00fc\u015f\u00fcnen bir antikac\u0131. Kendini toplumdan soyutlam\u0131\u015f esrarengiz bir arkeolog. Aniden ve a\u00e7\u0131klanamayan bir \u015fekilde ortadan kaybolan annesini arayan bir antropolog. T\u00fcm olumsuzluklara ra\u011fmen yeniden filizlenen eski bir a\u015fk. Ve\u2026 Usulca y\u00fcz\u00fcn\u00fc g\u00f6steren do\u011fa\u00fcst\u00fc olaylar, kay\u0131p bir medeniyet, \u00fcrk\u00fct\u00fcc\u00fc mitolojik varl\u0131klar, uzun s\u00fcre saklanan s\u0131rlar, cevaplar\u0131 i\u00e7inde bar\u0131nd\u0131ran bir ziggurat\u2026 Maceraya haz\u0131r m\u0131s\u0131n\u0131z? <\/p>\n","protected":false},"excerpt":{"rendered":"<p>Gizemli bir uygarl\u0131\u011f\u0131n pe\u015finde sonsuz gen\u00e7li\u011fi buldu\u011funu d\u00fc\u015f\u00fcnen bir antikac\u0131. Kendini toplumdan soyutlam\u0131\u015f esrarengiz bir arkeolog. Aniden ve a\u00e7\u0131klanamayan bir \u015fekilde ortadan kaybolan annesini arayan bir<span class=\"excerpt-hellip\"> [\u2026]<\/span><\/p>\n","protected":false},"featured_media":0,"template":"","meta":{"_monsterinsights_skip_tracking":false,"_monsterinsights_sitenote_active":false,"_monsterinsights_sitenote_note":"","_monsterinsights_sitenote_category":0},"product_brand":[],"product_cat":[12291,14777],"product_tag":[],"class_list":{"0":"post-747299","1":"product","2":"type-product","3":"status-publish","5":"product_cat-edebiyat","6":"product_cat-fantastik","7":"pa_cilt-ciltsiz","8":"pa_tur-kitap","9":"pa_yayinevi-kitap-muptelasi-yayinlari","10":"pa_yazar-deniz-uysal","12":"first","13":"instock","14":"sale","15":"shipping-taxable","16":"purchasable","17":"product-type-simple"},"_links":{"self":[{"href":"https:\/\/roveyayinevi.com.tr\/index.php\/wp-json\/wp\/v2\/product\/747299","targetHints":{"allow":["GET"]}}],"collection":[{"href":"https:\/\/roveyayinevi.com.tr\/index.php\/wp-json\/wp\/v2\/product"}],"about":[{"href":"https:\/\/roveyayinevi.com.tr\/index.php\/wp-json\/wp\/v2\/types\/product"}],"wp:attachment":[{"href":"https:\/\/roveyayinevi.com.tr\/index.php\/wp-json\/wp\/v2\/media?parent=747299"}],"wp:term":[{"taxonomy":"product_brand","embeddable":true,"href":"https:\/\/roveyayinevi.com.tr\/index.php\/wp-json\/wp\/v2\/product_brand?post=747299"},{"taxonomy":"product_cat","embeddable":true,"href":"https:\/\/roveyayinevi.com.tr\/index.php\/wp-json\/wp\/v2\/product_cat?post=747299"},{"taxonomy":"product_tag","embeddable":true,"href":"https:\/\/roveyayinevi.com.tr\/index.php\/wp-json\/wp\/v2\/product_tag?post=747299"}],"curies":[{"name":"wp","href":"https:\/\/api.w.org\/{rel}","templated":true}]}}