{"id":747296,"date":"2025-08-28T03:03:13","date_gmt":"2025-08-28T00:03:13","guid":{"rendered":"https:\/\/roveyayinevi.com.tr\/index.php\/urun\/faust-bir-fragman\/"},"modified":"2026-04-16T02:59:56","modified_gmt":"2026-04-15T23:59:56","slug":"faust-bir-fragman","status":"publish","type":"product","link":"https:\/\/roveyayinevi.com.tr\/index.php\/urun\/faust-bir-fragman\/","title":{"rendered":"Faust: Bir Fragman"},"content":{"rendered":"<p>Goethe\u2019nin hayat\u0131 boyunca \u00fcst\u00fcnde \u00e7al\u0131\u015ft\u0131\u011f\u0131, edebiyat\u0131 ve kimli\u011fiyle b\u00fct\u00fcnle\u015fen ve adeta yazar\u0131yla birlikte b\u00fcy\u00fcy\u00fcp olgunla\u015fan ba\u015fyap\u0131t\u0131 Faust, 1770\u2019te ba\u015flay\u0131p 1831\u2019de tamamlanan uzun bir \u00e7al\u0131\u015fman\u0131n \u00fcr\u00fcn\u00fc.   Goethe hen\u00fcz 21 ya\u015f\u0131ndayken \u00e7ocuk katili Susanna Margaretha\u2019n\u0131n davas\u0131ndan etkilenerek efsanevi karakter Faust\u2019un merkezinde oldu\u011fu Urfaust isimli bir eser \u00fczerinde \u00e7al\u0131\u015fmaya ba\u015flam\u0131\u015ft\u0131. Daha sonra bu yap\u0131t\u0131 geli\u015ftirip yeni sahneler ve diyaloglar ekleyerek ba\u015fyap\u0131t\u0131na giden ikinci ad\u0131m\u0131 att\u0131: Faust: Bir Fragman. \u0130lk kez 1790\u2019da yay\u0131mlanan bu eser, ancak 1808\u2019de tamamlayaca\u011f\u0131 Faust I ile olan benzerlikleri ve farkl\u0131l\u0131klar\u0131na, bir fragman olarak nitelenmesine ra\u011fmen kendi ba\u015f\u0131na bir b\u00fct\u00fcn, ba\u011f\u0131ms\u0131z olarak da okunabilecek bir metin. Yaln\u0131zca a\u015fk\u0131n gazab\u0131na u\u011frayan Gretchen\u2019in de\u011fil, ayn\u0131 zamanda ba\u015far\u0131s\u0131zl\u0131\u011fa u\u011fram\u0131\u015f, tatminsiz ve \u015f\u00fcpheci biliminsan\u0131n\u0131n da trajedisi. <\/p>\n","protected":false},"excerpt":{"rendered":"<p>Goethe\u2019nin hayat\u0131 boyunca \u00fcst\u00fcnde \u00e7al\u0131\u015ft\u0131\u011f\u0131, edebiyat\u0131 ve kimli\u011fiyle b\u00fct\u00fcnle\u015fen ve adeta yazar\u0131yla birlikte b\u00fcy\u00fcy\u00fcp olgunla\u015fan ba\u015fyap\u0131t\u0131 Faust, 1770\u2019te ba\u015flay\u0131p 1831\u2019de tamamlanan uzun bir \u00e7al\u0131\u015fman\u0131n \u00fcr\u00fcn\u00fc. Goethe<span class=\"excerpt-hellip\"> [\u2026]<\/span><\/p>\n","protected":false},"featured_media":0,"template":"","meta":{"_monsterinsights_skip_tracking":false,"_monsterinsights_sitenote_active":false,"_monsterinsights_sitenote_note":"","_monsterinsights_sitenote_category":0},"product_brand":[],"product_cat":[12291,15566],"product_tag":[],"class_list":{"0":"post-747296","1":"product","2":"type-product","3":"status-publish","5":"product_cat-edebiyat","6":"product_cat-oyun","7":"pa_cilt-ciltsiz","8":"pa_tur-kitap","9":"pa_yayinevi-can-yayinlari","10":"pa_yazar-johann-wolfgang-von-goethe","12":"first","13":"instock","14":"sale","15":"shipping-taxable","16":"purchasable","17":"product-type-simple"},"_links":{"self":[{"href":"https:\/\/roveyayinevi.com.tr\/index.php\/wp-json\/wp\/v2\/product\/747296","targetHints":{"allow":["GET"]}}],"collection":[{"href":"https:\/\/roveyayinevi.com.tr\/index.php\/wp-json\/wp\/v2\/product"}],"about":[{"href":"https:\/\/roveyayinevi.com.tr\/index.php\/wp-json\/wp\/v2\/types\/product"}],"wp:attachment":[{"href":"https:\/\/roveyayinevi.com.tr\/index.php\/wp-json\/wp\/v2\/media?parent=747296"}],"wp:term":[{"taxonomy":"product_brand","embeddable":true,"href":"https:\/\/roveyayinevi.com.tr\/index.php\/wp-json\/wp\/v2\/product_brand?post=747296"},{"taxonomy":"product_cat","embeddable":true,"href":"https:\/\/roveyayinevi.com.tr\/index.php\/wp-json\/wp\/v2\/product_cat?post=747296"},{"taxonomy":"product_tag","embeddable":true,"href":"https:\/\/roveyayinevi.com.tr\/index.php\/wp-json\/wp\/v2\/product_tag?post=747296"}],"curies":[{"name":"wp","href":"https:\/\/api.w.org\/{rel}","templated":true}]}}