{"id":747292,"date":"2025-08-28T03:03:06","date_gmt":"2025-08-28T00:03:06","guid":{"rendered":"https:\/\/roveyayinevi.com.tr\/index.php\/urun\/gozler-kanatlar-cicekler-kuyruklar\/"},"modified":"2026-04-16T02:59:56","modified_gmt":"2026-04-15T23:59:56","slug":"gozler-kanatlar-cicekler-kuyruklar","status":"publish","type":"product","link":"https:\/\/roveyayinevi.com.tr\/index.php\/urun\/gozler-kanatlar-cicekler-kuyruklar\/","title":{"rendered":"G\u00f6zler Kanatlar \u00c7i\u00e7ekler Kuyruklar"},"content":{"rendered":"<p>Mevsimlerin de\u011fi\u015fti\u011fi, denizlerin dibe y\u00fczd\u00fc\u011f\u00fc, g\u00f6\u00e7lerin tersine \u00e7evrildi\u011fi bir zaman&#8230; D\u00fcnyan\u0131n d\u00f6rt bir yan\u0131 ya\u015famas\u0131zl\u0131\u011f\u0131n h\u00fckm\u00fc alt\u0131na girmi\u015f, yapay varl\u0131klar \u00e7o\u011fal\u0131rken her k\u00f6\u015feye de\u011fi\u015fmeyen \u00f6l\u00fcmc\u00fcl bir i\u015fleyi\u015f sinmi\u015ftir. Yine de anbean geli\u015fig\u00fczel bir hareket bi\u00e7imlenip canlan\u0131r; da\u011flar, ta\u015flar, sular ve uzuvlar ya\u015fam\u0131 ya\u015fan\u0131r k\u0131lacak k\u0131p\u0131rt\u0131y\u0131 canl\u0131 tutup kimseyi yolda b\u0131rakmazlar. \u0130lk bak\u0131\u015fta g\u00f6ze g\u00f6r\u00fcnmeyen patikalar birbirlerine ba\u011flan\u0131p, uzay\u0131p i\u00e7 i\u00e7e ge\u00e7er, a\u011flar \u00f6rerler.     Deniz Gezgin, Ahraz ve YerKu\u015fA\u011f\u0131\u2019ndan sonra s\u0131n\u0131rs\u0131z bir hayal g\u00fcc\u00fcyle bi\u00e7imlendirdi\u011fi yeni roman\u0131yla yerk\u00fcrenin en kuytular\u0131na n\u00fcfuz edip ya\u015fama ve ya\u015fam\u0131n kar\u015f\u0131s\u0131nda duran g\u00fc\u00e7lere ses veriyor. G\u00f6zler Kanatlar \u00c7i\u00e7ekler Kuyruklar d\u00fcnyan\u0131n g\u00f6zya\u015flar\u0131n\u0131n s\u00f6k\u00fcld\u00fc\u011f\u00fc masmavi bir volkanda k\u00f6klenen Lu\u00e7e ile al\u0131kondu\u011fu Yuva\u2019dan \u00f6zg\u00fcrl\u00fc\u011fe ka\u00e7\u0131p s\u0131k\u0131 s\u0131k\u0131 hayata tutunan Kara\u2019n\u0131n bir durup bir ilerledikleri bir yolculu\u011fun hik\u00e2yesini, birlikte s\u00f6yledikleri bir aray\u0131\u015f \u015fark\u0131s\u0131n\u0131 anlat\u0131yor. <\/p>\n","protected":false},"excerpt":{"rendered":"<p>Mevsimlerin de\u011fi\u015fti\u011fi, denizlerin dibe y\u00fczd\u00fc\u011f\u00fc, g\u00f6\u00e7lerin tersine \u00e7evrildi\u011fi bir zaman&#8230; D\u00fcnyan\u0131n d\u00f6rt bir yan\u0131 ya\u015famas\u0131zl\u0131\u011f\u0131n h\u00fckm\u00fc alt\u0131na girmi\u015f, yapay varl\u0131klar \u00e7o\u011fal\u0131rken her k\u00f6\u015feye de\u011fi\u015fmeyen \u00f6l\u00fcmc\u00fcl bir<span class=\"excerpt-hellip\"> [\u2026]<\/span><\/p>\n","protected":false},"featured_media":0,"template":"","meta":{"_monsterinsights_skip_tracking":false,"_monsterinsights_sitenote_active":false,"_monsterinsights_sitenote_note":"","_monsterinsights_sitenote_category":0},"product_brand":[],"product_cat":[12291,12711],"product_tag":[],"class_list":{"0":"post-747292","1":"product","2":"type-product","3":"status-publish","5":"product_cat-edebiyat","6":"product_cat-roman-oyku","7":"pa_cilt-ciltsiz","8":"pa_tur-kitap","9":"pa_yayinevi-can-yayinlari","10":"pa_yazar-deniz-gezgin","12":"first","13":"instock","14":"sale","15":"shipping-taxable","16":"purchasable","17":"product-type-simple"},"_links":{"self":[{"href":"https:\/\/roveyayinevi.com.tr\/index.php\/wp-json\/wp\/v2\/product\/747292","targetHints":{"allow":["GET"]}}],"collection":[{"href":"https:\/\/roveyayinevi.com.tr\/index.php\/wp-json\/wp\/v2\/product"}],"about":[{"href":"https:\/\/roveyayinevi.com.tr\/index.php\/wp-json\/wp\/v2\/types\/product"}],"wp:attachment":[{"href":"https:\/\/roveyayinevi.com.tr\/index.php\/wp-json\/wp\/v2\/media?parent=747292"}],"wp:term":[{"taxonomy":"product_brand","embeddable":true,"href":"https:\/\/roveyayinevi.com.tr\/index.php\/wp-json\/wp\/v2\/product_brand?post=747292"},{"taxonomy":"product_cat","embeddable":true,"href":"https:\/\/roveyayinevi.com.tr\/index.php\/wp-json\/wp\/v2\/product_cat?post=747292"},{"taxonomy":"product_tag","embeddable":true,"href":"https:\/\/roveyayinevi.com.tr\/index.php\/wp-json\/wp\/v2\/product_tag?post=747292"}],"curies":[{"name":"wp","href":"https:\/\/api.w.org\/{rel}","templated":true}]}}