{"id":747291,"date":"2025-08-28T03:03:05","date_gmt":"2025-08-28T00:03:05","guid":{"rendered":"https:\/\/roveyayinevi.com.tr\/index.php\/urun\/akilli-kizlar-devlere-karsi\/"},"modified":"2026-04-16T02:59:56","modified_gmt":"2026-04-15T23:59:56","slug":"akilli-kizlar-devlere-karsi","status":"publish","type":"product","link":"https:\/\/roveyayinevi.com.tr\/index.php\/urun\/akilli-kizlar-devlere-karsi\/","title":{"rendered":"Ak\u0131ll\u0131 K\u0131zlar Devlere Kar\u015f\u0131"},"content":{"rendered":"<p>K\u0131vrak zek\u00e2n\u0131n yenemeyece\u011fi dev yok! \u0130ngiliz \u00e7ocuk edebiyat\u0131n\u0131n \u00fcretken kalemi Michael Rosen&#8217;dan; bir \u00f6l\u00e7ek kurnazl\u0131k, az\u0131c\u0131k cesaret ve bir tutam da i\u015f bitiricilikle her sorunun \u00fcstesinden gelinebilece\u011fini g\u00f6steren iki d\u00fc\u015f\u00fcnd\u00fcr\u00fcc\u00fc masal: Ak\u0131ll\u0131 K\u0131zlar Devlere Kar\u015f\u0131. Kar\u015f\u0131m\u0131zda ister kocaman bir ay\u0131 ister ha\u015fmetli bir kral olsun herkesin kendine g\u00f6re bir zaaf\u0131 bulunabilece\u011fini hat\u0131rlatan kitap, akl\u0131n \u0131\u015f\u0131\u011f\u0131nda y\u00fcr\u00fcmenin bizi her daim g\u00fc\u00e7l\u00fc k\u0131laca\u011f\u0131n\u0131 vurguluyor.   Yazar, yaratt\u0131\u011f\u0131 masal kahramanlar\u0131 arac\u0131l\u0131\u011f\u0131yla \u00e7ocuklara; b\u00fcy\u00fck s\u00f6z\u00fc dinlemek, yalan\u0131n esiri olmamak ve g\u00fc\u00e7l\u00fclere boyun e\u011fmemek gibi k\u0131ymetli \u00f6\u011f\u00fctler vermeyi de ihmal etmiyor.Arkada\u015flar\u0131yla oynamak i\u00e7in evden \u00e7\u0131kan k\u00fc\u00e7\u00fck Mar\u015fa, b\u00fcy\u00fckannesinin s\u00f6z\u00fcn\u00fc kulak ard\u0131 edip orman\u0131n derinliklerinde kaybolunca kocaman, kahverengi bir ay\u0131n\u0131n kasl\u0131 pen\u00e7eleri aras\u0131nda bulur kendini. Bay Ay\u0131 art\u0131k can\u0131na tak eden ev i\u015flerini g\u00f6recek birini bulman\u0131n keyfini s\u00fcrmeye haz\u0131rlan\u0131rken ba\u015f\u0131na geleceklerden habersizdir. Ak\u0131ll\u0131 Mar\u015fa&#8217;n\u0131n k\u00f6t\u00fc ay\u0131y\u0131 dize getirecek mis kokulu, leziz mi leziz bir oyunu vard\u0131r. Nitekim Kayla da, S\u0131k\u0131lgan Kral&#8217;\u0131 e\u011flendirmek ad\u0131na d\u00fczenlenen &#8221;En Harika Yalanc\u0131&#8221; yar\u0131\u015fmas\u0131nda sadece b\u00fcy\u00fck \u00f6d\u00fcl\u00fc de\u011fil ayn\u0131 zamanda y\u00fcz alt\u0131n da kazanabilece\u011fi d\u00e2hiyane bir plan \u00fcst\u00fcnde \u00e7al\u0131\u015fmaktad\u0131r&#8230;   Ak\u0131ll\u0131 K\u0131zlar Devlere Kar\u015f\u0131, g\u00fc\u00e7l\u00fc sand\u0131klar\u0131m\u0131z\u0131 bazen sadece akl\u0131m\u0131z\u0131 kullanarak yenebilece\u011fimizi g\u00f6zler \u00f6n\u00fcne seren, iki y\u00fcreklendirici masal anlat\u0131yor. Ashley King&#8217;in matrak resimleriyle b\u00fct\u00fcnlenen bu e\u011flenceli kitap, \u00e7ocuklara okumay\u0131 sevdiren SEN de OKU koleksiyonundaki yerini al\u0131yor.<\/p>\n","protected":false},"excerpt":{"rendered":"<p>K\u0131vrak zek\u00e2n\u0131n yenemeyece\u011fi dev yok! \u0130ngiliz \u00e7ocuk edebiyat\u0131n\u0131n \u00fcretken kalemi Michael Rosen&#8217;dan; bir \u00f6l\u00e7ek kurnazl\u0131k, az\u0131c\u0131k cesaret ve bir tutam da i\u015f bitiricilikle her sorunun \u00fcstesinden<span class=\"excerpt-hellip\"> [\u2026]<\/span><\/p>\n","protected":false},"featured_media":0,"template":"","meta":{"_monsterinsights_skip_tracking":false,"_monsterinsights_sitenote_active":false,"_monsterinsights_sitenote_note":"","_monsterinsights_sitenote_category":0},"product_brand":[],"product_cat":[12274,12523],"product_tag":[],"class_list":{"0":"post-747291","1":"product","2":"type-product","3":"status-publish","5":"product_cat-cocuk-ve-genclik-kitaplari","6":"product_cat-masallar","7":"pa_cilt-ciltsiz","8":"pa_tur-kitap","9":"pa_yayinevi-tudem-yayinlari","10":"pa_yazar-michael-rosen","12":"first","13":"instock","14":"sale","15":"shipping-taxable","16":"purchasable","17":"product-type-simple"},"_links":{"self":[{"href":"https:\/\/roveyayinevi.com.tr\/index.php\/wp-json\/wp\/v2\/product\/747291","targetHints":{"allow":["GET"]}}],"collection":[{"href":"https:\/\/roveyayinevi.com.tr\/index.php\/wp-json\/wp\/v2\/product"}],"about":[{"href":"https:\/\/roveyayinevi.com.tr\/index.php\/wp-json\/wp\/v2\/types\/product"}],"wp:attachment":[{"href":"https:\/\/roveyayinevi.com.tr\/index.php\/wp-json\/wp\/v2\/media?parent=747291"}],"wp:term":[{"taxonomy":"product_brand","embeddable":true,"href":"https:\/\/roveyayinevi.com.tr\/index.php\/wp-json\/wp\/v2\/product_brand?post=747291"},{"taxonomy":"product_cat","embeddable":true,"href":"https:\/\/roveyayinevi.com.tr\/index.php\/wp-json\/wp\/v2\/product_cat?post=747291"},{"taxonomy":"product_tag","embeddable":true,"href":"https:\/\/roveyayinevi.com.tr\/index.php\/wp-json\/wp\/v2\/product_tag?post=747291"}],"curies":[{"name":"wp","href":"https:\/\/api.w.org\/{rel}","templated":true}]}}