{"id":747286,"date":"2025-08-28T03:02:58","date_gmt":"2025-08-28T00:02:58","guid":{"rendered":"https:\/\/roveyayinevi.com.tr\/index.php\/urun\/performatif-siyaset-ve-erdogan\/"},"modified":"2026-04-16T02:59:56","modified_gmt":"2026-04-15T23:59:56","slug":"performatif-siyaset-ve-erdogan","status":"publish","type":"product","link":"https:\/\/roveyayinevi.com.tr\/index.php\/urun\/performatif-siyaset-ve-erdogan\/","title":{"rendered":"Performatif Siyaset ve Erdo\u011fan"},"content":{"rendered":"<p>T.C. Cumhurba\u015fkan\u0131 Sn. Recep Tayyip Erdo\u011fan\u2019\u0131n sahne \u00fczerinden seyirciyi etkiledi\u011fi yads\u0131namaz bir ger\u00e7ek.   Bu kitap, Recep Tayyip Erdo\u011fan\u2019\u0131n kitleleri etkilemekte kulland\u0131\u011f\u0131 form\u00fcllerin bilimsel metodlar\u0131n\u0131 inceleyen ve \u201cnas\u0131l\u201d sorusuna net yan\u0131tlar olu\u015fturan, d\u00fcnya siyasetinde \u00e7ok s\u0131k kar\u015f\u0131la\u015f\u0131lmayan ve hatta asl\u0131nda \u00f6ng\u00f6r\u00fclemeyen \u201cmucizevi!\u201d bir performans\u0131n akademik \u00e7al\u0131\u015fmas\u0131 olup, literat\u00fcre \u00fcst\u00fcn be\u011fenilerle giri\u015f yapm\u0131\u015f bir eserdir.   Performatif Siyaset ve Erdo\u011fan kitab\u0131n\u0131n i\u00e7eri\u011fini olu\u015fturan inceleme konusu daha \u00f6nce hi\u00e7bir akademik \u00e7evre taraf\u0131ndan ara\u015ft\u0131r\u0131lmam\u0131\u015f (ve \u00e7ok\u00e7a ge\u00e7 kal\u0131nm\u0131\u015f) olmas\u0131ndan dolay\u0131 ba\u015fta akademik \u00e7evreler olmak \u00fczere t\u00fcm d\u00fcnyada dikkat \u00e7ekici nadir \u00e7al\u0131\u015fmalar aras\u0131nda an\u0131lmaktad\u0131r.   Peki kitleler nas\u0131l etkilenir? Bunun sonu\u00e7lar\u0131 nas\u0131l g\u00fcndelik hayatta var olur? Kitlelerin etkilenmesi g\u00fcn\u00fcm\u00fcz siyasetinde ba\u015far\u0131n\u0131n anahtar\u0131 de\u011fil midir? E\u011fer \u00f6yleyse nas\u0131l oldu\u011funu derinlemesine incelemek gerekmez mi? Peki nas\u0131l? Performatif Siyaset ve Erdo\u011fan kitab\u0131 tam da bu sorulara c\u00fcretk\u00e2r bir \u015fekilde cevap veriyor.   Son 20 y\u0131ld\u0131r yap\u0131lan se\u00e7imlerde vatanda\u015flar\u0131 y\u00fcksek oranlarla sand\u0131\u011fa ta\u015f\u0131ma kabiliyeti \u00fczerine yaz\u0131lan bu kitab\u0131, oy verecek herkesin muhakkak okumas\u0131 gerekir. <\/p>\n","protected":false},"excerpt":{"rendered":"<p>T.C. Cumhurba\u015fkan\u0131 Sn. Recep Tayyip Erdo\u011fan\u2019\u0131n sahne \u00fczerinden seyirciyi etkiledi\u011fi yads\u0131namaz bir ger\u00e7ek. Bu kitap, Recep Tayyip Erdo\u011fan\u2019\u0131n kitleleri etkilemekte kulland\u0131\u011f\u0131 form\u00fcllerin bilimsel metodlar\u0131n\u0131 inceleyen ve<span class=\"excerpt-hellip\"> [\u2026]<\/span><\/p>\n","protected":false},"featured_media":0,"template":"","meta":{"_monsterinsights_skip_tracking":false,"_monsterinsights_sitenote_active":false,"_monsterinsights_sitenote_note":"","_monsterinsights_sitenote_category":0},"product_brand":[],"product_cat":[12337],"product_tag":[],"class_list":{"0":"post-747286","1":"product","2":"type-product","3":"status-publish","5":"product_cat-politika-siyaset","6":"pa_cilt-ciltsiz","7":"pa_tur-kitap","8":"pa_yayinevi-istisnai-kitaplar","9":"pa_yazar-erdogan-ciftcioglu","11":"first","12":"instock","13":"sale","14":"shipping-taxable","15":"purchasable","16":"product-type-simple"},"_links":{"self":[{"href":"https:\/\/roveyayinevi.com.tr\/index.php\/wp-json\/wp\/v2\/product\/747286","targetHints":{"allow":["GET"]}}],"collection":[{"href":"https:\/\/roveyayinevi.com.tr\/index.php\/wp-json\/wp\/v2\/product"}],"about":[{"href":"https:\/\/roveyayinevi.com.tr\/index.php\/wp-json\/wp\/v2\/types\/product"}],"wp:attachment":[{"href":"https:\/\/roveyayinevi.com.tr\/index.php\/wp-json\/wp\/v2\/media?parent=747286"}],"wp:term":[{"taxonomy":"product_brand","embeddable":true,"href":"https:\/\/roveyayinevi.com.tr\/index.php\/wp-json\/wp\/v2\/product_brand?post=747286"},{"taxonomy":"product_cat","embeddable":true,"href":"https:\/\/roveyayinevi.com.tr\/index.php\/wp-json\/wp\/v2\/product_cat?post=747286"},{"taxonomy":"product_tag","embeddable":true,"href":"https:\/\/roveyayinevi.com.tr\/index.php\/wp-json\/wp\/v2\/product_tag?post=747286"}],"curies":[{"name":"wp","href":"https:\/\/api.w.org\/{rel}","templated":true}]}}