{"id":747284,"date":"2025-08-28T03:02:55","date_gmt":"2025-08-28T00:02:55","guid":{"rendered":"https:\/\/roveyayinevi.com.tr\/index.php\/urun\/denizalti-ile-yolculuk\/"},"modified":"2026-04-16T02:59:56","modified_gmt":"2026-04-15T23:59:56","slug":"denizalti-ile-yolculuk","status":"publish","type":"product","link":"https:\/\/roveyayinevi.com.tr\/index.php\/urun\/denizalti-ile-yolculuk\/","title":{"rendered":"Denizalt\u0131 \u0130le Yolculuk"},"content":{"rendered":"<p>\u201c\u00c7ocuklar heyecanla \u00e7\u0131kt\u0131klar\u0131 yolculukta hayal k\u0131r\u0131kl\u0131\u011f\u0131na u\u011fram\u0131\u015flar. \u00c7\u00fcnk\u00fc denizin dibi \u00e7ok kirliymi\u015f. Deniz; \u00e7\u00f6pler, \u015fi\u015feler, po\u015fetler ve bir\u00e7ok zararl\u0131 maddeyle kirletilmi\u015f. Po\u015fetlere tak\u0131lan ve oradan \u00e7\u0131kmak i\u00e7in \u00e7\u0131rp\u0131nmaktan yorgun d\u00fc\u015fen bal\u0131klar g\u00f6rm\u00fc\u015fler\u2026\u201d Sizce \u00e7ocuklar bundan sonra ne yapt\u0131lar? Birlik olunca acaba neleri ba\u015fard\u0131lar? \u00c7ocuklar\u0131n denizleri kirletenlerle m\u00fccadelesini okumaya ne dersiniz? <\/p>\n","protected":false},"excerpt":{"rendered":"<p>\u201c\u00c7ocuklar heyecanla \u00e7\u0131kt\u0131klar\u0131 yolculukta hayal k\u0131r\u0131kl\u0131\u011f\u0131na u\u011fram\u0131\u015flar. \u00c7\u00fcnk\u00fc denizin dibi \u00e7ok kirliymi\u015f. Deniz; \u00e7\u00f6pler, \u015fi\u015feler, po\u015fetler ve bir\u00e7ok zararl\u0131 maddeyle kirletilmi\u015f. Po\u015fetlere tak\u0131lan ve oradan \u00e7\u0131kmak<span class=\"excerpt-hellip\"> [\u2026]<\/span><\/p>\n","protected":false},"featured_media":0,"template":"","meta":{"_monsterinsights_skip_tracking":false,"_monsterinsights_sitenote_active":false,"_monsterinsights_sitenote_note":"","_monsterinsights_sitenote_category":0},"product_brand":[],"product_cat":[12274,12284],"product_tag":[],"class_list":{"0":"post-747284","1":"product","2":"type-product","3":"status-publish","5":"product_cat-cocuk-ve-genclik-kitaplari","6":"product_cat-hikayeler","7":"pa_cilt-ciltsiz","8":"pa_tur-kitap","9":"pa_yayinevi-mosquito-yayinlari","10":"pa_yazar-ayse-serra-kara","12":"first","13":"instock","14":"sale","15":"shipping-taxable","16":"purchasable","17":"product-type-simple"},"_links":{"self":[{"href":"https:\/\/roveyayinevi.com.tr\/index.php\/wp-json\/wp\/v2\/product\/747284","targetHints":{"allow":["GET"]}}],"collection":[{"href":"https:\/\/roveyayinevi.com.tr\/index.php\/wp-json\/wp\/v2\/product"}],"about":[{"href":"https:\/\/roveyayinevi.com.tr\/index.php\/wp-json\/wp\/v2\/types\/product"}],"wp:attachment":[{"href":"https:\/\/roveyayinevi.com.tr\/index.php\/wp-json\/wp\/v2\/media?parent=747284"}],"wp:term":[{"taxonomy":"product_brand","embeddable":true,"href":"https:\/\/roveyayinevi.com.tr\/index.php\/wp-json\/wp\/v2\/product_brand?post=747284"},{"taxonomy":"product_cat","embeddable":true,"href":"https:\/\/roveyayinevi.com.tr\/index.php\/wp-json\/wp\/v2\/product_cat?post=747284"},{"taxonomy":"product_tag","embeddable":true,"href":"https:\/\/roveyayinevi.com.tr\/index.php\/wp-json\/wp\/v2\/product_tag?post=747284"}],"curies":[{"name":"wp","href":"https:\/\/api.w.org\/{rel}","templated":true}]}}