{"id":747282,"date":"2025-08-28T03:02:52","date_gmt":"2025-08-28T00:02:52","guid":{"rendered":"https:\/\/roveyayinevi.com.tr\/index.php\/urun\/en-guzel-hirka\/"},"modified":"2026-04-16T02:59:55","modified_gmt":"2026-04-15T23:59:55","slug":"en-guzel-hirka","status":"publish","type":"product","link":"https:\/\/roveyayinevi.com.tr\/index.php\/urun\/en-guzel-hirka\/","title":{"rendered":"En G\u00fczel H\u0131rka"},"content":{"rendered":"<p>\u201cBen kim miyim? Bir h\u0131rka! \u00dcstelik \u00e7ok de\u011ferli bir h\u0131rka. \u00c7\u00fcnk\u00fc \u00f6rtt\u00fcm Sevgili Peygamberin omuzlar\u0131n\u0131, Hi\u00e7 \u00fc\u015f\u00fcmesin diye. Benim c\u00f6mert Peygamberim sonra hediye etti beni, Yine \u00e7ok de\u011ferli birine.\u201d Bu kitab\u0131n i\u00e7inde d\u00fcnyan\u0131n en g\u00fczel hediyesinin ser\u00fcvenine davetlisin! Peki, en g\u00fczel h\u0131rka kime hediye edilmi\u015f ve \u015fimdi neredeymi\u015f? \u00d6\u011frenmek ister misin? <\/p>\n","protected":false},"excerpt":{"rendered":"<p>\u201cBen kim miyim? Bir h\u0131rka! \u00dcstelik \u00e7ok de\u011ferli bir h\u0131rka. \u00c7\u00fcnk\u00fc \u00f6rtt\u00fcm Sevgili Peygamberin omuzlar\u0131n\u0131, Hi\u00e7 \u00fc\u015f\u00fcmesin diye. Benim c\u00f6mert Peygamberim sonra hediye etti beni, Yine<span class=\"excerpt-hellip\"> [\u2026]<\/span><\/p>\n","protected":false},"featured_media":0,"template":"","meta":{"_monsterinsights_skip_tracking":false,"_monsterinsights_sitenote_active":false,"_monsterinsights_sitenote_note":"","_monsterinsights_sitenote_category":0},"product_brand":[],"product_cat":[12274,12284],"product_tag":[],"class_list":{"0":"post-747282","1":"product","2":"type-product","3":"status-publish","5":"product_cat-cocuk-ve-genclik-kitaplari","6":"product_cat-hikayeler","7":"pa_cilt-ciltsiz","8":"pa_tur-kitap","9":"pa_yayinevi-mosquito-yayinlari","10":"pa_yazar-ayse-hale","12":"first","13":"instock","14":"sale","15":"shipping-taxable","16":"purchasable","17":"product-type-simple"},"_links":{"self":[{"href":"https:\/\/roveyayinevi.com.tr\/index.php\/wp-json\/wp\/v2\/product\/747282","targetHints":{"allow":["GET"]}}],"collection":[{"href":"https:\/\/roveyayinevi.com.tr\/index.php\/wp-json\/wp\/v2\/product"}],"about":[{"href":"https:\/\/roveyayinevi.com.tr\/index.php\/wp-json\/wp\/v2\/types\/product"}],"wp:attachment":[{"href":"https:\/\/roveyayinevi.com.tr\/index.php\/wp-json\/wp\/v2\/media?parent=747282"}],"wp:term":[{"taxonomy":"product_brand","embeddable":true,"href":"https:\/\/roveyayinevi.com.tr\/index.php\/wp-json\/wp\/v2\/product_brand?post=747282"},{"taxonomy":"product_cat","embeddable":true,"href":"https:\/\/roveyayinevi.com.tr\/index.php\/wp-json\/wp\/v2\/product_cat?post=747282"},{"taxonomy":"product_tag","embeddable":true,"href":"https:\/\/roveyayinevi.com.tr\/index.php\/wp-json\/wp\/v2\/product_tag?post=747282"}],"curies":[{"name":"wp","href":"https:\/\/api.w.org\/{rel}","templated":true}]}}