{"id":747280,"date":"2025-08-28T03:02:51","date_gmt":"2025-08-28T00:02:51","guid":{"rendered":"https:\/\/roveyayinevi.com.tr\/index.php\/urun\/ruhun-duygulanimlarinin-ve-hatalarinin-teshis-ve-tedavisi\/"},"modified":"2026-04-16T02:59:55","modified_gmt":"2026-04-15T23:59:55","slug":"ruhun-duygulanimlarinin-ve-hatalarinin-teshis-ve-tedavisi","status":"publish","type":"product","link":"https:\/\/roveyayinevi.com.tr\/index.php\/urun\/ruhun-duygulanimlarinin-ve-hatalarinin-teshis-ve-tedavisi\/","title":{"rendered":"Ruhun Duygulan\u0131mlar\u0131n\u0131n ve Hatalar\u0131n\u0131n Te\u015fhis ve Tedavisi"},"content":{"rendered":"<p>Galenos, t\u0131p ilmi ve tabip kimli\u011fiyle felsefeye yeni bir yakla\u015f\u0131m geli\u015ftirmeye \u00e7al\u0131\u015fmas\u0131 yan\u0131nda, di\u011fer yandan felsefe formasyonuyla t\u0131p ilmi ve hekimli\u011fe de yeni bir vizyon getirmeye \u00e7al\u0131\u015fm\u0131\u015ft\u0131r. \u201c\u0130yi bir tabibin filozof olmas\u0131 gerekti\u011fi\u201d \u015feklinde, hakk\u0131nda m\u00fcstakil risale de kaleme ald\u0131\u011f\u0131 iddias\u0131, fizik ve fizik \u00f6tesi ara\u015ft\u0131rmay\u0131 birbirinin tamamlay\u0131c\u0131s\u0131 olarak g\u00f6rd\u00fc\u011f\u00fcn\u00fcn bir g\u00f6stergesi olarak kabul edilebilir. Galenos, bu iki ve\u00e7heye son olarak ahlak\u0131 da ekler. Ona g\u00f6re filozof ve tabip, ayn\u0131 zamanda erdemli de olmal\u0131d\u0131r. Duygulan\u0131mlar\u0131na yenik d\u00fc\u015fmeyen ve kontroll\u00fc bir filozof ve tabip, Galenos\u2019un ideal insan\u0131 gibi g\u00f6r\u00fcnmektedir. Nitekim terc\u00fcmesini sundu\u011fumuz bu risalede de asl\u0131nda bu ideali kendi hayat\u0131nda nas\u0131l ger\u00e7ekle\u015fti\u011finin ipu\u00e7lar\u0131n\u0131 vermekte, tabiri caizse kendisinin s\u00f6z konusu ideal insan olarak g\u00f6r\u00fclebilece\u011finin i\u015faretlerini sunmaktad\u0131r.<\/p>\n","protected":false},"excerpt":{"rendered":"<p>Galenos, t\u0131p ilmi ve tabip kimli\u011fiyle felsefeye yeni bir yakla\u015f\u0131m geli\u015ftirmeye \u00e7al\u0131\u015fmas\u0131 yan\u0131nda, di\u011fer yandan felsefe formasyonuyla t\u0131p ilmi ve hekimli\u011fe de yeni bir vizyon getirmeye<span class=\"excerpt-hellip\"> [\u2026]<\/span><\/p>\n","protected":false},"featured_media":0,"template":"","meta":{"_monsterinsights_skip_tracking":false,"_monsterinsights_sitenote_active":false,"_monsterinsights_sitenote_note":"","_monsterinsights_sitenote_category":0},"product_brand":[],"product_cat":[13005,38128],"product_tag":[],"class_list":{"0":"post-747280","1":"product","2":"type-product","3":"status-publish","5":"product_cat-bilim-muhendislik","6":"product_cat-tip-bilimleri","7":"pa_cilt-ciltsiz","8":"pa_tur-kitap","9":"pa_yayinevi-albaraka-yayinlari","10":"pa_yazar-galenos","12":"first","13":"instock","14":"sale","15":"shipping-taxable","16":"purchasable","17":"product-type-simple"},"_links":{"self":[{"href":"https:\/\/roveyayinevi.com.tr\/index.php\/wp-json\/wp\/v2\/product\/747280","targetHints":{"allow":["GET"]}}],"collection":[{"href":"https:\/\/roveyayinevi.com.tr\/index.php\/wp-json\/wp\/v2\/product"}],"about":[{"href":"https:\/\/roveyayinevi.com.tr\/index.php\/wp-json\/wp\/v2\/types\/product"}],"wp:attachment":[{"href":"https:\/\/roveyayinevi.com.tr\/index.php\/wp-json\/wp\/v2\/media?parent=747280"}],"wp:term":[{"taxonomy":"product_brand","embeddable":true,"href":"https:\/\/roveyayinevi.com.tr\/index.php\/wp-json\/wp\/v2\/product_brand?post=747280"},{"taxonomy":"product_cat","embeddable":true,"href":"https:\/\/roveyayinevi.com.tr\/index.php\/wp-json\/wp\/v2\/product_cat?post=747280"},{"taxonomy":"product_tag","embeddable":true,"href":"https:\/\/roveyayinevi.com.tr\/index.php\/wp-json\/wp\/v2\/product_tag?post=747280"}],"curies":[{"name":"wp","href":"https:\/\/api.w.org\/{rel}","templated":true}]}}