{"id":747279,"date":"2025-08-28T03:02:50","date_gmt":"2025-08-28T00:02:50","guid":{"rendered":"https:\/\/roveyayinevi.com.tr\/index.php\/urun\/islamda-klasik-sonrasi-felsefenin-tesekkulu\/"},"modified":"2026-04-16T02:59:55","modified_gmt":"2026-04-15T23:59:55","slug":"islamda-klasik-sonrasi-felsefenin-tesekkulu","status":"publish","type":"product","link":"https:\/\/roveyayinevi.com.tr\/index.php\/urun\/islamda-klasik-sonrasi-felsefenin-tesekkulu\/","title":{"rendered":"\u0130slam\u2019da Klasik-Sonras\u0131 Felsefenin Te\u015fekk\u00fcl\u00fc"},"content":{"rendered":"<p>\u0130slam\u2019 da Klasik-Sonras\u0131 Felsefenin Te\u015fekk\u00fcl\u00fc, 12. y\u00fczy\u0131lda \u0130slam\u2019daki felsefi s\u00f6ylemin yeniden \u015fekillenmesine yol a\u00e7an de\u011fi\u015fiklikleri ele alan kapsaml\u0131 bir \u00e7al\u0131\u015fmad\u0131r. Yazara g\u00f6re, daha \u00f6nceki Bat\u0131l\u0131 akademisyenler, \u0130slam\u2019\u0131n Yunan felsefe gelene\u011fiyle ili\u015fkisinin 12. y\u00fczy\u0131lda sona erdi\u011fini iddia ediyorlard\u0131. Son d\u00f6nemlerde yap\u0131lan daha g\u00fcncel analizler ise M\u00fcsl\u00fcman d\u00fc\u015f\u00fcn\u00fcrlerin Yunan d\u00fc\u015f\u00fcncesini Kel\u00e2m\u2019a entegre ettiklerini \u00f6ne s\u00fcrd\u00fcler. Frank Griffel, bu yeni g\u00f6r\u00fc\u015f\u00fcn de kilit \u00f6nemde bir noktay\u0131 g\u00f6zden ka\u00e7\u0131rd\u0131\u011f\u0131n\u0131 savunmaktad\u0131r. Ona g\u00f6re, Yunan d\u00fc\u015f\u00fcncesinin Kel\u00e2m\u2019a entegre edilmesine ek olarak M\u00fcsl\u00fcman kel\u00e2mc\u0131lar \u0130slam\u2019da klasik felsefe (felasife) s\u00f6ylemini benimsemi\u015f ve Platon, Aristoteles ve \u0130bn S\u00een\u00e2 gelene\u011finde eserler vermeye ba\u015flam\u0131\u015flard\u0131r. Frank Griffel, bu ola\u011fan\u00fcst\u00fc geni\u015flik ve derinlikteki \u00e7al\u0131\u015fmas\u0131nda, 12. y\u00fczy\u0131lda Irak, \u0130ran ve Orta Asya\u2019da felsefenin ayr\u0131nt\u0131l\u0131 bir tarihini sunmaktad\u0131r. Eser, felsefe tarihi veya \u0130slam tarihi ve felsefesiyle ilgilenen herkes i\u00e7in vazge\u00e7ilmez bir kaynak olacakt\u0131r.<\/p>\n","protected":false},"excerpt":{"rendered":"<p>\u0130slam\u2019 da Klasik-Sonras\u0131 Felsefenin Te\u015fekk\u00fcl\u00fc, 12. y\u00fczy\u0131lda \u0130slam\u2019daki felsefi s\u00f6ylemin yeniden \u015fekillenmesine yol a\u00e7an de\u011fi\u015fiklikleri ele alan kapsaml\u0131 bir \u00e7al\u0131\u015fmad\u0131r. Yazara g\u00f6re, daha \u00f6nceki Bat\u0131l\u0131 akademisyenler,<span class=\"excerpt-hellip\"> [\u2026]<\/span><\/p>\n","protected":false},"featured_media":0,"template":"","meta":{"_monsterinsights_skip_tracking":false,"_monsterinsights_sitenote_active":false,"_monsterinsights_sitenote_note":"","_monsterinsights_sitenote_category":0},"product_brand":[],"product_cat":[12388],"product_tag":[],"class_list":{"0":"post-747279","1":"product","2":"type-product","3":"status-publish","5":"product_cat-felsefe","6":"pa_cilt-ciltsiz","7":"pa_tur-kitap","8":"pa_yayinevi-albaraka-yayinlari","9":"pa_yazar-frank-griffel","11":"first","12":"instock","13":"sale","14":"shipping-taxable","15":"purchasable","16":"product-type-simple"},"_links":{"self":[{"href":"https:\/\/roveyayinevi.com.tr\/index.php\/wp-json\/wp\/v2\/product\/747279","targetHints":{"allow":["GET"]}}],"collection":[{"href":"https:\/\/roveyayinevi.com.tr\/index.php\/wp-json\/wp\/v2\/product"}],"about":[{"href":"https:\/\/roveyayinevi.com.tr\/index.php\/wp-json\/wp\/v2\/types\/product"}],"wp:attachment":[{"href":"https:\/\/roveyayinevi.com.tr\/index.php\/wp-json\/wp\/v2\/media?parent=747279"}],"wp:term":[{"taxonomy":"product_brand","embeddable":true,"href":"https:\/\/roveyayinevi.com.tr\/index.php\/wp-json\/wp\/v2\/product_brand?post=747279"},{"taxonomy":"product_cat","embeddable":true,"href":"https:\/\/roveyayinevi.com.tr\/index.php\/wp-json\/wp\/v2\/product_cat?post=747279"},{"taxonomy":"product_tag","embeddable":true,"href":"https:\/\/roveyayinevi.com.tr\/index.php\/wp-json\/wp\/v2\/product_tag?post=747279"}],"curies":[{"name":"wp","href":"https:\/\/api.w.org\/{rel}","templated":true}]}}