{"id":747273,"date":"2025-08-28T03:02:44","date_gmt":"2025-08-28T00:02:44","guid":{"rendered":"https:\/\/roveyayinevi.com.tr\/index.php\/urun\/galenos-kitabi\/"},"modified":"2026-04-16T02:59:55","modified_gmt":"2026-04-15T23:59:55","slug":"galenos-kitabi","status":"publish","type":"product","link":"https:\/\/roveyayinevi.com.tr\/index.php\/urun\/galenos-kitabi\/","title":{"rendered":"Galenos Kitab\u0131"},"content":{"rendered":"<p>Galenos, t\u0131p teorisini ve prati\u011fini 1500 y\u0131ldan fazla bir s\u00fcre boyunca etkileyecek olan, ge\u00e7 antik \u00e7a\u011f\u0131n en etkili hekimiydi. Anatomi, fizyoloji, te\u015fhis ve prognoz, nab\u0131z doktrini, farmakoloji, tedaviler ve t\u0131p teorisi konular\u0131nda \u00fcretken bir yazard\u0131; ancak ayn\u0131 zamanda felsefi konularda da kapsaml\u0131 eserler verdi, mant\u0131k ve bilim felsefesine \u00f6zg\u00fcn katk\u0131larda bulundu ve bilimsel bir epistemolojinin ana hatlar\u0131n\u0131 \u00e7izdi. Di\u011fer taraftan, g\u00fc\u00e7l\u00fc bir tart\u0131\u015fmac\u0131yd\u0131; zaman\u0131n\u0131n t\u0131p okullar\u0131 aras\u0131ndaki doktrin tart\u0131\u015fmalar\u0131na derinden dahil oldu. Bu kitap, Galenos\u2019un ki\u015fili\u011fiyle birlikte t\u00fcm bu alanlardaki ba\u015far\u0131s\u0131na bir giri\u015f ve genel bir bak\u0131\u015f sunarken, ayn\u0131 zamanda bu ba\u015far\u0131y\u0131 son otuz y\u0131lda Galenos ara\u015ft\u0131rmalar\u0131nda kaydedilen ilerlemeler \u0131\u015f\u0131\u011f\u0131nda de\u011ferlendirmeyi ama\u00e7lamaktad\u0131r.<\/p>\n","protected":false},"excerpt":{"rendered":"<p>Galenos, t\u0131p teorisini ve prati\u011fini 1500 y\u0131ldan fazla bir s\u00fcre boyunca etkileyecek olan, ge\u00e7 antik \u00e7a\u011f\u0131n en etkili hekimiydi. Anatomi, fizyoloji, te\u015fhis ve prognoz, nab\u0131z doktrini,<span class=\"excerpt-hellip\"> [\u2026]<\/span><\/p>\n","protected":false},"featured_media":0,"template":"","meta":{"_monsterinsights_skip_tracking":false,"_monsterinsights_sitenote_active":false,"_monsterinsights_sitenote_note":"","_monsterinsights_sitenote_category":0},"product_brand":[],"product_cat":[13005,37328],"product_tag":[],"class_list":{"0":"post-747273","1":"product","2":"type-product","3":"status-publish","5":"product_cat-bilim-muhendislik","6":"product_cat-diger-bilim-muhendislik","7":"pa_cilt-ciltsiz","8":"pa_tur-kitap","9":"pa_yayinevi-albaraka-yayinlari","10":"pa_yazar-r-j-hankinson","12":"first","13":"instock","14":"sale","15":"shipping-taxable","16":"purchasable","17":"product-type-simple"},"_links":{"self":[{"href":"https:\/\/roveyayinevi.com.tr\/index.php\/wp-json\/wp\/v2\/product\/747273","targetHints":{"allow":["GET"]}}],"collection":[{"href":"https:\/\/roveyayinevi.com.tr\/index.php\/wp-json\/wp\/v2\/product"}],"about":[{"href":"https:\/\/roveyayinevi.com.tr\/index.php\/wp-json\/wp\/v2\/types\/product"}],"wp:attachment":[{"href":"https:\/\/roveyayinevi.com.tr\/index.php\/wp-json\/wp\/v2\/media?parent=747273"}],"wp:term":[{"taxonomy":"product_brand","embeddable":true,"href":"https:\/\/roveyayinevi.com.tr\/index.php\/wp-json\/wp\/v2\/product_brand?post=747273"},{"taxonomy":"product_cat","embeddable":true,"href":"https:\/\/roveyayinevi.com.tr\/index.php\/wp-json\/wp\/v2\/product_cat?post=747273"},{"taxonomy":"product_tag","embeddable":true,"href":"https:\/\/roveyayinevi.com.tr\/index.php\/wp-json\/wp\/v2\/product_tag?post=747273"}],"curies":[{"name":"wp","href":"https:\/\/api.w.org\/{rel}","templated":true}]}}