{"id":747272,"date":"2025-08-28T03:02:43","date_gmt":"2025-08-28T00:02:43","guid":{"rendered":"https:\/\/roveyayinevi.com.tr\/index.php\/urun\/kudus-vahiyle-kutsanan-sehir-ciltli\/"},"modified":"2026-04-16T02:59:55","modified_gmt":"2026-04-15T23:59:55","slug":"kudus-vahiyle-kutsanan-sehir-ciltli","status":"publish","type":"product","link":"https:\/\/roveyayinevi.com.tr\/index.php\/urun\/kudus-vahiyle-kutsanan-sehir-ciltli\/","title":{"rendered":"Kud\u00fcs: Vahiyle Kutsanan \u015eehir (Ciltli)"},"content":{"rendered":"<p>Kud\u00fcs, bilinen en eski tarihinden itibaren \u201ckutsal\u201d kabul edilmi\u015f, biny\u0131llar ge\u00e7se de bu konumunu hi\u00e7 kaybetmemi\u015ftir. Peygamberlerle birlikte vahiy kentine d\u00f6n\u00fc\u015fen \u015fehrin kutsiyeti bu s\u00fcre\u00e7le birlikte farkl\u0131 bir boyut kazanm\u0131\u015ft\u0131r. Hz. \u00c2dem burada mescit in\u015fa etmi\u015f, Tufan\u2019dan sonra Hz. Nuh\u2019un torunlar\u0131 tevhit mesaj\u0131n\u0131 buradan yaym\u0131\u015ft\u0131r. G\u00fcn\u00fcm\u00fczde, yery\u00fcz\u00fcndeki her 5 ki\u015fiden 3\u2019\u00fc bu \u015fehri kutsal kabul etmektedir. Peygamber kokulu \u015fehrin ilahi huzura y\u00fckselmek i\u00e7in bir yery\u00fcz\u00fc basama\u011f\u0131 oldu\u011funu b\u00fct\u00fcn semavi dinler kabul etmektedir. Yahudiler, Kud\u00fcs\u2019\u00fc \u201cTanr\u0131\u2019n\u0131n \u015fehri\u201d olarak isimlendirir. Hz. Davud zaman\u0131nda fethedilen \u015fehirde Hz. S\u00fcleyman mabet yapm\u0131\u015f, sonraki peygamberler de bu m\u00fcbarek \u015fehri \u00f6vm\u00fc\u015ft\u00fcr. Babil s\u00fcrg\u00fcn\u00fcyle Yahudilerin umutlar\u0131n\u0131 canl\u0131 tutan mefkure, \u201cbir g\u00fcn Kud\u00fcs\u2019e geri d\u00f6nme arzusu\u201d olmu\u015ftur. Hz. \u0130sa\u2019n\u0131n \u00e7ilelerine sahne olmas\u0131 bak\u0131m\u0131ndan erken d\u00f6nem Hristiyanl\u0131kta \u015fehre mesafeli yakla\u015f\u0131lsa da IV. y\u00fczy\u0131ldan itibaren itibar\u0131na kavu\u015fan Kud\u00fcs, Hristiyan d\u00fcnyas\u0131n\u0131n da k\u0131blesi ve hac mek\u00e2n\u0131 olmu\u015ftur. \u0130slam\u2019\u0131n da \u201cilk k\u0131blesi\u201d Kud\u00fcs\u2019t\u00fcr. Yeni dinin do\u011fu\u015fundan itibaren Kud\u00fcs\u2019e y\u00f6nelerek namaz k\u0131lmaya ba\u015flayan M\u00fcsl\u00fcmanlar, \u015fehri on be\u015f seneye yak\u0131n k\u0131ble edinmi\u015flerdir. N\u00fcb\u00fcvvet zincirinin son halkas\u0131 olan Hz. Muhammed\u2019in (sav) isr\u00e2 ve mi\u2018rac mucizelerine \u015fahitlik eden \u015fehre Kur\u2019an\u2019da yetmi\u015ften fazla ayette at\u0131f vard\u0131r. Hadis ve siyer kaynaklar\u0131nda ise Kud\u00fcs\u2019e dair pek \u00e7ok detay bulunmaktad\u0131r. Hz. \u00d6mer zaman\u0131nda fethedilen Kud\u00fcs, as\u0131rlar boyunca M\u00fcsl\u00fcman y\u00f6netiminde M\u00fcsl\u00fcmanlarla birlikte gayrim\u00fcslimlerin de rahat\u00e7a ya\u015fad\u0131\u011f\u0131, ad\u0131 gibi \u201cselamet ve huzur \u015fehri\u201d olmu\u015f, cihana h\u00fckmeden sultanlar kendilerini Kud\u00fcs\u2019\u00fcn hizmetk\u00e2r\u0131 g\u00f6rm\u00fc\u015f; alimler ve arifler Kud\u00fcs\u2019\u00fcn bereketini solumu\u015flard\u0131r.<\/p>\n","protected":false},"excerpt":{"rendered":"<p>Kud\u00fcs, bilinen en eski tarihinden itibaren \u201ckutsal\u201d kabul edilmi\u015f, biny\u0131llar ge\u00e7se de bu konumunu hi\u00e7 kaybetmemi\u015ftir. Peygamberlerle birlikte vahiy kentine d\u00f6n\u00fc\u015fen \u015fehrin kutsiyeti bu s\u00fcre\u00e7le birlikte<span class=\"excerpt-hellip\"> [\u2026]<\/span><\/p>\n","protected":false},"featured_media":0,"template":"","meta":{"_monsterinsights_skip_tracking":false,"_monsterinsights_sitenote_active":false,"_monsterinsights_sitenote_note":"","_monsterinsights_sitenote_category":0},"product_brand":[],"product_cat":[12312,12304],"product_tag":[],"class_list":{"0":"post-747272","1":"product","2":"type-product","3":"status-publish","5":"product_cat-diger","6":"product_cat-tarih","7":"pa_cilt-ciltli","8":"pa_tur-kitap","9":"pa_yayinevi-albaraka-yayinlari","10":"pa_yazar-eldar-hasanoglu-nuh-arslantas","12":"first","13":"instock","14":"sale","15":"shipping-taxable","16":"purchasable","17":"product-type-simple"},"_links":{"self":[{"href":"https:\/\/roveyayinevi.com.tr\/index.php\/wp-json\/wp\/v2\/product\/747272","targetHints":{"allow":["GET"]}}],"collection":[{"href":"https:\/\/roveyayinevi.com.tr\/index.php\/wp-json\/wp\/v2\/product"}],"about":[{"href":"https:\/\/roveyayinevi.com.tr\/index.php\/wp-json\/wp\/v2\/types\/product"}],"wp:attachment":[{"href":"https:\/\/roveyayinevi.com.tr\/index.php\/wp-json\/wp\/v2\/media?parent=747272"}],"wp:term":[{"taxonomy":"product_brand","embeddable":true,"href":"https:\/\/roveyayinevi.com.tr\/index.php\/wp-json\/wp\/v2\/product_brand?post=747272"},{"taxonomy":"product_cat","embeddable":true,"href":"https:\/\/roveyayinevi.com.tr\/index.php\/wp-json\/wp\/v2\/product_cat?post=747272"},{"taxonomy":"product_tag","embeddable":true,"href":"https:\/\/roveyayinevi.com.tr\/index.php\/wp-json\/wp\/v2\/product_tag?post=747272"}],"curies":[{"name":"wp","href":"https:\/\/api.w.org\/{rel}","templated":true}]}}