{"id":747271,"date":"2025-08-28T03:02:42","date_gmt":"2025-08-28T00:02:42","guid":{"rendered":"https:\/\/roveyayinevi.com.tr\/index.php\/urun\/bir-baska-tarih-mumkun-muydu\/"},"modified":"2026-04-16T02:59:55","modified_gmt":"2026-04-15T23:59:55","slug":"bir-baska-tarih-mumkun-muydu","status":"publish","type":"product","link":"https:\/\/roveyayinevi.com.tr\/index.php\/urun\/bir-baska-tarih-mumkun-muydu\/","title":{"rendered":"Bir Ba\u015fka Tarih M\u00fcmk\u00fcn m\u00fcyd\u00fc?"},"content":{"rendered":"<p>\u201cTehcir miydi, soyk\u0131r\u0131m m\u0131yd\u0131?\u201d Yoksa 1915, yine yayg\u0131n resmi g\u00f6r\u00fc\u015f\u00fcn ileri s\u00fcrd\u00fc\u011f\u00fc gibi, bir \u201cmukatele\u201dden mi ibaretti? Yanl\u0131\u015f bir hayat\u0131 do\u011fru ya\u015faman\u0131n g\u00fc\u00e7l\u00fc\u011f\u00fcn\u00fc akla getiriyor bu sorular: Gecikmi\u015f bir soruya, kaybedilmi\u015f bir imk\u00e2na sadece tarihe de\u011fil bug\u00fcne de \u0131\u015f\u0131k verecek bir ba\u011flam kazand\u0131rmak da ayn\u0131 \u00f6l\u00e7\u00fcde zor. \u201cErmeni meselesi\u201dyle ilgili yaz\u0131lar\u0131n\u0131, s\u00f6yle\u015filerini ve de\u011finilerini bir araya getirdi\u011fimiz Masis K\u00fcrk\u00e7\u00fcgil bu zor i\u015fe giri\u015fiyor. Sadece 1915\u2019e de\u011fil, 1908\u2019de Ermeniler a\u00e7\u0131s\u0131ndan kaybedilmi\u015f ink\u0131lab\u0131n \u015fifrelerine ve \u201cunutulmak istenmi\u015f\u201d bir tarihe odaklan\u0131yor. Ge\u00e7mi\u015fe bug\u00fcn ya\u015fayanlar\u0131 da \u00f6zg\u00fcrle\u015ftirecek soruyu y\u00f6neltiyor: \u201cBir ba\u015fka tarih m\u00fcmk\u00fcn m\u00fcyd\u00fc?\u201d Tarihe Marksist bir bak\u0131\u015f a\u00e7\u0131s\u0131yla yakla\u015fan, y\u0131llard\u0131r sosyalist devrimci siyasetin i\u00e7inden birinin, ge\u00e7mi\u015fin bu b\u00fcy\u00fck olaylar dizgesine \u0131\u015f\u0131k tutan yaz\u0131lar\u0131n\u0131 okuyacaks\u0131n\u0131z bu kitapta. K\u00fcrk\u00e7\u00fcgil Ermeni siyasi partileri H\u0131n\u00e7aklar ve Ta\u015fnaklar\u0131n tarihsel ser\u00fcvenlerini, Ta\u015fnaklar\u0131n \u0130ttihat ve Terakki ile ili\u015fkilerini, 1908\u2019de \u0130ttihat\u00e7\u0131larla Ermeni \u00f6rg\u00fctleri aras\u0131nda kurulan ittifak\u0131n birka\u00e7 y\u0131l i\u00e7inde nas\u0131l berhava oldu\u011funu analiz ediyor. Ermeni meselesini Paramaz\u2019dan Manu\u015fyan\u2019a, Rakovski\u2019den Rosa Luxemburg\u2019a, Armen Garo\u2019dan Hagop Babigyan\u2019a, Talat Pa\u015fa\u2019dan Cemal Pa\u015fa\u2019ya ve nihayet Hrant Dink\u2019e uzanan geni\u015f bir tarihsellikte ve perspektifte irdeliyor. <\/p>\n","protected":false},"excerpt":{"rendered":"<p>\u201cTehcir miydi, soyk\u0131r\u0131m m\u0131yd\u0131?\u201d Yoksa 1915, yine yayg\u0131n resmi g\u00f6r\u00fc\u015f\u00fcn ileri s\u00fcrd\u00fc\u011f\u00fc gibi, bir \u201cmukatele\u201dden mi ibaretti? Yanl\u0131\u015f bir hayat\u0131 do\u011fru ya\u015faman\u0131n g\u00fc\u00e7l\u00fc\u011f\u00fcn\u00fc akla getiriyor bu<span class=\"excerpt-hellip\"> [\u2026]<\/span><\/p>\n","protected":false},"featured_media":0,"template":"","meta":{"_monsterinsights_skip_tracking":false,"_monsterinsights_sitenote_active":false,"_monsterinsights_sitenote_note":"","_monsterinsights_sitenote_category":0},"product_brand":[],"product_cat":[12370,12304],"product_tag":[],"class_list":{"0":"post-747271","1":"product","2":"type-product","3":"status-publish","5":"product_cat-arastirma-inceleme","6":"product_cat-tarih","7":"pa_cilt-ciltsiz","8":"pa_tur-kitap","9":"pa_yayinevi-ayrinti-yayinlari","10":"pa_yazar-masis-kurkcugil","12":"first","13":"instock","14":"sale","15":"shipping-taxable","16":"purchasable","17":"product-type-simple"},"_links":{"self":[{"href":"https:\/\/roveyayinevi.com.tr\/index.php\/wp-json\/wp\/v2\/product\/747271","targetHints":{"allow":["GET"]}}],"collection":[{"href":"https:\/\/roveyayinevi.com.tr\/index.php\/wp-json\/wp\/v2\/product"}],"about":[{"href":"https:\/\/roveyayinevi.com.tr\/index.php\/wp-json\/wp\/v2\/types\/product"}],"wp:attachment":[{"href":"https:\/\/roveyayinevi.com.tr\/index.php\/wp-json\/wp\/v2\/media?parent=747271"}],"wp:term":[{"taxonomy":"product_brand","embeddable":true,"href":"https:\/\/roveyayinevi.com.tr\/index.php\/wp-json\/wp\/v2\/product_brand?post=747271"},{"taxonomy":"product_cat","embeddable":true,"href":"https:\/\/roveyayinevi.com.tr\/index.php\/wp-json\/wp\/v2\/product_cat?post=747271"},{"taxonomy":"product_tag","embeddable":true,"href":"https:\/\/roveyayinevi.com.tr\/index.php\/wp-json\/wp\/v2\/product_tag?post=747271"}],"curies":[{"name":"wp","href":"https:\/\/api.w.org\/{rel}","templated":true}]}}