{"id":747269,"date":"2025-08-28T03:02:40","date_gmt":"2025-08-28T00:02:40","guid":{"rendered":"https:\/\/roveyayinevi.com.tr\/index.php\/urun\/ulas-yoldas\/"},"modified":"2026-04-16T02:59:55","modified_gmt":"2026-04-15T23:59:55","slug":"ulas-yoldas","status":"publish","type":"product","link":"https:\/\/roveyayinevi.com.tr\/index.php\/urun\/ulas-yoldas\/","title":{"rendered":"Ula\u015f Yolda\u015f"},"content":{"rendered":"<p>Bu kitap bir yolculu\u011fun hikayesidir&#8230; Bu yolculuksa, d\u00fcnyada ve T\u00fcrkiye\u2019de \u2018\u201968 Ku\u015fa\u011f\u0131\u2019\u2019 diye adland\u0131r\u0131lan ve bir\u00e7o\u011fu 12 Mart Darbesi \u00f6ncesinde ve sonras\u0131nda hapishanelerde, i\u015fkencehanelerde, da\u011flarda, \u00f6\u011frenci evlerinde, yurtlarda, k\u0131sacas\u0131 bulunduklar\u0131 her yerde \u00f6ld\u00fcr\u00fcld\u00fcler. \u0130\u015fte onlardan biri olan, Ula\u015f Bardak\u00e7\u0131\u2019n\u0131n \u00f6yk\u00fcs\u00fc bu&#8230; Rasih Ula\u015f Bardak\u00e7\u0131 1947 y\u0131l\u0131nda Nev\u015fehir\u2019in Hac\u0131 Bekta\u015f il\u00e7esi Ak\u00e7ata\u015f (Topay\u0131n) k\u00f6y\u00fcnde d\u00fcnyaya gelir, ilkokul, ortaokul ve liseyi Ankara\u2019da tamamlar. ODT\u00dc fizik b\u00f6l\u00fcm\u00fcne devam ederken d\u00f6nemin f\u0131rt\u0131nal\u0131 y\u0131llar\u0131nda kendisini olaylar\u0131n g\u00f6be\u011finde bulur&#8230; Deniz Gezmi\u015f, Yusuf Aslan ve H\u00fcseyin \u0130nan\u2019\u0131n serbest b\u0131rak\u0131lmas\u0131 i\u00e7in \u0130srail Ba\u015fkonsolosu Ephraim Elrom\u2019un ka\u00e7\u0131r\u0131lmas\u0131 eyleminde yer al\u0131r. 6 Ocak 1969\u2019da ABD\u2019nin Ankara B\u00fcy\u00fckel\u00e7isi Robert Komer\u2019in arabas\u0131n\u0131n yak\u0131lma eylemine kat\u0131l\u0131r. Ba\u015flat\u0131lan Balyoz Harekat\u0131\u2019nda yakalan\u0131r. Davalar\u0131 devam ederken 29 Kas\u0131m 1971 tarihinde THKP-C ve THKO\u2019lu arkada\u015flar\u0131 ile Maltepe Cezaevi\u2019nden firar eder.19  \u015eubat 1972 g\u00fcn\u00fc sabaha kar\u015f\u0131 Arnavutk\u00f6y \u00dcvez Sokak\u2019ta g\u00fcvenlik g\u00fc\u00e7leri ile girdi\u011fi \u00e7at\u0131\u015fmada \u00f6ld\u00fcrt\u00fcl\u00fcr&#8230; 19 \u015eubat 1972\u2019nin en \u00f6nemli tan\u0131\u011f\u0131 Lale Ar\u0131kdal, y\u0131llar sonra o \u00e7at\u0131\u015fmada evin i\u00e7inde neler oldu ve \u00e7at\u0131\u015fma sonras\u0131 neler ya\u015fand\u0131 onlar\u0131 anlatt\u0131&#8230; Kitab\u0131n yazar\u0131, Ula\u015f Bardak\u00e7\u0131\u2019y\u0131 ara\u015ft\u0131r\u0131rken \u00f6nceli\u011fi yaz tatillerini ge\u00e7ti\u011fi ve n\u00fcfusa kay\u0131tl\u0131 oldu\u011fudu\u011fu Hac\u0131 Bekta\u015f\u2019\u0131n Ak\u00e7ata\u015f (Topay\u0131n) k\u00f6y\u00fcne giderek amcas\u0131 Kaz\u0131m Bardak\u00e7\u0131, yengesi D\u00fcriye Ana ve kuzenleri ile, olaylar\u0131n di\u011fer tan\u0131klar\u0131n\u0131 bularak onlarla s\u00f6yle\u015filer yapar. D\u00f6neme ait dergi,  gazete ve kitaplar\u0131 tarayarak al\u0131nt\u0131lar yapar. D\u00f6nemin soru\u015fturma dosyalar\u0131 ve mahkeme tutanaklar\u0131n\u0131 tarar&#8230; Y\u0131llar sonra Ula\u015f Bardak\u00e7\u0131\u2019n\u0131n ailesiyle bulu\u015fan Lale Ar\u0131kdal, nas\u0131l yakarland\u0131, neler konu\u015ftular? Bu sorular\u0131n cevab\u0131n\u0131 bulacaks\u0131n\u0131z bu kitapta&#8230; <\/p>\n","protected":false},"excerpt":{"rendered":"<p>Bu kitap bir yolculu\u011fun hikayesidir&#8230; Bu yolculuksa, d\u00fcnyada ve T\u00fcrkiye\u2019de \u2018\u201968 Ku\u015fa\u011f\u0131\u2019\u2019 diye adland\u0131r\u0131lan ve bir\u00e7o\u011fu 12 Mart Darbesi \u00f6ncesinde ve sonras\u0131nda hapishanelerde, i\u015fkencehanelerde, da\u011flarda, \u00f6\u011frenci<span class=\"excerpt-hellip\"> [\u2026]<\/span><\/p>\n","protected":false},"featured_media":0,"template":"","meta":{"_monsterinsights_skip_tracking":false,"_monsterinsights_sitenote_active":false,"_monsterinsights_sitenote_note":"","_monsterinsights_sitenote_category":0},"product_brand":[],"product_cat":[14009,12291],"product_tag":[],"class_list":{"0":"post-747269","1":"product","2":"type-product","3":"status-publish","5":"product_cat-biyografi-otobiyografi-edebiyat","6":"product_cat-edebiyat","7":"pa_cilt-ciltsiz","8":"pa_tur-kitap","9":"pa_yayinevi-ayrinti-yayinlari","10":"pa_yazar-musa-kaplan","12":"first","13":"instock","14":"sale","15":"shipping-taxable","16":"purchasable","17":"product-type-simple"},"_links":{"self":[{"href":"https:\/\/roveyayinevi.com.tr\/index.php\/wp-json\/wp\/v2\/product\/747269","targetHints":{"allow":["GET"]}}],"collection":[{"href":"https:\/\/roveyayinevi.com.tr\/index.php\/wp-json\/wp\/v2\/product"}],"about":[{"href":"https:\/\/roveyayinevi.com.tr\/index.php\/wp-json\/wp\/v2\/types\/product"}],"wp:attachment":[{"href":"https:\/\/roveyayinevi.com.tr\/index.php\/wp-json\/wp\/v2\/media?parent=747269"}],"wp:term":[{"taxonomy":"product_brand","embeddable":true,"href":"https:\/\/roveyayinevi.com.tr\/index.php\/wp-json\/wp\/v2\/product_brand?post=747269"},{"taxonomy":"product_cat","embeddable":true,"href":"https:\/\/roveyayinevi.com.tr\/index.php\/wp-json\/wp\/v2\/product_cat?post=747269"},{"taxonomy":"product_tag","embeddable":true,"href":"https:\/\/roveyayinevi.com.tr\/index.php\/wp-json\/wp\/v2\/product_tag?post=747269"}],"curies":[{"name":"wp","href":"https:\/\/api.w.org\/{rel}","templated":true}]}}