{"id":747267,"date":"2025-08-28T03:02:38","date_gmt":"2025-08-28T00:02:38","guid":{"rendered":"https:\/\/roveyayinevi.com.tr\/index.php\/urun\/ilgi-arayisi\/"},"modified":"2026-04-08T03:06:38","modified_gmt":"2026-04-08T00:06:38","slug":"ilgi-arayisi","status":"publish","type":"product","link":"https:\/\/roveyayinevi.com.tr\/index.php\/urun\/ilgi-arayisi\/","title":{"rendered":"\u0130lgi Aray\u0131\u015f\u0131"},"content":{"rendered":"<p>Her \u015fey, neyi ilgi \u00e7ekici buldu\u011fumuza ba\u011fl\u0131d\u0131r (tabii e\u011fer ilgi \u00e7ekici buldu\u011fumuz bir \u015fey varsa) neyi ilgi \u00e7ekici bulmak \u00fczere e\u011fitildi\u011fimize ve te\u015fvik edildi\u011fimize, ayr\u0131ca kendimize ra\u011fmen kendimizi neyle ilgilenir halde buldu\u011fumuza ba\u011fl\u0131d\u0131r. \u0130ki anlamda da -yaln\u0131zca \u00e7ocukken de\u011fil, hayatlar\u0131m\u0131z boyunca- k\u0131smen dikkat \u00e7ekme aray\u0131\u015f\u0131nday\u0131z, bunun nedeni de ilgiyi ne i\u00e7in istedi\u011fimizin ve neye ilgi g\u00f6stermek istedi\u011fimizin her zaman net olmamas\u0131d\u0131r: Kendimizde ve kendimiz d\u0131\u015f\u0131nda neyin ilgiye muhta\u00e7 oldu\u011fu ve arad\u0131\u011f\u0131m\u0131z ilgiyi buldu\u011fumuzda bunun ne gibi sonu\u00e7lar do\u011furmas\u0131n\u0131 umdu\u011fumuz konusu belirsizlikler i\u00e7erir. Adam Phillips ilgi \u00e7ekici buldu\u011fumuz \u015feylerin, dikkat \u00e7ekme aray\u0131\u015f\u0131m\u0131z\u0131n kimli\u011fimizi ve ya\u015famlar\u0131m\u0131z\u0131 nas\u0131l \u015fekillendirdi\u011fini anlat\u0131yor. \u0130lginin, utan\u00e7 duygusuyla, benlikle ve dikkat da\u011f\u0131n\u0131kl\u0131\u011f\u0131yla aras\u0131ndaki ba\u011flant\u0131lara \u0131\u015f\u0131k tutuyor. Y\u00f6nlendirdi\u011fimiz veya y\u00f6nlendirmedi\u011fimiz ilgimizin kim oldu\u011fumuza veya kim olmad\u0131\u011f\u0131m\u0131za dair neler s\u00f6yledi\u011fini g\u00f6zler \u00f6n\u00fcne seriyor.) <\/p>\n","protected":false},"excerpt":{"rendered":"<p>Her \u015fey, neyi ilgi \u00e7ekici buldu\u011fumuza ba\u011fl\u0131d\u0131r (tabii e\u011fer ilgi \u00e7ekici buldu\u011fumuz bir \u015fey varsa) neyi ilgi \u00e7ekici bulmak \u00fczere e\u011fitildi\u011fimize ve te\u015fvik edildi\u011fimize, ayr\u0131ca kendimize<span class=\"excerpt-hellip\"> [\u2026]<\/span><\/p>\n","protected":false},"featured_media":0,"template":"","meta":{"_monsterinsights_skip_tracking":false,"_monsterinsights_sitenote_active":false,"_monsterinsights_sitenote_note":"","_monsterinsights_sitenote_category":0},"product_brand":[],"product_cat":[12364,12376],"product_tag":[],"class_list":{"0":"post-747267","1":"product","2":"type-product","3":"status-publish","5":"product_cat-genel-konular","6":"product_cat-kisisel-gelisim","7":"pa_cilt-ciltsiz","8":"pa_tur-kitap","9":"pa_yayinevi-ayrinti-yayinlari","10":"pa_yazar-adam-phillips","12":"first","13":"instock","14":"sale","15":"shipping-taxable","16":"purchasable","17":"product-type-simple"},"_links":{"self":[{"href":"https:\/\/roveyayinevi.com.tr\/index.php\/wp-json\/wp\/v2\/product\/747267","targetHints":{"allow":["GET"]}}],"collection":[{"href":"https:\/\/roveyayinevi.com.tr\/index.php\/wp-json\/wp\/v2\/product"}],"about":[{"href":"https:\/\/roveyayinevi.com.tr\/index.php\/wp-json\/wp\/v2\/types\/product"}],"wp:attachment":[{"href":"https:\/\/roveyayinevi.com.tr\/index.php\/wp-json\/wp\/v2\/media?parent=747267"}],"wp:term":[{"taxonomy":"product_brand","embeddable":true,"href":"https:\/\/roveyayinevi.com.tr\/index.php\/wp-json\/wp\/v2\/product_brand?post=747267"},{"taxonomy":"product_cat","embeddable":true,"href":"https:\/\/roveyayinevi.com.tr\/index.php\/wp-json\/wp\/v2\/product_cat?post=747267"},{"taxonomy":"product_tag","embeddable":true,"href":"https:\/\/roveyayinevi.com.tr\/index.php\/wp-json\/wp\/v2\/product_tag?post=747267"}],"curies":[{"name":"wp","href":"https:\/\/api.w.org\/{rel}","templated":true}]}}