{"id":747266,"date":"2025-08-28T03:02:36","date_gmt":"2025-08-28T00:02:36","guid":{"rendered":"https:\/\/roveyayinevi.com.tr\/index.php\/urun\/unlu-bilim-adamlarinin-hayatlari\/"},"modified":"2026-04-16T02:59:54","modified_gmt":"2026-04-15T23:59:54","slug":"unlu-bilim-adamlarinin-hayatlari","status":"publish","type":"product","link":"https:\/\/roveyayinevi.com.tr\/index.php\/urun\/unlu-bilim-adamlarinin-hayatlari\/","title":{"rendered":"\u00dcnl\u00fc Bilim Adamlar\u0131n\u0131n Hayatlar\u0131"},"content":{"rendered":"<p>Garfield, &#8220;\u0130nsanl\u0131k tarihinin hi\u00e7bir sayfas\u0131, se\u00e7kin insanlar\u0131n karakterini geli\u015ftiren ve hayatlar\u0131n\u0131 y\u00f6nlendiren bu erken etkilerin kayd\u0131 kadar \u00f6\u011fretici ve \u00f6nemli de\u011fildir&#8221; der. Bu metinler gen\u00e7li\u011fin zorluklar\u0131n\u0131, bazen yoksullu\u011fun, bazen hastal\u0131klar\u0131n nas\u0131l a\u015f\u0131ld\u0131\u011f\u0131n\u0131 g\u00f6steriyor; bir de bu insanlar\u0131n ger\u00e7ek mesleklerini bulmadan \u00f6nce nas\u0131l ba\u015far\u0131s\u0131zl\u0131klar ya\u015fad\u0131klar\u0131n\u0131\u2026 Onlar\u0131n hikayelerinde enerji, azim ve yorulmak bilmez ba\u011fl\u0131l\u0131\u011f\u0131n sonu\u00e7lar\u0131n\u0131 g\u00f6r\u00fcyoruz. Agassiz&#8217;inki gibi ne\u015feli bir y\u00fcz ve umut dolu bir ruh ya da Darwin&#8217;inki gibi yumu\u015fak ve \u015fefkatli bir tabiat, muhalefetin \u00fcstesinden nas\u0131l gelebilir, bunu g\u00f6r\u00fcyoruz. Nitekim bu kitaptaki hayat hikayeleri, ba\u015fka pek \u00e7ok kaynakta yer almaktad\u0131r. Bizim amac\u0131m\u0131z hayat hikayelerini anlatman\u0131n biraz d\u0131\u015f\u0131nda ve \u00f6tesinde. <\/p>\n","protected":false},"excerpt":{"rendered":"<p>Garfield, &#8220;\u0130nsanl\u0131k tarihinin hi\u00e7bir sayfas\u0131, se\u00e7kin insanlar\u0131n karakterini geli\u015ftiren ve hayatlar\u0131n\u0131 y\u00f6nlendiren bu erken etkilerin kayd\u0131 kadar \u00f6\u011fretici ve \u00f6nemli de\u011fildir&#8221; der. Bu metinler gen\u00e7li\u011fin zorluklar\u0131n\u0131,<span class=\"excerpt-hellip\"> [\u2026]<\/span><\/p>\n","protected":false},"featured_media":0,"template":"","meta":{"_monsterinsights_skip_tracking":false,"_monsterinsights_sitenote_active":false,"_monsterinsights_sitenote_note":"","_monsterinsights_sitenote_category":0},"product_brand":[],"product_cat":[14009,12291],"product_tag":[],"class_list":{"0":"post-747266","1":"product","2":"type-product","3":"status-publish","5":"product_cat-biyografi-otobiyografi-edebiyat","6":"product_cat-edebiyat","7":"pa_cilt-ciltsiz","8":"pa_tur-kitap","9":"pa_yayinevi-kirmizi-ada-yayinlari","10":"pa_yazar-sarah-k-bolton","12":"first","13":"instock","14":"sale","15":"shipping-taxable","16":"purchasable","17":"product-type-simple"},"_links":{"self":[{"href":"https:\/\/roveyayinevi.com.tr\/index.php\/wp-json\/wp\/v2\/product\/747266","targetHints":{"allow":["GET"]}}],"collection":[{"href":"https:\/\/roveyayinevi.com.tr\/index.php\/wp-json\/wp\/v2\/product"}],"about":[{"href":"https:\/\/roveyayinevi.com.tr\/index.php\/wp-json\/wp\/v2\/types\/product"}],"wp:attachment":[{"href":"https:\/\/roveyayinevi.com.tr\/index.php\/wp-json\/wp\/v2\/media?parent=747266"}],"wp:term":[{"taxonomy":"product_brand","embeddable":true,"href":"https:\/\/roveyayinevi.com.tr\/index.php\/wp-json\/wp\/v2\/product_brand?post=747266"},{"taxonomy":"product_cat","embeddable":true,"href":"https:\/\/roveyayinevi.com.tr\/index.php\/wp-json\/wp\/v2\/product_cat?post=747266"},{"taxonomy":"product_tag","embeddable":true,"href":"https:\/\/roveyayinevi.com.tr\/index.php\/wp-json\/wp\/v2\/product_tag?post=747266"}],"curies":[{"name":"wp","href":"https:\/\/api.w.org\/{rel}","templated":true}]}}