{"id":747259,"date":"2025-08-28T03:02:28","date_gmt":"2025-08-28T00:02:28","guid":{"rendered":"https:\/\/roveyayinevi.com.tr\/index.php\/urun\/toplumsal-boyutlariyla-rekreasyon-ve-spor\/"},"modified":"2026-04-16T02:59:54","modified_gmt":"2026-04-15T23:59:54","slug":"toplumsal-boyutlariyla-rekreasyon-ve-spor","status":"publish","type":"product","link":"https:\/\/roveyayinevi.com.tr\/index.php\/urun\/toplumsal-boyutlariyla-rekreasyon-ve-spor\/","title":{"rendered":"Toplumsal Boyutlar\u0131yla Rekreasyon ve Spor"},"content":{"rendered":"<p>B\u00d6L\u00dcM 1 REKREASYON: PRAGMAT\u0130K PARAD\u0130GMA \u0130LE DE\u011eERLEND\u0130RME   B\u00d6L\u00dcM 2 ENGELL\u0130LERDE SPORUN REHAB\u0130L\u0130TASYON VE SOSYALLE\u015eME ARACI OLARAK KULLANIMI   B\u00d6L\u00dcM 3 ENGELL\u0130 B\u0130REYLER\u0130N SERBEST ZAMAN AKT\u0130V\u0130TELER\u0130N\u0130 ETK\u0130LEYEN FAKT\u00d6RLER   B\u00d6L\u00dcM 4 METAVERSE ve SPOR   B\u00d6L\u00dcM 5 KAVRAMSAL A\u00c7IDAN SPOR VE REKREASYON   B\u00d6L\u00dcM 6 TOPLUMSAL TABAKALA\u015eMA KAVRAMI VE SPORA YANSIMASI B\u00d6L\u00dcM 7 YEREL Y\u00d6NET\u0130MLER VE SPOR B\u00d6L\u00dcM 8 YEREL Y\u00d6NET\u0130M B\u0130R\u0130MLER\u0130NDEN BELED\u0130YELER\u0130N REKREAT\u0130F H\u0130ZMET VE FAAL\u0130YETLER\u0130  <\/p>\n","protected":false},"excerpt":{"rendered":"<p>B\u00d6L\u00dcM 1 REKREASYON: PRAGMAT\u0130K PARAD\u0130GMA \u0130LE DE\u011eERLEND\u0130RME B\u00d6L\u00dcM 2 ENGELL\u0130LERDE SPORUN REHAB\u0130L\u0130TASYON VE SOSYALLE\u015eME ARACI OLARAK KULLANIMI B\u00d6L\u00dcM 3 ENGELL\u0130 B\u0130REYLER\u0130N SERBEST ZAMAN AKT\u0130V\u0130TELER\u0130N\u0130 ETK\u0130LEYEN FAKT\u00d6RLER<span class=\"excerpt-hellip\"> [\u2026]<\/span><\/p>\n","protected":false},"featured_media":0,"template":"","meta":{"_monsterinsights_skip_tracking":false,"_monsterinsights_sitenote_active":false,"_monsterinsights_sitenote_note":"","_monsterinsights_sitenote_category":0},"product_brand":[],"product_cat":[15563,15564],"product_tag":[],"class_list":{"0":"post-747259","1":"product","2":"type-product","3":"status-publish","5":"product_cat-hobi","6":"product_cat-spor","7":"pa_cilt-ciltsiz","8":"pa_tur-kitap","9":"pa_yayinevi-gazi-kitabevi","10":"pa_yazar-yusuf-barsbuga","12":"first","13":"instock","14":"sale","15":"shipping-taxable","16":"purchasable","17":"product-type-simple"},"_links":{"self":[{"href":"https:\/\/roveyayinevi.com.tr\/index.php\/wp-json\/wp\/v2\/product\/747259","targetHints":{"allow":["GET"]}}],"collection":[{"href":"https:\/\/roveyayinevi.com.tr\/index.php\/wp-json\/wp\/v2\/product"}],"about":[{"href":"https:\/\/roveyayinevi.com.tr\/index.php\/wp-json\/wp\/v2\/types\/product"}],"wp:attachment":[{"href":"https:\/\/roveyayinevi.com.tr\/index.php\/wp-json\/wp\/v2\/media?parent=747259"}],"wp:term":[{"taxonomy":"product_brand","embeddable":true,"href":"https:\/\/roveyayinevi.com.tr\/index.php\/wp-json\/wp\/v2\/product_brand?post=747259"},{"taxonomy":"product_cat","embeddable":true,"href":"https:\/\/roveyayinevi.com.tr\/index.php\/wp-json\/wp\/v2\/product_cat?post=747259"},{"taxonomy":"product_tag","embeddable":true,"href":"https:\/\/roveyayinevi.com.tr\/index.php\/wp-json\/wp\/v2\/product_tag?post=747259"}],"curies":[{"name":"wp","href":"https:\/\/api.w.org\/{rel}","templated":true}]}}