{"id":747258,"date":"2025-08-28T03:02:27","date_gmt":"2025-08-28T00:02:27","guid":{"rendered":"https:\/\/roveyayinevi.com.tr\/index.php\/urun\/akiskan-yataklar\/"},"modified":"2026-04-16T02:59:54","modified_gmt":"2026-04-15T23:59:54","slug":"akiskan-yataklar","status":"publish","type":"product","link":"https:\/\/roveyayinevi.com.tr\/index.php\/urun\/akiskan-yataklar\/","title":{"rendered":"Ak\u0131\u015fkan Yataklar"},"content":{"rendered":"<p>1.      AKI\u015eKANLA\u015eMANIN ESASLARI 2.      AKI\u015eKAN YATAK S\u0130STEM\u0130N\u0130N TEMEL UNSURLARI 3.      AKI\u015eKAN YATAKTA KABARCIK FAZI 4.      AKI\u015eKAN YATAKTA EM\u00dcLS\u0130YON FAZI 5.      AKI\u015eKAN YATAKTA GAZLARIN FAZLAR ARASI DE\u011e\u0130\u015e\u0130M\u0130 6.      AKI\u015eKAN YATAKTA ISI TRANSFER\u0130 7.      AKI\u015eKAN YATAKTA K\u00dcTLE TRANSFER\u0130 8.      AKI\u015eKAN YATAKTA K\u0130MYASAL REAKS\u0130YONLAR 9.      AKI\u015eKAN YATAK UYGULAMALARI 10.  S\u0130RK\u00dcLASYONLU AKI\u015eKAN YATAK <\/p>\n","protected":false},"excerpt":{"rendered":"<p>1. AKI\u015eKANLA\u015eMANIN ESASLARI 2. AKI\u015eKAN YATAK S\u0130STEM\u0130N\u0130N TEMEL UNSURLARI 3. AKI\u015eKAN YATAKTA KABARCIK FAZI 4. AKI\u015eKAN YATAKTA EM\u00dcLS\u0130YON FAZI 5. AKI\u015eKAN YATAKTA GAZLARIN FAZLAR ARASI DE\u011e\u0130\u015e\u0130M\u0130<span class=\"excerpt-hellip\"> [\u2026]<\/span><\/p>\n","protected":false},"featured_media":0,"template":"","meta":{"_monsterinsights_skip_tracking":false,"_monsterinsights_sitenote_active":false,"_monsterinsights_sitenote_note":"","_monsterinsights_sitenote_category":0},"product_brand":[],"product_cat":[12573,12566],"product_tag":[],"class_list":{"0":"post-747258","1":"product","2":"type-product","3":"status-publish","5":"product_cat-akademik-kitaplar","6":"product_cat-egitim","7":"pa_cilt-ciltsiz","8":"pa_tur-kitap","9":"pa_yayinevi-gazi-kitabevi","10":"pa_yazar-bekir-zuhtu-uysal-duygu-uysal","12":"first","13":"instock","14":"sale","15":"shipping-taxable","16":"purchasable","17":"product-type-simple"},"_links":{"self":[{"href":"https:\/\/roveyayinevi.com.tr\/index.php\/wp-json\/wp\/v2\/product\/747258","targetHints":{"allow":["GET"]}}],"collection":[{"href":"https:\/\/roveyayinevi.com.tr\/index.php\/wp-json\/wp\/v2\/product"}],"about":[{"href":"https:\/\/roveyayinevi.com.tr\/index.php\/wp-json\/wp\/v2\/types\/product"}],"wp:attachment":[{"href":"https:\/\/roveyayinevi.com.tr\/index.php\/wp-json\/wp\/v2\/media?parent=747258"}],"wp:term":[{"taxonomy":"product_brand","embeddable":true,"href":"https:\/\/roveyayinevi.com.tr\/index.php\/wp-json\/wp\/v2\/product_brand?post=747258"},{"taxonomy":"product_cat","embeddable":true,"href":"https:\/\/roveyayinevi.com.tr\/index.php\/wp-json\/wp\/v2\/product_cat?post=747258"},{"taxonomy":"product_tag","embeddable":true,"href":"https:\/\/roveyayinevi.com.tr\/index.php\/wp-json\/wp\/v2\/product_tag?post=747258"}],"curies":[{"name":"wp","href":"https:\/\/api.w.org\/{rel}","templated":true}]}}