{"id":747257,"date":"2025-08-28T03:02:26","date_gmt":"2025-08-28T00:02:26","guid":{"rendered":"https:\/\/roveyayinevi.com.tr\/index.php\/urun\/ticaretin-kolaylastirilmasinin-turkiyenin-dis-ticaret-akimlarina-etkisi-panel-veri-analizi\/"},"modified":"2026-04-16T02:59:54","modified_gmt":"2026-04-15T23:59:54","slug":"ticaretin-kolaylastirilmasinin-turkiyenin-dis-ticaret-akimlarina-etkisi-panel-veri-analizi","status":"publish","type":"product","link":"https:\/\/roveyayinevi.com.tr\/index.php\/urun\/ticaretin-kolaylastirilmasinin-turkiyenin-dis-ticaret-akimlarina-etkisi-panel-veri-analizi\/","title":{"rendered":"Ticaretin Kolayla\u015ft\u0131r\u0131lmas\u0131n\u0131n T\u00fcrkiye&#8217;nin D\u0131\u015f Ticaret Ak\u0131mlar\u0131na Etkisi: Panel Veri Analizi"},"content":{"rendered":"<p>1.      ULUSLARARASI T\u0130CARET TEOR\u0130LER\u0130NE GENEL BAKI\u015e   2.      T\u0130CARET\u0130N KOLAYLA\u015eTIRILMASI   3.      DI\u015e T\u0130CARET AKIMLARININ D\u00dcNYA\u2019DA VE T\u00dcRK\u0130YE\u2019DE GEL\u0130\u015e\u0130M\u0130   4.      AMP\u0130R\u0130K ANAL\u0130Z <\/p>\n","protected":false},"excerpt":{"rendered":"<p>1. ULUSLARARASI T\u0130CARET TEOR\u0130LER\u0130NE GENEL BAKI\u015e 2. T\u0130CARET\u0130N KOLAYLA\u015eTIRILMASI 3. DI\u015e T\u0130CARET AKIMLARININ D\u00dcNYA\u2019DA VE T\u00dcRK\u0130YE\u2019DE GEL\u0130\u015e\u0130M\u0130 4. AMP\u0130R\u0130K ANAL\u0130Z<\/p>\n","protected":false},"featured_media":0,"template":"","meta":{"_monsterinsights_skip_tracking":false,"_monsterinsights_sitenote_active":false,"_monsterinsights_sitenote_note":"","_monsterinsights_sitenote_category":0},"product_brand":[],"product_cat":[13043],"product_tag":[],"class_list":{"0":"post-747257","1":"product","2":"type-product","3":"status-publish","5":"product_cat-ekonomi","6":"pa_cilt-ciltsiz","7":"pa_tur-kitap","8":"pa_yayinevi-gazi-kitabevi","9":"pa_yazar-halit-gokhan-yuksel","11":"first","12":"instock","13":"sale","14":"shipping-taxable","15":"purchasable","16":"product-type-simple"},"_links":{"self":[{"href":"https:\/\/roveyayinevi.com.tr\/index.php\/wp-json\/wp\/v2\/product\/747257","targetHints":{"allow":["GET"]}}],"collection":[{"href":"https:\/\/roveyayinevi.com.tr\/index.php\/wp-json\/wp\/v2\/product"}],"about":[{"href":"https:\/\/roveyayinevi.com.tr\/index.php\/wp-json\/wp\/v2\/types\/product"}],"wp:attachment":[{"href":"https:\/\/roveyayinevi.com.tr\/index.php\/wp-json\/wp\/v2\/media?parent=747257"}],"wp:term":[{"taxonomy":"product_brand","embeddable":true,"href":"https:\/\/roveyayinevi.com.tr\/index.php\/wp-json\/wp\/v2\/product_brand?post=747257"},{"taxonomy":"product_cat","embeddable":true,"href":"https:\/\/roveyayinevi.com.tr\/index.php\/wp-json\/wp\/v2\/product_cat?post=747257"},{"taxonomy":"product_tag","embeddable":true,"href":"https:\/\/roveyayinevi.com.tr\/index.php\/wp-json\/wp\/v2\/product_tag?post=747257"}],"curies":[{"name":"wp","href":"https:\/\/api.w.org\/{rel}","templated":true}]}}