{"id":747256,"date":"2025-08-28T03:02:25","date_gmt":"2025-08-28T00:02:25","guid":{"rendered":"https:\/\/roveyayinevi.com.tr\/index.php\/urun\/erdemin-kokenleri\/"},"modified":"2026-04-16T02:59:54","modified_gmt":"2026-04-15T23:59:54","slug":"erdemin-kokenleri","status":"publish","type":"product","link":"https:\/\/roveyayinevi.com.tr\/index.php\/urun\/erdemin-kokenleri\/","title":{"rendered":"Erdemin K\u00f6kenleri"},"content":{"rendered":"<p>\u015eayet Bencil Gen ba\u015fl\u0131kl\u0131 kitab\u0131m\u0131n insanlara ayr\u0131lm\u0131\u015f ikinci bir cildi olsayd\u0131, san\u0131r\u0131m a\u015fa\u011f\u0131 yukar\u0131 Erdemin K\u00f6kenlerine benzer bir eser ortaya \u00e7\u0131kard\u0131. Richard Dawkins. \u0130nsanlar neden topluluklar halinde ya\u015far? Toplumlar nas\u0131l ortaya \u00e7\u0131km\u0131\u015ft\u0131r? Peki, insanlar aras\u0131ndaki i\u015fbirli\u011finin k\u00f6keninde ne vard\u0131r? Yoksa bizi \u00f6zveri ve i\u015fbirli\u011fine y\u00f6nelten \u015fey akl\u0131m\u0131z ya da vicdan\u0131m\u0131z de\u011fil de asl\u0131nda milyonlarca y\u0131ll\u0131k genetik program\u0131m\u0131z m\u0131 asl\u0131nda? Her y\u0131l ayn\u0131 g\u00f6\u00e7 yolunu izleyen k\u0131rlang\u0131\u00e7lardan bir fark\u0131m\u0131z yok mu bu a\u00e7\u0131dan? Matt Ridley bu sorular\u0131, antropoloji ve zoolojiden ekonomi ve oyun kuram\u0131na kadar uzanan \u00e7ok geni\u015f bir yelpazede, evrimsel biyolojinin bulgular\u0131na dayanarak ele al\u0131yor ve tart\u0131\u015fma yaratacak, k\u0131\u015fk\u0131rt\u0131c\u0131 yan\u0131tlara ula\u015f\u0131yor. <\/p>\n","protected":false},"excerpt":{"rendered":"<p>\u015eayet Bencil Gen ba\u015fl\u0131kl\u0131 kitab\u0131m\u0131n insanlara ayr\u0131lm\u0131\u015f ikinci bir cildi olsayd\u0131, san\u0131r\u0131m a\u015fa\u011f\u0131 yukar\u0131 Erdemin K\u00f6kenlerine benzer bir eser ortaya \u00e7\u0131kard\u0131. Richard Dawkins. \u0130nsanlar neden topluluklar<span class=\"excerpt-hellip\"> [\u2026]<\/span><\/p>\n","protected":false},"featured_media":0,"template":"","meta":{"_monsterinsights_skip_tracking":false,"_monsterinsights_sitenote_active":false,"_monsterinsights_sitenote_note":"","_monsterinsights_sitenote_category":0},"product_brand":[],"product_cat":[12388,13555],"product_tag":[],"class_list":{"0":"post-747256","1":"product","2":"type-product","3":"status-publish","5":"product_cat-felsefe","6":"product_cat-genel-felsefe","7":"pa_cilt-ciltsiz","8":"pa_tur-kitap","9":"pa_yayinevi-yapi-kredi-yayinlari","10":"pa_yazar-matt-ridley","12":"first","13":"instock","14":"sale","15":"shipping-taxable","16":"purchasable","17":"product-type-simple"},"_links":{"self":[{"href":"https:\/\/roveyayinevi.com.tr\/index.php\/wp-json\/wp\/v2\/product\/747256","targetHints":{"allow":["GET"]}}],"collection":[{"href":"https:\/\/roveyayinevi.com.tr\/index.php\/wp-json\/wp\/v2\/product"}],"about":[{"href":"https:\/\/roveyayinevi.com.tr\/index.php\/wp-json\/wp\/v2\/types\/product"}],"wp:attachment":[{"href":"https:\/\/roveyayinevi.com.tr\/index.php\/wp-json\/wp\/v2\/media?parent=747256"}],"wp:term":[{"taxonomy":"product_brand","embeddable":true,"href":"https:\/\/roveyayinevi.com.tr\/index.php\/wp-json\/wp\/v2\/product_brand?post=747256"},{"taxonomy":"product_cat","embeddable":true,"href":"https:\/\/roveyayinevi.com.tr\/index.php\/wp-json\/wp\/v2\/product_cat?post=747256"},{"taxonomy":"product_tag","embeddable":true,"href":"https:\/\/roveyayinevi.com.tr\/index.php\/wp-json\/wp\/v2\/product_tag?post=747256"}],"curies":[{"name":"wp","href":"https:\/\/api.w.org\/{rel}","templated":true}]}}