{"id":747255,"date":"2025-08-28T03:02:24","date_gmt":"2025-08-28T00:02:24","guid":{"rendered":"https:\/\/roveyayinevi.com.tr\/index.php\/urun\/dijital-vergileme\/"},"modified":"2026-04-16T02:59:54","modified_gmt":"2026-04-15T23:59:54","slug":"dijital-vergileme","status":"publish","type":"product","link":"https:\/\/roveyayinevi.com.tr\/index.php\/urun\/dijital-vergileme\/","title":{"rendered":"Dijital Vergileme"},"content":{"rendered":"<p>B\u0130R\u0130NC\u0130 B\u00d6L\u00dcM: D\u0130J\u0130TAL EKONOM\u0130DE VERG\u0130LEND\u0130RME   \u0130K\u0130NC\u0130 B\u00d6L\u00dcM: GELENEKSEL VERG\u0130LERDEN YEN\u0130 NES\u0130L (D\u0130J\u0130TAL) VERG\u0130LERE   \u00dc\u00c7\u00dcNC\u00dc B\u00d6L\u00dcM: D\u0130J\u0130TAL EKONOM\u0130DE VERG\u0130LEMEDEK\u0130 TEHD\u0130TLER VE FIRSATLAR <\/p>\n","protected":false},"excerpt":{"rendered":"<p>B\u0130R\u0130NC\u0130 B\u00d6L\u00dcM: D\u0130J\u0130TAL EKONOM\u0130DE VERG\u0130LEND\u0130RME \u0130K\u0130NC\u0130 B\u00d6L\u00dcM: GELENEKSEL VERG\u0130LERDEN YEN\u0130 NES\u0130L (D\u0130J\u0130TAL) VERG\u0130LERE \u00dc\u00c7\u00dcNC\u00dc B\u00d6L\u00dcM: D\u0130J\u0130TAL EKONOM\u0130DE VERG\u0130LEMEDEK\u0130 TEHD\u0130TLER VE FIRSATLAR<\/p>\n","protected":false},"featured_media":0,"template":"","meta":{"_monsterinsights_skip_tracking":false,"_monsterinsights_sitenote_active":false,"_monsterinsights_sitenote_note":"","_monsterinsights_sitenote_category":0},"product_brand":[],"product_cat":[12573,12566],"product_tag":[],"class_list":{"0":"post-747255","1":"product","2":"type-product","3":"status-publish","5":"product_cat-akademik-kitaplar","6":"product_cat-egitim","7":"pa_cilt-ciltsiz","8":"pa_tur-kitap","9":"pa_yayinevi-gazi-kitabevi","10":"pa_yazar-kolektif","12":"first","13":"instock","14":"sale","15":"shipping-taxable","16":"purchasable","17":"product-type-simple"},"_links":{"self":[{"href":"https:\/\/roveyayinevi.com.tr\/index.php\/wp-json\/wp\/v2\/product\/747255","targetHints":{"allow":["GET"]}}],"collection":[{"href":"https:\/\/roveyayinevi.com.tr\/index.php\/wp-json\/wp\/v2\/product"}],"about":[{"href":"https:\/\/roveyayinevi.com.tr\/index.php\/wp-json\/wp\/v2\/types\/product"}],"wp:attachment":[{"href":"https:\/\/roveyayinevi.com.tr\/index.php\/wp-json\/wp\/v2\/media?parent=747255"}],"wp:term":[{"taxonomy":"product_brand","embeddable":true,"href":"https:\/\/roveyayinevi.com.tr\/index.php\/wp-json\/wp\/v2\/product_brand?post=747255"},{"taxonomy":"product_cat","embeddable":true,"href":"https:\/\/roveyayinevi.com.tr\/index.php\/wp-json\/wp\/v2\/product_cat?post=747255"},{"taxonomy":"product_tag","embeddable":true,"href":"https:\/\/roveyayinevi.com.tr\/index.php\/wp-json\/wp\/v2\/product_tag?post=747255"}],"curies":[{"name":"wp","href":"https:\/\/api.w.org\/{rel}","templated":true}]}}