{"id":747253,"date":"2025-08-28T03:02:22","date_gmt":"2025-08-28T00:02:22","guid":{"rendered":"https:\/\/roveyayinevi.com.tr\/index.php\/urun\/spor-bilimleri-alaninda-guncel-arastirmalar-iv\/"},"modified":"2026-04-16T02:59:54","modified_gmt":"2026-04-15T23:59:54","slug":"spor-bilimleri-alaninda-guncel-arastirmalar-iv","status":"publish","type":"product","link":"https:\/\/roveyayinevi.com.tr\/index.php\/urun\/spor-bilimleri-alaninda-guncel-arastirmalar-iv\/","title":{"rendered":"Spor Bilimleri Alan\u0131nda G\u00fcncel Ara\u015ft\u0131rmalar IV"},"content":{"rendered":"<p>\u0130\u00e7indekiler:     B\u00d6L\u00dcM 1 GELENEKSEL VE KAN AKI\u015eI KISITLAMA Y\u00d6NTEM\u0130 \u0130LE UYGULANAN BENCH PRESS ANTRENMANININ \u00dcST EKSTREM\u0130TE ANAEROB\u0130K PERFORMANSINDA POST AKT\u0130VASYON POTANS\u0130YEL\u0130 \u00dcZER\u0130NE AKUT ETK\u0130S\u0130   B\u00d6L\u00dcM 2 GEN\u00c7 BASKETBOLCULARDA YARALANMA \u0130NS\u0130DANSI VE PATERNLER\u0130N\u0130N \u0130NCELENMES\u0130   B\u00d6L\u00dcM 3 BEDEN E\u011e\u0130T\u0130M\u0130 VE SPOR \u00d6\u011eRETMENLER\u0130N\u0130N SPOR KARAKTER D\u00dcZEYLER\u0130N\u0130N \u0130NCELENMES\u0130   B\u00d6L\u00dcM 4 SPOR B\u0130L\u0130MLER\u0130 FAK\u00dcLTES\u0130NDE OKUYAN FUTBOLCU VE VOLEYBOLCULARIN S\u00dcREKL\u0130 \u00d6FKE VE \u00d6FKE \u0130FADE TARZ D\u00dcZEYLER\u0130N\u0130N \u0130NCELENMES\u0130   B\u00d6L\u00dcM 5 SPORCU VE SEDANTER B\u0130REYLER\u0130N COV\u0130D-19\u2019A Y\u00d6NEL\u0130K KORKU VE T\u00dcKENM\u0130\u015eL\u0130K D\u00dcZEYLER\u0130N\u0130N \u0130NCELENMES\u0130 B\u00d6L\u00dcM 6 \u00dcN\u0130VERS\u0130TE F\u0130TNESS MERKEZ\u0130NDE ALGILANAN H\u0130ZMET KAL\u0130TES\u0130 VE M\u00dc\u015eTER\u0130 MEMNUN\u0130YET\u0130N\u0130N \u0130NCELENMES\u0130   B\u00d6L\u00dcM 7 FUTBOL TARAFTARLARININ YA\u015eAM TATM\u0130N\u0130 D\u00dcZEYLER\u0130N\u0130N, FANAT\u0130KL\u0130K VE \u0130NT\u0130KAM D\u00dcZEYLER\u0130 \u00dcZER\u0130NDEK\u0130 ETK\u0130S\u0130: TRABZON \u0130L\u0130 \u00d6RNE\u011e\u0130   B\u00d6L\u00dcM 8 KORT TEN\u0130S\u0130 OR\u0130J\u0130N\u0130 \u00dcZER\u0130NE D\u00dc\u015e\u00dcNCELER B\u00d6L\u00dcM 9 SPORT\u0130F FAAL\u0130YET\u0130N \u00dcN\u0130VERS\u0130TE \u00d6\u011eRENC\u0130LER\u0130N\u0130N \u0130MGELEME D\u00dcZEYLER\u0130NE ETK\u0130LER\u0130N\u0130N \u0130NCELENMES\u0130<\/p>\n","protected":false},"excerpt":{"rendered":"<p>\u0130\u00e7indekiler: B\u00d6L\u00dcM 1 GELENEKSEL VE KAN AKI\u015eI KISITLAMA Y\u00d6NTEM\u0130 \u0130LE UYGULANAN BENCH PRESS ANTRENMANININ \u00dcST EKSTREM\u0130TE ANAEROB\u0130K PERFORMANSINDA POST AKT\u0130VASYON POTANS\u0130YEL\u0130 \u00dcZER\u0130NE AKUT ETK\u0130S\u0130 B\u00d6L\u00dcM 2<span class=\"excerpt-hellip\"> [\u2026]<\/span><\/p>\n","protected":false},"featured_media":0,"template":"","meta":{"_monsterinsights_skip_tracking":false,"_monsterinsights_sitenote_active":false,"_monsterinsights_sitenote_note":"","_monsterinsights_sitenote_category":0},"product_brand":[],"product_cat":[15563,15564],"product_tag":[],"class_list":{"0":"post-747253","1":"product","2":"type-product","3":"status-publish","5":"product_cat-hobi","6":"product_cat-spor","7":"pa_cilt-ciltsiz","8":"pa_tur-kitap","9":"pa_yayinevi-gazi-kitabevi","10":"pa_yazar-kolektif","12":"first","13":"instock","14":"sale","15":"shipping-taxable","16":"purchasable","17":"product-type-simple"},"_links":{"self":[{"href":"https:\/\/roveyayinevi.com.tr\/index.php\/wp-json\/wp\/v2\/product\/747253","targetHints":{"allow":["GET"]}}],"collection":[{"href":"https:\/\/roveyayinevi.com.tr\/index.php\/wp-json\/wp\/v2\/product"}],"about":[{"href":"https:\/\/roveyayinevi.com.tr\/index.php\/wp-json\/wp\/v2\/types\/product"}],"wp:attachment":[{"href":"https:\/\/roveyayinevi.com.tr\/index.php\/wp-json\/wp\/v2\/media?parent=747253"}],"wp:term":[{"taxonomy":"product_brand","embeddable":true,"href":"https:\/\/roveyayinevi.com.tr\/index.php\/wp-json\/wp\/v2\/product_brand?post=747253"},{"taxonomy":"product_cat","embeddable":true,"href":"https:\/\/roveyayinevi.com.tr\/index.php\/wp-json\/wp\/v2\/product_cat?post=747253"},{"taxonomy":"product_tag","embeddable":true,"href":"https:\/\/roveyayinevi.com.tr\/index.php\/wp-json\/wp\/v2\/product_tag?post=747253"}],"curies":[{"name":"wp","href":"https:\/\/api.w.org\/{rel}","templated":true}]}}