{"id":747251,"date":"2025-08-28T03:02:19","date_gmt":"2025-08-28T00:02:19","guid":{"rendered":"https:\/\/roveyayinevi.com.tr\/index.php\/urun\/beden-egitimi-ve-spora-multidisipliner-bir-bakis-3\/"},"modified":"2026-04-16T02:59:54","modified_gmt":"2026-04-15T23:59:54","slug":"beden-egitimi-ve-spora-multidisipliner-bir-bakis-3","status":"publish","type":"product","link":"https:\/\/roveyayinevi.com.tr\/index.php\/urun\/beden-egitimi-ve-spora-multidisipliner-bir-bakis-3\/","title":{"rendered":"Beden E\u011fitimi ve Spora Multidisipliner Bir Bak\u0131\u015f &#8211; 3"},"content":{"rendered":"<p>1.      B\u00d6L\u00dcM EGZERS\u0130ZE B\u0130YOK\u0130MYASAL YANITLAR 2.      B\u00d6L\u00dcM F\u0130Z\u0130KSEL AKT\u0130V\u0130TE OLARAK WATSU 3.      B\u00d6L\u00dcM SPORDA ATLET\u0130K PERFORMANS \u00d6L\u00c7\u00dcM\u00dc VE BAZI \u00d6L\u00c7\u00dcMLERDE KULLANILAN MOB\u0130L UYGULAMALAR II 4.      B\u00d6L\u00dcM FONKS\u0130YONEL HAREKET TARAMASI VE META-ANAL\u0130Z \u00c7ALI\u015eMASI 5.      B\u00d6L\u00dcM UZUN VADEL\u0130 SPORCU GEL\u0130\u015e\u0130M MODEL 6.      B\u00d6L\u00dcM T\u00dcRK K\u00dcLT\u00dcR\u00dcNDEK\u0130 GELENEKSEL SPORLARA Y\u00dcZEYSEL B\u0130R BAKI\u015e 7.      B\u00d6L\u00dcM FUTBOL TARAFTARLARININ V\u0130DEO YARDIMCI HAKEM (VAR) ALGILARININ DE\u011eERLEND\u0130R\u0130LMES\u0130: BANDIRMASPOR \u00d6RNE\u011e\u0130 B\u00d6L\u00dcM BESLENME VE BES\u0130N \u00d6GELER\u0130<\/p>\n","protected":false},"excerpt":{"rendered":"<p>1. B\u00d6L\u00dcM EGZERS\u0130ZE B\u0130YOK\u0130MYASAL YANITLAR 2. B\u00d6L\u00dcM F\u0130Z\u0130KSEL AKT\u0130V\u0130TE OLARAK WATSU 3. B\u00d6L\u00dcM SPORDA ATLET\u0130K PERFORMANS \u00d6L\u00c7\u00dcM\u00dc VE BAZI \u00d6L\u00c7\u00dcMLERDE KULLANILAN MOB\u0130L UYGULAMALAR II 4. B\u00d6L\u00dcM<span class=\"excerpt-hellip\"> [\u2026]<\/span><\/p>\n","protected":false},"featured_media":0,"template":"","meta":{"_monsterinsights_skip_tracking":false,"_monsterinsights_sitenote_active":false,"_monsterinsights_sitenote_note":"","_monsterinsights_sitenote_category":0},"product_brand":[],"product_cat":[15563,15564],"product_tag":[],"class_list":{"0":"post-747251","1":"product","2":"type-product","3":"status-publish","5":"product_cat-hobi","6":"product_cat-spor","7":"pa_cilt-ciltsiz","8":"pa_tur-kitap","9":"pa_yayinevi-gazi-kitabevi","10":"pa_yazar-kolektif","12":"first","13":"instock","14":"sale","15":"shipping-taxable","16":"purchasable","17":"product-type-simple"},"_links":{"self":[{"href":"https:\/\/roveyayinevi.com.tr\/index.php\/wp-json\/wp\/v2\/product\/747251","targetHints":{"allow":["GET"]}}],"collection":[{"href":"https:\/\/roveyayinevi.com.tr\/index.php\/wp-json\/wp\/v2\/product"}],"about":[{"href":"https:\/\/roveyayinevi.com.tr\/index.php\/wp-json\/wp\/v2\/types\/product"}],"wp:attachment":[{"href":"https:\/\/roveyayinevi.com.tr\/index.php\/wp-json\/wp\/v2\/media?parent=747251"}],"wp:term":[{"taxonomy":"product_brand","embeddable":true,"href":"https:\/\/roveyayinevi.com.tr\/index.php\/wp-json\/wp\/v2\/product_brand?post=747251"},{"taxonomy":"product_cat","embeddable":true,"href":"https:\/\/roveyayinevi.com.tr\/index.php\/wp-json\/wp\/v2\/product_cat?post=747251"},{"taxonomy":"product_tag","embeddable":true,"href":"https:\/\/roveyayinevi.com.tr\/index.php\/wp-json\/wp\/v2\/product_tag?post=747251"}],"curies":[{"name":"wp","href":"https:\/\/api.w.org\/{rel}","templated":true}]}}