{"id":747249,"date":"2025-08-28T03:02:17","date_gmt":"2025-08-28T00:02:17","guid":{"rendered":"https:\/\/roveyayinevi.com.tr\/index.php\/urun\/ahmet-saglam-dini-kitaplari-3-kitap-set\/"},"modified":"2025-08-28T03:02:17","modified_gmt":"2025-08-28T00:02:17","slug":"ahmet-saglam-dini-kitaplari-3-kitap-set","status":"publish","type":"product","link":"https:\/\/roveyayinevi.com.tr\/index.php\/urun\/ahmet-saglam-dini-kitaplari-3-kitap-set\/","title":{"rendered":"Ahmet Sa\u011flam Dini Kitaplar\u0131 (3 Kitap Set)"},"content":{"rendered":"<p>K\u0130TAPHamd \u00c2lemlerin Rabbi Allah\u2019a Mahsustur. Sal\u00e2t ve selam k\u00e2inat\u0131n efendisi Aleyhisselam Efendimiz\u2019e ve O\u2019nun aline, ashab\u0131na ve yolunda gidenlere olsun. Ayet ve hadisler ile \u00e2limlerin a\u00e7\u0131klamalar\u0131na dayanarak, M\u00fcsl\u00fcman karde\u015flerimize bir nebze f\u00e2ideli olabilmek \u0130\u00e7in, bu kitab\u0131 haz\u0131rlad\u0131k. \u00c7aba bizlerden, Tevfikallahcelle Celal\u00fchu\u2019dand\u0131r. \u0130nsanlar \u00f6l\u00fcnce \u015fu \u00fc\u00e7 ameli kesilmez: 1-Sadakay\u0131 Cariye, 2-Kendisinden \u0130stifade Edilen \u0130lim, 3-Arkas\u0131ndan Dua Eden Hay\u0131rl\u0131 Evlat. 2. K\u0130TAPAyet ve Hadisler I\u015f\u0131\u011f\u0131nda \u0130man\u2019da, g\u00fcnah ve iman\u0131n bir arada olamayaca\u011f\u0131, birbirlerine z\u0131t olduklar\u0131 ayet ve hadisi \u015ferifler yoluyla anlat\u0131larak g\u00fcnah\u0131n ne kadar tehlikeli oldu\u011fu ve imana nas\u0131l zarar verdi\u011fi vurgulanmak istenmi\u015ftir. M\u00fcsl\u00fcman\u2019\u0131n g\u00fcnaha t\u00f6vbe etmesi ve bir daha d\u00fc\u015fmemek i\u00e7in \u00e7abalamas\u0131 gerekmektedir. Bizler, bu vesileyle kitab\u0131 haz\u0131rlamak i\u00e7in ayetlerimizin ve de hadislerimizin \u0131\u015f\u0131\u011f\u0131ndan faydaland\u0131k. \u00c7aba bizden, tevfik Allah Celle Celaluhu\u2019dan.  SAHABEN\u0130N PEYGAMBER EFEND\u0130M\u0130ZE SADAKAT\u0130 Sahabelerin hayatlar\u0131 ders mahiyetindedir. Onlar\u0131n, Hz. Peygamber\u2019e duyduklar\u0131 sevgi, sadakat ve teslimiyet \u00e7ok b\u00fcy\u00fckt\u00fcr. Sahabenin Peygamber Efendimiz\u2019e Sadakati\u2019nde, sahabelerin s\u00f6z ve fiillerinde, t\u00fcm insanl\u0131k i\u00e7in bir rehber ve bir \u00f6rnek olan Hz. Peygamber sevgisini nas\u0131l hissettikleri ve ya\u015fad\u0131klar\u0131 anlat\u0131lm\u0131\u015ft\u0131r. Sahabeler, Allah ve O\u2019nun el\u00e7isi Hz. Peygamber (s.a.v.)\u2019i sevmenin, iman\u0131n bir g\u00f6stergesi oldu\u011funu kabul etmi\u015fler ve her i\u015flerinde O\u2019nu \u00f6rnek alm\u0131\u015flard\u0131r. <\/p>\n","protected":false},"excerpt":{"rendered":"<p>K\u0130TAPHamd \u00c2lemlerin Rabbi Allah\u2019a Mahsustur. Sal\u00e2t ve selam k\u00e2inat\u0131n efendisi Aleyhisselam Efendimiz\u2019e ve O\u2019nun aline, ashab\u0131na ve yolunda gidenlere olsun. Ayet ve hadisler ile \u00e2limlerin a\u00e7\u0131klamalar\u0131na<span class=\"excerpt-hellip\"> [\u2026]<\/span><\/p>\n","protected":false},"featured_media":0,"template":"","meta":{"_monsterinsights_skip_tracking":false,"_monsterinsights_sitenote_active":false,"_monsterinsights_sitenote_note":"","_monsterinsights_sitenote_category":0},"product_brand":[],"product_cat":[12718,12719,45552],"product_tag":[],"class_list":{"0":"post-747249","1":"product","2":"type-product","3":"status-publish","5":"product_cat-din","6":"product_cat-islam","7":"product_cat-meal-tefsir-hadis","8":"pa_cilt-ciltsiz","9":"pa_tur-kitap","10":"pa_yayinevi-kitap-muptelasi-yayinlari","11":"pa_yazar-ahmet-saglam","13":"first","14":"instock","15":"sale","16":"shipping-taxable","17":"purchasable","18":"product-type-simple"},"_links":{"self":[{"href":"https:\/\/roveyayinevi.com.tr\/index.php\/wp-json\/wp\/v2\/product\/747249","targetHints":{"allow":["GET"]}}],"collection":[{"href":"https:\/\/roveyayinevi.com.tr\/index.php\/wp-json\/wp\/v2\/product"}],"about":[{"href":"https:\/\/roveyayinevi.com.tr\/index.php\/wp-json\/wp\/v2\/types\/product"}],"wp:attachment":[{"href":"https:\/\/roveyayinevi.com.tr\/index.php\/wp-json\/wp\/v2\/media?parent=747249"}],"wp:term":[{"taxonomy":"product_brand","embeddable":true,"href":"https:\/\/roveyayinevi.com.tr\/index.php\/wp-json\/wp\/v2\/product_brand?post=747249"},{"taxonomy":"product_cat","embeddable":true,"href":"https:\/\/roveyayinevi.com.tr\/index.php\/wp-json\/wp\/v2\/product_cat?post=747249"},{"taxonomy":"product_tag","embeddable":true,"href":"https:\/\/roveyayinevi.com.tr\/index.php\/wp-json\/wp\/v2\/product_tag?post=747249"}],"curies":[{"name":"wp","href":"https:\/\/api.w.org\/{rel}","templated":true}]}}