{"id":747248,"date":"2025-08-28T03:02:16","date_gmt":"2025-08-28T00:02:16","guid":{"rendered":"https:\/\/roveyayinevi.com.tr\/index.php\/urun\/terapi-defteri-2\/"},"modified":"2026-04-16T02:59:53","modified_gmt":"2026-04-15T23:59:53","slug":"terapi-defteri-2","status":"publish","type":"product","link":"https:\/\/roveyayinevi.com.tr\/index.php\/urun\/terapi-defteri-2\/","title":{"rendered":"Terapi Defteri"},"content":{"rendered":"<p>G\u00fc\u00e7s\u00fcz de\u011filsin, sadece insans\u0131n.Her \u015feyle sava\u015famazs\u0131n. Her konuda en iyisini yapamazs\u0131n. Her zaman mant\u0131kl\u0131 davranamazs\u0131n. Bazensava\u015fmak ve kazanmak yerine yenilgiyi kabul etmek gerekir.Sonu\u00e7 de\u011fi\u015fmese de bir\u00e7ok insan hep ayn\u0131 y\u00f6ntemi denemeye devam eder. Sen de bunu yaparsan herseferinde kendini daha \u00f6fkeli, daha mutsuz hissedeceksin.Zay\u0131fl\u0131klar\u0131n\u0131, insanlar\u0131, d\u00fcnyay\u0131 ve duygular\u0131n\u0131 kabullendik\u00e7e g\u00fc\u00e7leneceksin.Kabullenme yolculu\u011funda sana tek c\u00fcmle s\u00f6yleme hakk\u0131m olsayd\u0131 \u015funu s\u00f6ylerdim:\u201cOlan oldu, \u015fimdi ne yapabilirsinve elinden ne gelir?\u201d<\/p>\n","protected":false},"excerpt":{"rendered":"<p>G\u00fc\u00e7s\u00fcz de\u011filsin, sadece insans\u0131n.Her \u015feyle sava\u015famazs\u0131n. Her konuda en iyisini yapamazs\u0131n. Her zaman mant\u0131kl\u0131 davranamazs\u0131n. Bazensava\u015fmak ve kazanmak yerine yenilgiyi kabul etmek gerekir.Sonu\u00e7 de\u011fi\u015fmese de bir\u00e7ok<span class=\"excerpt-hellip\"> [\u2026]<\/span><\/p>\n","protected":false},"featured_media":0,"template":"","meta":{"_monsterinsights_skip_tracking":false,"_monsterinsights_sitenote_active":false,"_monsterinsights_sitenote_note":"","_monsterinsights_sitenote_category":0},"product_brand":[],"product_cat":[12357],"product_tag":[],"class_list":{"0":"post-747248","1":"product","2":"type-product","3":"status-publish","5":"product_cat-psikoloji","6":"pa_cilt-ciltli","7":"pa_tur-kitap","8":"pa_yayinevi-sahi-kitap","9":"pa_yazar-beyhan-budak","11":"first","12":"instock","13":"sale","14":"shipping-taxable","15":"purchasable","16":"product-type-simple"},"_links":{"self":[{"href":"https:\/\/roveyayinevi.com.tr\/index.php\/wp-json\/wp\/v2\/product\/747248","targetHints":{"allow":["GET"]}}],"collection":[{"href":"https:\/\/roveyayinevi.com.tr\/index.php\/wp-json\/wp\/v2\/product"}],"about":[{"href":"https:\/\/roveyayinevi.com.tr\/index.php\/wp-json\/wp\/v2\/types\/product"}],"wp:attachment":[{"href":"https:\/\/roveyayinevi.com.tr\/index.php\/wp-json\/wp\/v2\/media?parent=747248"}],"wp:term":[{"taxonomy":"product_brand","embeddable":true,"href":"https:\/\/roveyayinevi.com.tr\/index.php\/wp-json\/wp\/v2\/product_brand?post=747248"},{"taxonomy":"product_cat","embeddable":true,"href":"https:\/\/roveyayinevi.com.tr\/index.php\/wp-json\/wp\/v2\/product_cat?post=747248"},{"taxonomy":"product_tag","embeddable":true,"href":"https:\/\/roveyayinevi.com.tr\/index.php\/wp-json\/wp\/v2\/product_tag?post=747248"}],"curies":[{"name":"wp","href":"https:\/\/api.w.org\/{rel}","templated":true}]}}