{"id":747247,"date":"2025-08-28T03:02:14","date_gmt":"2025-08-28T00:02:14","guid":{"rendered":"https:\/\/roveyayinevi.com.tr\/index.php\/urun\/dunyayi-degistiren-siradan-insanlar-seti-4-kitap-takim\/"},"modified":"2026-04-16T02:59:53","modified_gmt":"2026-04-15T23:59:53","slug":"dunyayi-degistiren-siradan-insanlar-seti-4-kitap-takim","status":"publish","type":"product","link":"https:\/\/roveyayinevi.com.tr\/index.php\/urun\/dunyayi-degistiren-siradan-insanlar-seti-4-kitap-takim\/","title":{"rendered":"D\u00fcnyay\u0131 De\u011fi\u015ftiren S\u0131radan \u0130nsanlar Seti (4 Kitap Tak\u0131m)"},"content":{"rendered":"<p>D\u00fcnyay\u0131 De\u011fi\u015ftiren S\u0131radan \u0130nsanlarAmelia EarhartS\u0131n\u0131r tan\u0131mad\u0131m.Amelia Earhart, maceralara at\u0131lmay\u0131 daima \u00e7ok sevdi ve ya\u015fam\u0131 boyunca hi\u00e7 kimsenin ona engel olmas\u0131na izin vermedi. Atlas Okyanusu\u2019nu u\u00e7akla ge\u00e7mek gibi daha \u00f6nce kad\u0131nlar\u0131n hi\u00e7 yapmad\u0131\u011f\u0131 \u015feyleri yaparken bile! Amelia, herkesten daha \u00e7ok \u00e7al\u0131\u015ft\u0131 ve hayallerinden asla vazge\u00e7medi. Sonunda, u\u00e7u\u015f rekorlar\u0131 k\u0131rarak kad\u0131nlar\u0131n da erkekler kadar y\u00fckseklere \u00e7\u0131kabilece\u011fini t\u00fcm d\u00fcnyaya kan\u0131tlad\u0131!\u201cD\u00fcnyay\u0131 De\u011fi\u015ftiren S\u0131radan \u0130nsanlar\u201d dizisinde i\u00e7imizden \u00e7\u0131kan kahramanlar\u0131 yak\u0131ndan tan\u0131yacak, onlar\u0131 kahraman yapan \u00f6zelliklerin neler oldu\u011funu g\u00f6rece\u011fiz.Albert EinsteinMerak etmekten asla vazge\u00e7medim!Size hi\u00e7 tuhaf ya da farkl\u0131 oldu\u011funuzu s\u00f6yleyen oldumu? Bebekli\u011fi ve \u00e7ocuklu\u011fu boyunca insanlar Albert Einstein\u2019\u0131n tuhaf oldu\u011funu d\u00fc\u015f\u00fcn\u00fcyordu. Einstein, kelimelerle de\u011fil, resimleri g\u00f6z\u00fcnde canland\u0131rarak d\u00fc\u015f\u00fcn\u00fcyordu. Bu \u00f6zel d\u00fc\u015f\u00fcnme bi\u00e7imi, onun m\u00fczikteki \u00f6r\u00fcnt\u00fcleri ve bir pusulan\u0131n neden daima kuzeyi g\u00f6sterdi\u011fini anlayabilmesini sa\u011flad\u0131. Bu d\u00fc\u015f\u00fcnceler onu evrenin s\u0131rlar\u0131n\u0131 ara\u015ft\u0131rmaya y\u00f6neltti. Ba\u015fkalar\u0131 onun yaln\u0131zca bir hayalperest oldu\u011funu d\u00fc\u015f\u00fcn\u00fcyordu. Oysa Einstein, merak\u0131 sayesinde d\u00fcnyan\u0131n en \u00f6nemli bilim insanlar\u0131ndan biri oldu.\u201cD\u00fcnyay\u0131 De\u011fi\u015ftiren S\u0131radan \u0130nsanlar\u201d dizisinde i\u00e7imizden \u00e7\u0131kan kahramanlar\u0131 yak\u0131ndantan\u0131yacak, onlar\u0131 kahraman yapan \u00f6zelliklerin neler oldu\u011funu g\u00f6rece\u011fiz.Marie CurieKe\u015ffetmenin g\u00fcc\u00fcn\u00fc biliyorum.Marie Curie, k\u00fc\u00e7\u00fck ya\u015flardan beri bilime ilgi duyuyordu. \u00c7ok iyi bir \u00f6\u011frenciydi, \u00f6zellikle matematik ve fen bilimlerinde \u00e7ok ba\u015far\u0131l\u0131yd\u0131. Bilim insan\u0131 olmak istiyordu ancak ne yaz\u0131k ki 1800\u2019lerde Polonya\u2019da \u00fcniversiteler k\u0131z \u00f6\u011frenci kabul etmiyordu. Ama bu onu durdurmad\u0131. \u00d6nce kad\u0131nlar i\u00e7in kurulan gizli bir \u00fcniversiteye gitti, sonra da d\u00fcnyan\u0131n en \u00f6nemli \u00fcniversitelerinden birine, Sorbonne\u2019a kabul edildi. Hi\u00e7 y\u0131lmadan \u00e7al\u0131\u015ft\u0131 ve t\u00fcm zorluklara ra\u011fmen, bulu\u015flar\u0131yla bilim tarihinde \u00e7\u0131\u011f\u0131r a\u00e7an \u00fcnl\u00fc bir fizik\u00e7i ve kimyager oldu.\u201cD\u00fcnyay\u0131 De\u011fi\u015ftiren S\u0131radan \u0130nsanlar\u201d dizisinde i\u00e7imizden \u00e7\u0131kan kahramanlar\u0131 yak\u0131ndan tan\u0131yacak, onlar\u0131 kahraman yapan \u00f6zelliklerin neler oldu\u011funu g\u00f6rece\u011fiz.Neil ArmstrongHer yolculu\u011fun k\u00fc\u00e7\u00fck bir ad\u0131mla ba\u015flad\u0131\u011f\u0131n\u0131 biliyorum.Neil Armstrong, ayda y\u00fcr\u00fcyen ilk insan olarak tarihe ge\u00e7ti! Neil, \u00e7ocuklu\u011fundan beri u\u00e7aklara hayrand\u0131. \u00c7al\u0131\u015f\u0131p biriktirdi\u011fi t\u00fcm parayla model u\u00e7aklar ve u\u00e7u\u015f dersleri ald\u0131. \u00dcniversitede m\u00fchendislik okudu ve sonunda ba\u015far\u0131l\u0131 bir pilot oldu. Her zaman daha iyisini yapabilmek i\u00e7in \u00e7ok \u00e7al\u0131\u015ft\u0131, en zorlu anlarda bile serinkanl\u0131l\u0131\u011f\u0131n\u0131 hi\u00e7 kaybetmedi. Uzay yar\u0131\u015f\u0131 ba\u015flad\u0131\u011f\u0131nda art\u0131k yeni bir t\u00fcr pilota ihtiya\u00e7 vard\u0131: astronotlara! Neil, onlarca aday aras\u0131ndan t\u00fcm s\u0131navlar\u0131 ba\u015far\u0131yla ge\u00e7erek astronot oldu. Uzay s\u00f6z konusu oldu\u011funda hi\u00e7bir \u015fey kolay de\u011fildi. Zorlu bir g\u00f6rev Neil ve ekibini bekliyordu. Nas\u0131l m\u0131 ba\u015fard\u0131lar? Cesaret, ak\u0131l ve sab\u0131rla!\u201cD\u00fcnyay\u0131 De\u011fi\u015ftiren S\u0131radan \u0130nsanlar\u201d dizisinde i\u00e7imizden \u00e7\u0131kan kahramanlar\u0131 yak\u0131ndan tan\u0131yacak, onlar\u0131 kahraman yapan \u00f6zelliklerin neler oldu\u011funu g\u00f6rece\u011fiz.<\/p>\n","protected":false},"excerpt":{"rendered":"<p>D\u00fcnyay\u0131 De\u011fi\u015ftiren S\u0131radan \u0130nsanlarAmelia EarhartS\u0131n\u0131r tan\u0131mad\u0131m.Amelia Earhart, maceralara at\u0131lmay\u0131 daima \u00e7ok sevdi ve ya\u015fam\u0131 boyunca hi\u00e7 kimsenin ona engel olmas\u0131na izin vermedi. Atlas Okyanusu\u2019nu u\u00e7akla ge\u00e7mek<span class=\"excerpt-hellip\"> [\u2026]<\/span><\/p>\n","protected":false},"featured_media":0,"template":"","meta":{"_monsterinsights_skip_tracking":false,"_monsterinsights_sitenote_active":false,"_monsterinsights_sitenote_note":"","_monsterinsights_sitenote_category":0},"product_brand":[],"product_cat":[12274,12284],"product_tag":[],"class_list":{"0":"post-747247","1":"product","2":"type-product","3":"status-publish","5":"product_cat-cocuk-ve-genclik-kitaplari","6":"product_cat-hikayeler","7":"pa_cilt-set","8":"pa_tur-kitap","9":"pa_yayinevi-indigo-cocuk","10":"pa_yazar-brad-meltzer","12":"first","13":"instock","14":"sale","15":"shipping-taxable","16":"purchasable","17":"product-type-simple"},"_links":{"self":[{"href":"https:\/\/roveyayinevi.com.tr\/index.php\/wp-json\/wp\/v2\/product\/747247","targetHints":{"allow":["GET"]}}],"collection":[{"href":"https:\/\/roveyayinevi.com.tr\/index.php\/wp-json\/wp\/v2\/product"}],"about":[{"href":"https:\/\/roveyayinevi.com.tr\/index.php\/wp-json\/wp\/v2\/types\/product"}],"wp:attachment":[{"href":"https:\/\/roveyayinevi.com.tr\/index.php\/wp-json\/wp\/v2\/media?parent=747247"}],"wp:term":[{"taxonomy":"product_brand","embeddable":true,"href":"https:\/\/roveyayinevi.com.tr\/index.php\/wp-json\/wp\/v2\/product_brand?post=747247"},{"taxonomy":"product_cat","embeddable":true,"href":"https:\/\/roveyayinevi.com.tr\/index.php\/wp-json\/wp\/v2\/product_cat?post=747247"},{"taxonomy":"product_tag","embeddable":true,"href":"https:\/\/roveyayinevi.com.tr\/index.php\/wp-json\/wp\/v2\/product_tag?post=747247"}],"curies":[{"name":"wp","href":"https:\/\/api.w.org\/{rel}","templated":true}]}}