{"id":747246,"date":"2025-08-28T03:02:14","date_gmt":"2025-08-28T00:02:14","guid":{"rendered":"https:\/\/roveyayinevi.com.tr\/index.php\/urun\/genclerle-bas-basa-felsefenin-bahcesinde\/"},"modified":"2026-04-16T02:59:53","modified_gmt":"2026-04-15T23:59:53","slug":"genclerle-bas-basa-felsefenin-bahcesinde","status":"publish","type":"product","link":"https:\/\/roveyayinevi.com.tr\/index.php\/urun\/genclerle-bas-basa-felsefenin-bahcesinde\/","title":{"rendered":"Gen\u00e7lerle Ba\u015f Ba\u015fa -Felsefenin Bah\u00e7esinde"},"content":{"rendered":"<p>Felsefe ne i\u015fe yarar? Cevaplar\u0131m\u0131z\u0131 de\u011fil sorular\u0131m\u0131z\u0131 artt\u0131r\u0131p akl\u0131m\u0131z\u0131 kar\u0131\u015ft\u0131r\u0131yorsa, gereksiz ve hatta zararl\u0131 de\u011fil mi? Bu kitapta felsefe tarihindeki \u00fcnl\u00fc filozoflar\u0131n kuramlar\u0131n\u0131n \u00f6zetleri yok. Bu kitap, felsefenin ana binas\u0131na girmeden, bah\u00e7esinde dola\u015fmaya davet ediyor okurlar\u0131. Hayat\u0131m\u0131za de\u011fen, bize kendimizle ve d\u00fcnyayla y\u00fczle\u015fme cesareti veren bir felsefe yapma yordam\u0131 geli\u015ftirmeye \u00e7al\u0131\u015f\u0131yor. Nefes al\u0131p veren, akl\u0131 y\u00fcceltmeyen bir felsefe yap\u0131\u015f tarz\u0131yla felsefi bir ya\u015fam\u0131 nas\u0131l in\u015fa edebiliriz sorusuna y\u00f6neliyor. Y\u0131ld\u0131z Silier deneme ve diyaloglardan olu\u015fan metinlerinde hakikati bilmek, felsefenin de\u011feri, belirsizlikle y\u00fczle\u015fmek, \u00f6zg\u00fcrl\u00fck, ya\u015fam ve \u00f6l\u00fcm gibi konular \u00fczerinde d\u00fc\u015f\u00fcn\u00fcyor ve sorular soruyor. Kitab\u0131n yakla\u015f\u0131k yar\u0131s\u0131 ise Y\u0131ld\u0131z Silier\u2019in Bo\u011fazi\u00e7i \u00dcniversitesi\u2019ndeki dokuz \u00f6\u011frencisinin bu kitap i\u00e7in yazd\u0131\u011f\u0131 felsefi diyalog ve \u00f6yk\u00fclerden olu\u015fuyor. Gen\u00e7lerle Ba\u015f Ba\u015fa: Felsefenin Bah\u00e7esinde, yaln\u0131zca gen\u00e7 okurlar i\u00e7in de\u011fil, ya\u015fanmaya de\u011fer bir hayat s\u00fcrmek isteyen her ya\u015ftan okur i\u00e7in de\u011ferli bir yol arkada\u015f\u0131.   (arka kapak)<\/p>\n","protected":false},"excerpt":{"rendered":"<p>Felsefe ne i\u015fe yarar? Cevaplar\u0131m\u0131z\u0131 de\u011fil sorular\u0131m\u0131z\u0131 artt\u0131r\u0131p akl\u0131m\u0131z\u0131 kar\u0131\u015ft\u0131r\u0131yorsa, gereksiz ve hatta zararl\u0131 de\u011fil mi? Bu kitapta felsefe tarihindeki \u00fcnl\u00fc filozoflar\u0131n kuramlar\u0131n\u0131n \u00f6zetleri yok. Bu<span class=\"excerpt-hellip\"> [\u2026]<\/span><\/p>\n","protected":false},"featured_media":0,"template":"","meta":{"_monsterinsights_skip_tracking":false,"_monsterinsights_sitenote_active":false,"_monsterinsights_sitenote_note":"","_monsterinsights_sitenote_category":0},"product_brand":[],"product_cat":[16038,12388],"product_tag":[],"class_list":{"0":"post-747246","1":"product","2":"type-product","3":"status-publish","5":"product_cat-arastirma-inceleme-referans-felsefe","6":"product_cat-felsefe","7":"pa_cilt-ciltsiz","8":"pa_tur-kitap","9":"pa_yayinevi-yordam-kitap","10":"pa_yazar-yildiz-silier","12":"first","13":"instock","14":"sale","15":"shipping-taxable","16":"purchasable","17":"product-type-simple"},"_links":{"self":[{"href":"https:\/\/roveyayinevi.com.tr\/index.php\/wp-json\/wp\/v2\/product\/747246","targetHints":{"allow":["GET"]}}],"collection":[{"href":"https:\/\/roveyayinevi.com.tr\/index.php\/wp-json\/wp\/v2\/product"}],"about":[{"href":"https:\/\/roveyayinevi.com.tr\/index.php\/wp-json\/wp\/v2\/types\/product"}],"wp:attachment":[{"href":"https:\/\/roveyayinevi.com.tr\/index.php\/wp-json\/wp\/v2\/media?parent=747246"}],"wp:term":[{"taxonomy":"product_brand","embeddable":true,"href":"https:\/\/roveyayinevi.com.tr\/index.php\/wp-json\/wp\/v2\/product_brand?post=747246"},{"taxonomy":"product_cat","embeddable":true,"href":"https:\/\/roveyayinevi.com.tr\/index.php\/wp-json\/wp\/v2\/product_cat?post=747246"},{"taxonomy":"product_tag","embeddable":true,"href":"https:\/\/roveyayinevi.com.tr\/index.php\/wp-json\/wp\/v2\/product_tag?post=747246"}],"curies":[{"name":"wp","href":"https:\/\/api.w.org\/{rel}","templated":true}]}}