{"id":747239,"date":"2025-08-28T03:02:04","date_gmt":"2025-08-28T00:02:04","guid":{"rendered":"https:\/\/roveyayinevi.com.tr\/index.php\/urun\/kuramdan-uygulamaya-liderlik\/"},"modified":"2026-04-16T02:59:53","modified_gmt":"2026-04-15T23:59:53","slug":"kuramdan-uygulamaya-liderlik","status":"publish","type":"product","link":"https:\/\/roveyayinevi.com.tr\/index.php\/urun\/kuramdan-uygulamaya-liderlik\/","title":{"rendered":"Kuramdan Uygulamaya Liderlik"},"content":{"rendered":"<p>Toplumlar\u0131n e\u011fitim ve gelir durumu ne kadar iyi olursa olsun, her toplum lidere ihtiya\u00e7 duyar. Liderin en \u00f6nemli i\u015flevi;  ba\u015flatma, ikna etme, etkileme, aya\u011fa kald\u0131rma, eylemde bulundurma ve amaca ula\u015fana kadar takip\u00e7ilerin payda\u015f\u0131 olmakt\u0131r. Liderler olmasayd\u0131, bu i\u015flevler ve roller yerine getirilemeyecekti; kitleleri, \u00f6rg\u00fctleri hedefe ula\u015ft\u0131racak liderler, tarih yazan efsane isimler muhtemelen olmayacakt\u0131. Lider, e\u015fittir ba\u015far\u0131 ve zafer demektir. Liderin kitleleri, izleyenleri etkilemesi, yarat\u0131c\u0131 ve inovatif d\u00fc\u015f\u00fcnmesi, \u00fcst\u00fcn beyinleri \u00f6rg\u00fctsel ama\u00e7lar do\u011frultusunda i\u015fe ko\u015fmas\u0131, ba\u015far\u0131n\u0131n ortaya \u00e7\u0131kmas\u0131nda \u00f6nemli bir etkiye sahiptir.<\/p>\n","protected":false},"excerpt":{"rendered":"<p>Toplumlar\u0131n e\u011fitim ve gelir durumu ne kadar iyi olursa olsun, her toplum lidere ihtiya\u00e7 duyar. Liderin en \u00f6nemli i\u015flevi; ba\u015flatma, ikna etme, etkileme, aya\u011fa kald\u0131rma, eylemde<span class=\"excerpt-hellip\"> [\u2026]<\/span><\/p>\n","protected":false},"featured_media":0,"template":"","meta":{"_monsterinsights_skip_tracking":false,"_monsterinsights_sitenote_active":false,"_monsterinsights_sitenote_note":"","_monsterinsights_sitenote_category":0},"product_brand":[],"product_cat":[12573,12566],"product_tag":[],"class_list":{"0":"post-747239","1":"product","2":"type-product","3":"status-publish","5":"product_cat-akademik-kitaplar","6":"product_cat-egitim","7":"pa_cilt-ciltsiz","8":"pa_tur-kitap","9":"pa_yayinevi-egiten-kitap","10":"pa_yazar-necati-cemaloglu-necmi-gokyer","12":"first","13":"instock","14":"sale","15":"shipping-taxable","16":"purchasable","17":"product-type-simple"},"_links":{"self":[{"href":"https:\/\/roveyayinevi.com.tr\/index.php\/wp-json\/wp\/v2\/product\/747239","targetHints":{"allow":["GET"]}}],"collection":[{"href":"https:\/\/roveyayinevi.com.tr\/index.php\/wp-json\/wp\/v2\/product"}],"about":[{"href":"https:\/\/roveyayinevi.com.tr\/index.php\/wp-json\/wp\/v2\/types\/product"}],"wp:attachment":[{"href":"https:\/\/roveyayinevi.com.tr\/index.php\/wp-json\/wp\/v2\/media?parent=747239"}],"wp:term":[{"taxonomy":"product_brand","embeddable":true,"href":"https:\/\/roveyayinevi.com.tr\/index.php\/wp-json\/wp\/v2\/product_brand?post=747239"},{"taxonomy":"product_cat","embeddable":true,"href":"https:\/\/roveyayinevi.com.tr\/index.php\/wp-json\/wp\/v2\/product_cat?post=747239"},{"taxonomy":"product_tag","embeddable":true,"href":"https:\/\/roveyayinevi.com.tr\/index.php\/wp-json\/wp\/v2\/product_tag?post=747239"}],"curies":[{"name":"wp","href":"https:\/\/api.w.org\/{rel}","templated":true}]}}