{"id":747233,"date":"2025-08-28T03:01:57","date_gmt":"2025-08-28T00:01:57","guid":{"rendered":"https:\/\/roveyayinevi.com.tr\/index.php\/urun\/18-yuzyil-osmanli-donanmasinda-murettebat\/"},"modified":"2026-02-03T03:12:40","modified_gmt":"2026-02-03T00:12:40","slug":"18-yuzyil-osmanli-donanmasinda-murettebat","status":"publish","type":"product","link":"https:\/\/roveyayinevi.com.tr\/index.php\/urun\/18-yuzyil-osmanli-donanmasinda-murettebat\/","title":{"rendered":"18. Y\u00fczy\u0131l Osmanl\u0131 Donanmas\u0131nda M\u00fcrettebat"},"content":{"rendered":"<p>18. Y\u00fczy\u0131l Osmanl\u0131 Donanmas\u0131nda M\u00fcrettebat<\/p>\n","protected":false},"excerpt":{"rendered":"<p>18. Y\u00fczy\u0131l Osmanl\u0131 Donanmas\u0131nda M\u00fcrettebat<\/p>\n","protected":false},"featured_media":0,"template":"","meta":{"_monsterinsights_skip_tracking":false,"_monsterinsights_sitenote_active":false,"_monsterinsights_sitenote_note":"","_monsterinsights_sitenote_category":0},"product_brand":[],"product_cat":[12573,12566],"product_tag":[],"class_list":{"0":"post-747233","1":"product","2":"type-product","3":"status-publish","5":"product_cat-akademik-kitaplar","6":"product_cat-egitim","7":"pa_cilt-ciltsiz","8":"pa_tur-kitap","9":"pa_yayinevi-soncag-akademik-kitaplar","10":"pa_yazar-mehmet-tas","12":"first","13":"instock","14":"sale","15":"shipping-taxable","16":"purchasable","17":"product-type-simple"},"_links":{"self":[{"href":"https:\/\/roveyayinevi.com.tr\/index.php\/wp-json\/wp\/v2\/product\/747233","targetHints":{"allow":["GET"]}}],"collection":[{"href":"https:\/\/roveyayinevi.com.tr\/index.php\/wp-json\/wp\/v2\/product"}],"about":[{"href":"https:\/\/roveyayinevi.com.tr\/index.php\/wp-json\/wp\/v2\/types\/product"}],"wp:attachment":[{"href":"https:\/\/roveyayinevi.com.tr\/index.php\/wp-json\/wp\/v2\/media?parent=747233"}],"wp:term":[{"taxonomy":"product_brand","embeddable":true,"href":"https:\/\/roveyayinevi.com.tr\/index.php\/wp-json\/wp\/v2\/product_brand?post=747233"},{"taxonomy":"product_cat","embeddable":true,"href":"https:\/\/roveyayinevi.com.tr\/index.php\/wp-json\/wp\/v2\/product_cat?post=747233"},{"taxonomy":"product_tag","embeddable":true,"href":"https:\/\/roveyayinevi.com.tr\/index.php\/wp-json\/wp\/v2\/product_tag?post=747233"}],"curies":[{"name":"wp","href":"https:\/\/api.w.org\/{rel}","templated":true}]}}