{"id":747231,"date":"2025-08-28T03:01:54","date_gmt":"2025-08-28T00:01:54","guid":{"rendered":"https:\/\/roveyayinevi.com.tr\/index.php\/urun\/bag-bozumu-2\/"},"modified":"2026-04-03T03:02:25","modified_gmt":"2026-04-03T00:02:25","slug":"bag-bozumu-2","status":"publish","type":"product","link":"https:\/\/roveyayinevi.com.tr\/index.php\/urun\/bag-bozumu-2\/","title":{"rendered":"Ba\u011f Bozumu"},"content":{"rendered":"<p>Hayat yolunu bulur, Konu\u015fmak anlams\u0131z \u00e7o\u011fu zaman. Ufka bakt\u0131\u011f\u0131m\u0131z\u0131 zannederiz,Oysa burnumuzun ucunu g\u00f6remeyiz. \u0130\u00e7imizde zay\u0131f bir \u00e7ocuk,Dilimizde mimlenmi\u015f kelimeler, Bir sanr\u0131dan \u00f6teye ge\u00e7ememi\u015f sevgiler. Ger\u00e7ekle\u015fmeyece\u011fini bile bile,Tutundu\u011fumuz hayaller&#8230;Ve hep bir yar\u0131m kalm\u0131\u015fl\u0131k hali, Titrek bir sil\u00fcet gibi,Kalakal\u0131r\u0131z \u00f6ylece&#8230; \u0130zleriz sessizce;Bir kefen misali, Bize bi\u00e7ilmi\u015f hayat\u0131&#8230;<\/p>\n","protected":false},"excerpt":{"rendered":"<p>Hayat yolunu bulur, Konu\u015fmak anlams\u0131z \u00e7o\u011fu zaman. Ufka bakt\u0131\u011f\u0131m\u0131z\u0131 zannederiz,Oysa burnumuzun ucunu g\u00f6remeyiz. \u0130\u00e7imizde zay\u0131f bir \u00e7ocuk,Dilimizde mimlenmi\u015f kelimeler, Bir sanr\u0131dan \u00f6teye ge\u00e7ememi\u015f sevgiler. Ger\u00e7ekle\u015fmeyece\u011fini bile<span class=\"excerpt-hellip\"> [\u2026]<\/span><\/p>\n","protected":false},"featured_media":0,"template":"","meta":{"_monsterinsights_skip_tracking":false,"_monsterinsights_sitenote_active":false,"_monsterinsights_sitenote_note":"","_monsterinsights_sitenote_category":0},"product_brand":[],"product_cat":[12291,12509],"product_tag":[],"class_list":{"0":"post-747231","1":"product","2":"type-product","3":"status-publish","5":"product_cat-edebiyat","6":"product_cat-siir","7":"pa_cilt-ciltsiz","8":"pa_tur-kitap","9":"pa_yayinevi-panama-yayincilik","10":"pa_yazar-yasemin-koc-kirca","12":"first","13":"instock","14":"sale","15":"shipping-taxable","16":"purchasable","17":"product-type-simple"},"_links":{"self":[{"href":"https:\/\/roveyayinevi.com.tr\/index.php\/wp-json\/wp\/v2\/product\/747231","targetHints":{"allow":["GET"]}}],"collection":[{"href":"https:\/\/roveyayinevi.com.tr\/index.php\/wp-json\/wp\/v2\/product"}],"about":[{"href":"https:\/\/roveyayinevi.com.tr\/index.php\/wp-json\/wp\/v2\/types\/product"}],"wp:attachment":[{"href":"https:\/\/roveyayinevi.com.tr\/index.php\/wp-json\/wp\/v2\/media?parent=747231"}],"wp:term":[{"taxonomy":"product_brand","embeddable":true,"href":"https:\/\/roveyayinevi.com.tr\/index.php\/wp-json\/wp\/v2\/product_brand?post=747231"},{"taxonomy":"product_cat","embeddable":true,"href":"https:\/\/roveyayinevi.com.tr\/index.php\/wp-json\/wp\/v2\/product_cat?post=747231"},{"taxonomy":"product_tag","embeddable":true,"href":"https:\/\/roveyayinevi.com.tr\/index.php\/wp-json\/wp\/v2\/product_tag?post=747231"}],"curies":[{"name":"wp","href":"https:\/\/api.w.org\/{rel}","templated":true}]}}