{"id":747226,"date":"2025-08-28T03:01:43","date_gmt":"2025-08-28T00:01:43","guid":{"rendered":"https:\/\/roveyayinevi.com.tr\/index.php\/urun\/okuma-ogretimi\/"},"modified":"2026-04-16T02:59:52","modified_gmt":"2026-04-15T23:59:52","slug":"okuma-ogretimi","status":"publish","type":"product","link":"https:\/\/roveyayinevi.com.tr\/index.php\/urun\/okuma-ogretimi\/","title":{"rendered":"Okuma \u00d6\u011fretimi"},"content":{"rendered":"<p>Ya\u015fam becerilerinin temelini olu\u015fturmas\u0131 nedeni ile okuma becerisinin kazand\u0131r\u0131lmas\u0131 ve geli\u015ftirilmesi \u00f6nemli g\u00f6r\u00fclmektedir. Hem ailede hem de okulda kazand\u0131r\u0131lmas\u0131 gereken okuma becerisi e\u011fitimi, tesad\u00fcfi durumlara b\u0131rak\u0131lamayacak derecede \u00f6nemli ve planl\u0131 bir etkinliktir. Kitapta okuman\u0131n kazand\u0131r\u0131lmas\u0131 ve geli\u015ftirilmesi s\u00fcreci, program geli\u015ftirme \u00e7er\u00e7evesinde ele al\u0131narak hedef, i\u00e7erik, \u00f6\u011frenme-\u00f6\u011fretim s\u00fcreci ve de\u011ferlendirmeden olu\u015fan bir b\u00fct\u00fcn olarak ele al\u0131nm\u0131\u015ft\u0131r. Bu y\u00f6n\u00fcyle b\u00fct\u00fcnc\u00fcl ve planl\u0131 bir bak\u0131\u015f a\u00e7\u0131s\u0131yla haz\u0131rlanan okuma \u00f6\u011fretimi kitab\u0131n\u0131n okuma becerilerinin kazand\u0131r\u0131lmas\u0131 ve geli\u015ftirilmesi s\u00fcrecinde \u00f6\u011fretmenlere ve \u00f6\u011fretmen adaylar\u0131na katk\u0131 sunaca\u011f\u0131 d\u00fc\u015f\u00fcn\u00fclmektedir.<\/p>\n","protected":false},"excerpt":{"rendered":"<p>Ya\u015fam becerilerinin temelini olu\u015fturmas\u0131 nedeni ile okuma becerisinin kazand\u0131r\u0131lmas\u0131 ve geli\u015ftirilmesi \u00f6nemli g\u00f6r\u00fclmektedir. Hem ailede hem de okulda kazand\u0131r\u0131lmas\u0131 gereken okuma becerisi e\u011fitimi, tesad\u00fcfi durumlara b\u0131rak\u0131lamayacak<span class=\"excerpt-hellip\"> [\u2026]<\/span><\/p>\n","protected":false},"featured_media":0,"template":"","meta":{"_monsterinsights_skip_tracking":false,"_monsterinsights_sitenote_active":false,"_monsterinsights_sitenote_note":"","_monsterinsights_sitenote_category":0},"product_brand":[],"product_cat":[12573,12566],"product_tag":[],"class_list":{"0":"post-747226","1":"product","2":"type-product","3":"status-publish","5":"product_cat-akademik-kitaplar","6":"product_cat-egitim","7":"pa_cilt-ciltsiz","8":"pa_tur-kitap","9":"pa_yayinevi-egiten-kitap","10":"pa_yazar-birsen-dogan","12":"first","13":"instock","14":"sale","15":"shipping-taxable","16":"purchasable","17":"product-type-simple"},"_links":{"self":[{"href":"https:\/\/roveyayinevi.com.tr\/index.php\/wp-json\/wp\/v2\/product\/747226","targetHints":{"allow":["GET"]}}],"collection":[{"href":"https:\/\/roveyayinevi.com.tr\/index.php\/wp-json\/wp\/v2\/product"}],"about":[{"href":"https:\/\/roveyayinevi.com.tr\/index.php\/wp-json\/wp\/v2\/types\/product"}],"wp:attachment":[{"href":"https:\/\/roveyayinevi.com.tr\/index.php\/wp-json\/wp\/v2\/media?parent=747226"}],"wp:term":[{"taxonomy":"product_brand","embeddable":true,"href":"https:\/\/roveyayinevi.com.tr\/index.php\/wp-json\/wp\/v2\/product_brand?post=747226"},{"taxonomy":"product_cat","embeddable":true,"href":"https:\/\/roveyayinevi.com.tr\/index.php\/wp-json\/wp\/v2\/product_cat?post=747226"},{"taxonomy":"product_tag","embeddable":true,"href":"https:\/\/roveyayinevi.com.tr\/index.php\/wp-json\/wp\/v2\/product_tag?post=747226"}],"curies":[{"name":"wp","href":"https:\/\/api.w.org\/{rel}","templated":true}]}}