{"id":747225,"date":"2025-08-28T03:01:42","date_gmt":"2025-08-28T00:01:42","guid":{"rendered":"https:\/\/roveyayinevi.com.tr\/index.php\/urun\/kariyer-planlama\/"},"modified":"2026-04-16T02:59:52","modified_gmt":"2026-04-15T23:59:52","slug":"kariyer-planlama","status":"publish","type":"product","link":"https:\/\/roveyayinevi.com.tr\/index.php\/urun\/kariyer-planlama\/","title":{"rendered":"Kariyer Planlama"},"content":{"rendered":"<p>Meslekler ilk insanlardan g\u00fcn\u00fcm\u00fcze kadar belli a\u015famalardan ge\u00e7mi\u015f, geli\u015fim ve de\u011fi\u015fim ge\u00e7irmi\u015flerdir. \u00d6zellikle 20. y\u00fczy\u0131ldaki teknolojik geli\u015fmeler mesleklerin \u00f6zelliklerini ve yap\u0131s\u0131n\u0131 h\u0131zl\u0131 bir \u015fekilde de\u011fi\u015ftirmi\u015ftir. \u0130\u015f s\u00fcre\u00e7leri ile birlikte de\u011fi\u015fen i\u015f gruplar\u0131, i\u015fleri yapacak olan i\u015f g\u00f6renlerin yetkinlikleri \u00fczerinde belirleyici olmu\u015f ve i\u015fletmelerin i\u015f g\u00f6renlerden bekledikleri yetenek ve becerileri farkl\u0131la\u015ft\u0131rm\u0131\u015ft\u0131r. Mesleklerin de\u011fi\u015fime u\u011framas\u0131 bireylerin kendilerini sahip olmak istedikleri meslekler do\u011frultusunda geli\u015ftirmelerini zorunlu k\u0131lm\u0131\u015ft\u0131r. Bireylerin kendi niteliklerini geli\u015ftirmek ve i\u015f g\u00fcc\u00fc piyasas\u0131n\u0131n taleplerine kar\u015f\u0131l\u0131k verebilmek i\u00e7in kariyer planlamaya duyulan ihtiya\u00e7 son y\u0131llarda olduk\u00e7a artm\u0131\u015ft\u0131r. Bireyin ya\u015fam\u0131nda kendine uygun mesle\u011fi bulmas\u0131 ve bu meslekte ilerlemesi \u201ckariyer geli\u015fimi\u201d kavram\u0131n\u0131 \u00f6n plana \u00e7\u0131karm\u0131\u015ft\u0131r.<\/p>\n","protected":false},"excerpt":{"rendered":"<p>Meslekler ilk insanlardan g\u00fcn\u00fcm\u00fcze kadar belli a\u015famalardan ge\u00e7mi\u015f, geli\u015fim ve de\u011fi\u015fim ge\u00e7irmi\u015flerdir. \u00d6zellikle 20. y\u00fczy\u0131ldaki teknolojik geli\u015fmeler mesleklerin \u00f6zelliklerini ve yap\u0131s\u0131n\u0131 h\u0131zl\u0131 bir \u015fekilde de\u011fi\u015ftirmi\u015ftir. \u0130\u015f<span class=\"excerpt-hellip\"> [\u2026]<\/span><\/p>\n","protected":false},"featured_media":0,"template":"","meta":{"_monsterinsights_skip_tracking":false,"_monsterinsights_sitenote_active":false,"_monsterinsights_sitenote_note":"","_monsterinsights_sitenote_category":0},"product_brand":[],"product_cat":[12573,12566],"product_tag":[],"class_list":{"0":"post-747225","1":"product","2":"type-product","3":"status-publish","5":"product_cat-akademik-kitaplar","6":"product_cat-egitim","7":"pa_cilt-ciltsiz","8":"pa_tur-kitap","9":"pa_yayinevi-egiten-kitap","10":"pa_yazar-tuncay-oral-aykut-gunlu","12":"first","13":"instock","14":"sale","15":"shipping-taxable","16":"purchasable","17":"product-type-simple"},"_links":{"self":[{"href":"https:\/\/roveyayinevi.com.tr\/index.php\/wp-json\/wp\/v2\/product\/747225","targetHints":{"allow":["GET"]}}],"collection":[{"href":"https:\/\/roveyayinevi.com.tr\/index.php\/wp-json\/wp\/v2\/product"}],"about":[{"href":"https:\/\/roveyayinevi.com.tr\/index.php\/wp-json\/wp\/v2\/types\/product"}],"wp:attachment":[{"href":"https:\/\/roveyayinevi.com.tr\/index.php\/wp-json\/wp\/v2\/media?parent=747225"}],"wp:term":[{"taxonomy":"product_brand","embeddable":true,"href":"https:\/\/roveyayinevi.com.tr\/index.php\/wp-json\/wp\/v2\/product_brand?post=747225"},{"taxonomy":"product_cat","embeddable":true,"href":"https:\/\/roveyayinevi.com.tr\/index.php\/wp-json\/wp\/v2\/product_cat?post=747225"},{"taxonomy":"product_tag","embeddable":true,"href":"https:\/\/roveyayinevi.com.tr\/index.php\/wp-json\/wp\/v2\/product_tag?post=747225"}],"curies":[{"name":"wp","href":"https:\/\/api.w.org\/{rel}","templated":true}]}}