{"id":747224,"date":"2025-08-28T03:01:41","date_gmt":"2025-08-28T00:01:41","guid":{"rendered":"https:\/\/roveyayinevi.com.tr\/index.php\/urun\/hayat-kurtaran-ilk-yardim\/"},"modified":"2026-04-16T02:59:52","modified_gmt":"2026-04-15T23:59:52","slug":"hayat-kurtaran-ilk-yardim","status":"publish","type":"product","link":"https:\/\/roveyayinevi.com.tr\/index.php\/urun\/hayat-kurtaran-ilk-yardim\/","title":{"rendered":"Hayat Kurtaran \u0130lk Yard\u0131m"},"content":{"rendered":"<p>D\u00fcnyada her zaman \u00e7ok \u00e7e\u015fitli tehlikeler bulunmaktad\u0131r. Bu tehlikelerin \u00e7o\u011fu insano\u011flunu ilgilendirir.  Asl\u0131nda tehlike sadece insanlar i\u00e7in de\u011fil, b\u00fct\u00fcn canl\u0131lar i\u00e7in ge\u00e7erlidir. Ancak biz, burada sadece insanlara y\u00f6nelik tehlikelerden veya olaylardan s\u00f6z etmekteyiz. Hayat\u0131m\u0131z\u0131n her g\u00fcn\u00fc, her saati hatta her an\u0131nda ve hi\u00e7 de tahmin edemedi\u011fimiz bir tarzda \u00e7ok de\u011fi\u015fik ve tehlikeli durumlarla kar\u015f\u0131la\u015fabiliriz. Kar\u015f\u0131la\u015ft\u0131\u011f\u0131m\u0131z bu durumlar; bazen \u00e7o\u011fu kez kaza olarak adland\u0131raca\u011f\u0131m\u0131z \u015fekilde geli\u015fir. Asl\u0131nda bunlar\u0131n \u00e7o\u011funu tahmin edemeyiz. Lakin tahmin edebileceklerimiz de vard\u0131r. \u00d6rne\u011fin: Trafikte h\u0131z s\u0131n\u0131rlar\u0131n\u0131 a\u015farak yol al\u0131rsak, kaza ka\u00e7\u0131n\u0131lmaz olur. Bunu tahmin etmek zor de\u011fil. Lakin \u00f6nemli olan toplumda sadece kendi ihtiraslar\u0131m\u0131z\u0131 tatmin etmek de\u011fil, toplumdaki di\u011fer insanlar\u0131n hak ve \u00f6zg\u00fcrl\u00fcklerine de sayg\u0131l\u0131 davranmak olmal\u0131d\u0131r.<\/p>\n","protected":false},"excerpt":{"rendered":"<p>D\u00fcnyada her zaman \u00e7ok \u00e7e\u015fitli tehlikeler bulunmaktad\u0131r. Bu tehlikelerin \u00e7o\u011fu insano\u011flunu ilgilendirir. Asl\u0131nda tehlike sadece insanlar i\u00e7in de\u011fil, b\u00fct\u00fcn canl\u0131lar i\u00e7in ge\u00e7erlidir. Ancak biz, burada sadece<span class=\"excerpt-hellip\"> [\u2026]<\/span><\/p>\n","protected":false},"featured_media":0,"template":"","meta":{"_monsterinsights_skip_tracking":false,"_monsterinsights_sitenote_active":false,"_monsterinsights_sitenote_note":"","_monsterinsights_sitenote_category":0},"product_brand":[],"product_cat":[12573,12566],"product_tag":[],"class_list":{"0":"post-747224","1":"product","2":"type-product","3":"status-publish","5":"product_cat-akademik-kitaplar","6":"product_cat-egitim","7":"pa_cilt-ciltsiz","8":"pa_tur-kitap","9":"pa_yayinevi-egiten-kitap","10":"pa_yazar-nihat-demir","12":"first","13":"instock","14":"sale","15":"shipping-taxable","16":"purchasable","17":"product-type-simple"},"_links":{"self":[{"href":"https:\/\/roveyayinevi.com.tr\/index.php\/wp-json\/wp\/v2\/product\/747224","targetHints":{"allow":["GET"]}}],"collection":[{"href":"https:\/\/roveyayinevi.com.tr\/index.php\/wp-json\/wp\/v2\/product"}],"about":[{"href":"https:\/\/roveyayinevi.com.tr\/index.php\/wp-json\/wp\/v2\/types\/product"}],"wp:attachment":[{"href":"https:\/\/roveyayinevi.com.tr\/index.php\/wp-json\/wp\/v2\/media?parent=747224"}],"wp:term":[{"taxonomy":"product_brand","embeddable":true,"href":"https:\/\/roveyayinevi.com.tr\/index.php\/wp-json\/wp\/v2\/product_brand?post=747224"},{"taxonomy":"product_cat","embeddable":true,"href":"https:\/\/roveyayinevi.com.tr\/index.php\/wp-json\/wp\/v2\/product_cat?post=747224"},{"taxonomy":"product_tag","embeddable":true,"href":"https:\/\/roveyayinevi.com.tr\/index.php\/wp-json\/wp\/v2\/product_tag?post=747224"}],"curies":[{"name":"wp","href":"https:\/\/api.w.org\/{rel}","templated":true}]}}