{"id":747222,"date":"2025-08-28T03:01:39","date_gmt":"2025-08-28T00:01:39","guid":{"rendered":"https:\/\/roveyayinevi.com.tr\/index.php\/urun\/baba-ve-bebeklerin-etkilesimlerini-degerlendirmede-kullanilan-baba-cocuk-duygulanim-yanit-verme-ve-mesguliyet-olcegi\/"},"modified":"2026-04-16T02:59:52","modified_gmt":"2026-04-15T23:59:52","slug":"baba-ve-bebeklerin-etkilesimlerini-degerlendirmede-kullanilan-baba-cocuk-duygulanim-yanit-verme-ve-mesguliyet-olcegi","status":"publish","type":"product","link":"https:\/\/roveyayinevi.com.tr\/index.php\/urun\/baba-ve-bebeklerin-etkilesimlerini-degerlendirmede-kullanilan-baba-cocuk-duygulanim-yanit-verme-ve-mesguliyet-olcegi\/","title":{"rendered":"Baba ve Bebeklerin Etkile\u015fimlerini De\u011ferlendirmede Kullan\u0131lan; Baba- \u00c7ocuk  Duygulan\u0131m, Yan\u0131t Verme Ve Me\u015fguliyet \u00d6l\u00e7e\u011fi"},"content":{"rendered":"<p>Ya\u015fam\u0131n ilk ve en k\u0131ymetli zamanlar\u0131n\u0131 i\u00e7ine alan bebeklik d\u00f6neminin \u00f6nemli bir \u00f6zelliklerinden biri de bu d\u00f6nemde bebeklerin geli\u015fimlerini do\u011frudan etkileyen konumda olman\u0131n ehemmiyetini bilip bu ciddiyetle bebekle ge\u00e7irilen s\u00fcrenin ve bebeklik d\u00f6neminin \u00e7ok iyi planlanmas\u0131 ve nitelikli zaman ge\u00e7irilmeye \u00e7al\u0131\u015f\u0131lmas\u0131 bebek geli\u015fimin desteklenmesi a\u00e7\u0131s\u0131ndan \u00f6nemli olmaktad\u0131r. Geli\u015fimsel olarak herhangi bir geli\u015fim alan\u0131nda olas\u0131 geli\u015fim problemlerinin belirlenmesinde uzman de\u011ferlendirmesinin yan\u0131 s\u0131ra g\u00fc\u00e7l\u00fc bir etkile\u015fime sahip olan ebeveynlerin de en \u00f6nemli belirleyicilerden oldu\u011fu unutulmamal\u0131d\u0131r. Bu kitap, \u00f6ncelikle babalar\u0131n bebekleri ile g\u00fc\u00e7l\u00fc bir etkile\u015fim kurabilmeleri i\u00e7in rehberlik etmekte, etkile\u015fimi g\u00fc\u00e7lendiren b\u00fct\u00fcn noktalar konusunda babalara ayr\u0131nt\u0131l\u0131 bir bilgi ve stratejiler sunmaktad\u0131r. Ayn\u0131 \u015fekilde bebeklerin de hangi etkile\u015fim davran\u0131\u015flar\u0131n\u0131n oldu\u011fu ve bu davran\u0131\u015flar\u0131n ne \u015fekilde desteklenmesi konusunda da pratik \u00f6neriler i\u00e7ermektedir. <\/p>\n","protected":false},"excerpt":{"rendered":"<p>Ya\u015fam\u0131n ilk ve en k\u0131ymetli zamanlar\u0131n\u0131 i\u00e7ine alan bebeklik d\u00f6neminin \u00f6nemli bir \u00f6zelliklerinden biri de bu d\u00f6nemde bebeklerin geli\u015fimlerini do\u011frudan etkileyen konumda olman\u0131n ehemmiyetini bilip bu<span class=\"excerpt-hellip\"> [\u2026]<\/span><\/p>\n","protected":false},"featured_media":0,"template":"","meta":{"_monsterinsights_skip_tracking":false,"_monsterinsights_sitenote_active":false,"_monsterinsights_sitenote_note":"","_monsterinsights_sitenote_category":0},"product_brand":[],"product_cat":[12573,12566],"product_tag":[],"class_list":{"0":"post-747222","1":"product","2":"type-product","3":"status-publish","5":"product_cat-akademik-kitaplar","6":"product_cat-egitim","7":"pa_cilt-ciltsiz","8":"pa_tur-kitap","9":"pa_yayinevi-egiten-kitap","10":"pa_yazar-ayse-belgin-aksoy-esra-demir-ozturk","12":"first","13":"instock","14":"sale","15":"shipping-taxable","16":"purchasable","17":"product-type-simple"},"_links":{"self":[{"href":"https:\/\/roveyayinevi.com.tr\/index.php\/wp-json\/wp\/v2\/product\/747222","targetHints":{"allow":["GET"]}}],"collection":[{"href":"https:\/\/roveyayinevi.com.tr\/index.php\/wp-json\/wp\/v2\/product"}],"about":[{"href":"https:\/\/roveyayinevi.com.tr\/index.php\/wp-json\/wp\/v2\/types\/product"}],"wp:attachment":[{"href":"https:\/\/roveyayinevi.com.tr\/index.php\/wp-json\/wp\/v2\/media?parent=747222"}],"wp:term":[{"taxonomy":"product_brand","embeddable":true,"href":"https:\/\/roveyayinevi.com.tr\/index.php\/wp-json\/wp\/v2\/product_brand?post=747222"},{"taxonomy":"product_cat","embeddable":true,"href":"https:\/\/roveyayinevi.com.tr\/index.php\/wp-json\/wp\/v2\/product_cat?post=747222"},{"taxonomy":"product_tag","embeddable":true,"href":"https:\/\/roveyayinevi.com.tr\/index.php\/wp-json\/wp\/v2\/product_tag?post=747222"}],"curies":[{"name":"wp","href":"https:\/\/api.w.org\/{rel}","templated":true}]}}