{"id":747220,"date":"2025-08-28T03:01:36","date_gmt":"2025-08-28T00:01:36","guid":{"rendered":"https:\/\/roveyayinevi.com.tr\/index.php\/urun\/cocuklarda-norolojik-gelisim\/"},"modified":"2026-04-16T02:59:52","modified_gmt":"2026-04-15T23:59:52","slug":"cocuklarda-norolojik-gelisim","status":"publish","type":"product","link":"https:\/\/roveyayinevi.com.tr\/index.php\/urun\/cocuklarda-norolojik-gelisim\/","title":{"rendered":"\u00c7ocuklarda N\u00f6rolojik Geli\u015fim"},"content":{"rendered":"<p>Beyin geli\u015fimi kal\u0131t\u0131msal \u00f6zelliklerin yan\u0131 s\u0131ra \u00e7evresel fakt\u00f6rlerin de etkisiyle ve \u00e7ocu\u011fa sunulan zengin uyar\u0131c\u0131larla do\u011frudan ili\u015fkilidir. Beyin h\u00fccreleri kullan\u0131ld\u0131k\u00e7a geli\u015fir, i\u015flendik\u00e7e kuvvetlenir. \u015eayet kullan\u0131lmazsa k\u00fc\u00e7\u00fcl\u00fcr ve zamanla yok olabilir. Bu durum \u201ckullan ya da kaybet\u201d ilkesiyle a\u00e7\u0131klanabilmektedir. Geli\u015fimde kritik evrelerin oldu\u011fu g\u00f6z \u00f6n\u00fcnde bulundurularak beynin geli\u015fimsel s\u00fcreci dikkatle izlenebilmektedir.   \u0130nsan anatomisi ve fizyolojisi, n\u00f6rolojik geli\u015fim, n\u00f6rolojik durumun de\u011ferlendirilmesi, n\u00f6rolojik tan\u0131 ve y\u00f6ntemler, n\u00f6betler, n\u00f6rolojik enfeksiyonlar, n\u00f6rom\u00fcsk\u00fcler hastal\u0131klar, genetik hastal\u0131klar, konjenital anomaliler, \u00e7ocukta n\u00f6rolojik yaralanmalar kitab\u0131n i\u00e7eri\u011fini olu\u015fturmaktad\u0131r.<\/p>\n","protected":false},"excerpt":{"rendered":"<p>Beyin geli\u015fimi kal\u0131t\u0131msal \u00f6zelliklerin yan\u0131 s\u0131ra \u00e7evresel fakt\u00f6rlerin de etkisiyle ve \u00e7ocu\u011fa sunulan zengin uyar\u0131c\u0131larla do\u011frudan ili\u015fkilidir. Beyin h\u00fccreleri kullan\u0131ld\u0131k\u00e7a geli\u015fir, i\u015flendik\u00e7e kuvvetlenir. \u015eayet kullan\u0131lmazsa k\u00fc\u00e7\u00fcl\u00fcr<span class=\"excerpt-hellip\"> [\u2026]<\/span><\/p>\n","protected":false},"featured_media":0,"template":"","meta":{"_monsterinsights_skip_tracking":false,"_monsterinsights_sitenote_active":false,"_monsterinsights_sitenote_note":"","_monsterinsights_sitenote_category":0},"product_brand":[],"product_cat":[12573,12566],"product_tag":[],"class_list":{"0":"post-747220","1":"product","2":"type-product","3":"status-publish","5":"product_cat-akademik-kitaplar","6":"product_cat-egitim","7":"pa_cilt-ciltsiz","8":"pa_tur-kitap","9":"pa_yayinevi-egiten-kitap","10":"pa_yazar-kolektif","12":"first","13":"instock","14":"sale","15":"shipping-taxable","16":"purchasable","17":"product-type-simple"},"_links":{"self":[{"href":"https:\/\/roveyayinevi.com.tr\/index.php\/wp-json\/wp\/v2\/product\/747220","targetHints":{"allow":["GET"]}}],"collection":[{"href":"https:\/\/roveyayinevi.com.tr\/index.php\/wp-json\/wp\/v2\/product"}],"about":[{"href":"https:\/\/roveyayinevi.com.tr\/index.php\/wp-json\/wp\/v2\/types\/product"}],"wp:attachment":[{"href":"https:\/\/roveyayinevi.com.tr\/index.php\/wp-json\/wp\/v2\/media?parent=747220"}],"wp:term":[{"taxonomy":"product_brand","embeddable":true,"href":"https:\/\/roveyayinevi.com.tr\/index.php\/wp-json\/wp\/v2\/product_brand?post=747220"},{"taxonomy":"product_cat","embeddable":true,"href":"https:\/\/roveyayinevi.com.tr\/index.php\/wp-json\/wp\/v2\/product_cat?post=747220"},{"taxonomy":"product_tag","embeddable":true,"href":"https:\/\/roveyayinevi.com.tr\/index.php\/wp-json\/wp\/v2\/product_tag?post=747220"}],"curies":[{"name":"wp","href":"https:\/\/api.w.org\/{rel}","templated":true}]}}