{"id":747214,"date":"2025-08-28T03:01:28","date_gmt":"2025-08-28T00:01:28","guid":{"rendered":"https:\/\/roveyayinevi.com.tr\/index.php\/urun\/cileden-cikan-ebeveyn\/"},"modified":"2026-04-16T02:59:52","modified_gmt":"2026-04-15T23:59:52","slug":"cileden-cikan-ebeveyn","status":"publish","type":"product","link":"https:\/\/roveyayinevi.com.tr\/index.php\/urun\/cileden-cikan-ebeveyn\/","title":{"rendered":"\u00c7ileden \u00c7\u0131kan Ebeveyn"},"content":{"rendered":"<p>Ebeveynlik zordur\u2026 Her ebeveyn bazen \u00e7ileden \u00e7\u0131kabilir, kendini kaybedebilir. Kontrol\u00fc kaybedince \u00e7ocuklar\u0131n\u0131za \u00e7\u0131k\u0131\u015f\u0131yor, ba\u011f\u0131r\u0131yor, bazen feryat ediyor olabilirsiniz. Asl\u0131nda ne yapmak gerekti\u011fini biliyor, daha sakin ve daha bilin\u00e7li olmak istiyorsunuz; ama ne kadar \u00e7abalarsan\u0131z \u00e7abalay\u0131n s\u00fck\u00fbnetinizi yitiriyorsunuz. Asabile\u015fip tepkisel davrand\u0131\u011f\u0131n\u0131zda da kendinizi su\u00e7lu hissediyorsunuz\u2026Ne yapacaks\u0131n\u0131z? T\u00fcm bunlar\u0131 ya\u015fam\u0131\u015f ve benzer yollardan ge\u00e7mi\u015f bir sosyal hizmet uzman\u0131 olan Carla Naumburg sizi anl\u0131yor ve bu kitapla yard\u0131m\u0131n\u0131za geliyor. E\u011fer gereken bilgiye, yeterli deste\u011fe ve kayna\u011fa sahip olmadan ve iyice dinlen(e)meden \u00e7ocuklar\u0131n\u0131zla ilgilenmeye \u00e7al\u0131\u015f\u0131yorsan\u0131z kendinizi kaybedece\u011finiz kesindir. Bu, sizin k\u00f6t\u00fc bir ebeveyn oldu\u011funuz anlam\u0131na gelmez; insan oldu\u011funuz anlam\u0131na gelir. Ayr\u0131ca \u201cm\u00fckemmel ebeveyn\u201d diye bir \u015fey de yoktur. Ama daha iyi olabilirsiniz tabii\u2026 Naumburg her defas\u0131nda nas\u0131l sakinle\u015fip kendinizi toparlayaca\u011f\u0131n\u0131z\u0131 anlat\u0131rken, \u00e7ocuklar\u0131n\u0131zla daha iyi ba\u011f kurman\u0131n, onlara ve kendinize \u015fefkat g\u00f6stererek hep birlikte kendinizi daha iyi hissetmenin ve sonu\u00e7ta \u00e7ocuklar\u0131n\u0131za daha iyi yol g\u00f6stermenin m\u00fcmk\u00fcn oldu\u011funu ortaya koyuyor. G\u00fc\u00e7l\u00fc bir mizah duygusuyla kaleme al\u0131nan bu ebeveynlik rehberi somut \u00f6rneklerle, pratik ara\u00e7larla hayat\u0131n\u0131z\u0131 kolayla\u015ft\u0131r\u0131rken evde daha huzurlu ve mutlu bir ortam\u0131n da egemen olmas\u0131n\u0131 sa\u011flayacakt\u0131r.<\/p>\n","protected":false},"excerpt":{"rendered":"<p>Ebeveynlik zordur\u2026 Her ebeveyn bazen \u00e7ileden \u00e7\u0131kabilir, kendini kaybedebilir. Kontrol\u00fc kaybedince \u00e7ocuklar\u0131n\u0131za \u00e7\u0131k\u0131\u015f\u0131yor, ba\u011f\u0131r\u0131yor, bazen feryat ediyor olabilirsiniz. Asl\u0131nda ne yapmak gerekti\u011fini biliyor, daha sakin ve<span class=\"excerpt-hellip\"> [\u2026]<\/span><\/p>\n","protected":false},"featured_media":0,"template":"","meta":{"_monsterinsights_skip_tracking":false,"_monsterinsights_sitenote_active":false,"_monsterinsights_sitenote_note":"","_monsterinsights_sitenote_category":0},"product_brand":[],"product_cat":[12831,12324],"product_tag":[],"class_list":{"0":"post-747214","1":"product","2":"type-product","3":"status-publish","5":"product_cat-aile-ve-cocuk","6":"product_cat-sosyoloji","7":"pa_cilt-ciltsiz","8":"pa_tur-kitap","9":"pa_yayinevi-kuraldisi-yayinevi","10":"pa_yazar-carla-naumburg","12":"first","13":"instock","14":"sale","15":"shipping-taxable","16":"purchasable","17":"product-type-simple"},"_links":{"self":[{"href":"https:\/\/roveyayinevi.com.tr\/index.php\/wp-json\/wp\/v2\/product\/747214","targetHints":{"allow":["GET"]}}],"collection":[{"href":"https:\/\/roveyayinevi.com.tr\/index.php\/wp-json\/wp\/v2\/product"}],"about":[{"href":"https:\/\/roveyayinevi.com.tr\/index.php\/wp-json\/wp\/v2\/types\/product"}],"wp:attachment":[{"href":"https:\/\/roveyayinevi.com.tr\/index.php\/wp-json\/wp\/v2\/media?parent=747214"}],"wp:term":[{"taxonomy":"product_brand","embeddable":true,"href":"https:\/\/roveyayinevi.com.tr\/index.php\/wp-json\/wp\/v2\/product_brand?post=747214"},{"taxonomy":"product_cat","embeddable":true,"href":"https:\/\/roveyayinevi.com.tr\/index.php\/wp-json\/wp\/v2\/product_cat?post=747214"},{"taxonomy":"product_tag","embeddable":true,"href":"https:\/\/roveyayinevi.com.tr\/index.php\/wp-json\/wp\/v2\/product_tag?post=747214"}],"curies":[{"name":"wp","href":"https:\/\/api.w.org\/{rel}","templated":true}]}}