{"id":747212,"date":"2025-08-28T03:01:26","date_gmt":"2025-08-28T00:01:26","guid":{"rendered":"https:\/\/roveyayinevi.com.tr\/index.php\/urun\/mevlanadan-sonra-mevlevilik\/"},"modified":"2026-04-16T02:59:52","modified_gmt":"2026-04-15T23:59:52","slug":"mevlanadan-sonra-mevlevilik","status":"publish","type":"product","link":"https:\/\/roveyayinevi.com.tr\/index.php\/urun\/mevlanadan-sonra-mevlevilik\/","title":{"rendered":"Mevlana\u2019dan Sonra Mevlevilik"},"content":{"rendered":"<p>\u201cEserimiz, yaln\u0131z bir tarikatin hal tercemesi de\u011fil, bir yandan da vesikalar toplulu\u011fudur. B\u00f6ylece tarihe malolan bir tarikatin kurulu\u015fundan beri ge\u00e7irdi\u011fi safhalar\u0131, tarihten ald\u0131\u011f\u0131m\u0131z vesikalarla merakl\u0131lara, tarih ve tasavvuf ehline, tek s\u00f6zle tarihe sunuyoruz.\u201d Abd\u00fclb\u00e2ki G\u00f6lp\u0131narl\u0131<\/p>\n","protected":false},"excerpt":{"rendered":"<p>\u201cEserimiz, yaln\u0131z bir tarikatin hal tercemesi de\u011fil, bir yandan da vesikalar toplulu\u011fudur. B\u00f6ylece tarihe malolan bir tarikatin kurulu\u015fundan beri ge\u00e7irdi\u011fi safhalar\u0131, tarihten ald\u0131\u011f\u0131m\u0131z vesikalarla merakl\u0131lara, tarih<span class=\"excerpt-hellip\"> [\u2026]<\/span><\/p>\n","protected":false},"featured_media":0,"template":"","meta":{"_monsterinsights_skip_tracking":false,"_monsterinsights_sitenote_active":false,"_monsterinsights_sitenote_note":"","_monsterinsights_sitenote_category":0},"product_brand":[],"product_cat":[12718,12719,15238],"product_tag":[],"class_list":{"0":"post-747212","1":"product","2":"type-product","3":"status-publish","5":"product_cat-din","6":"product_cat-islam","7":"product_cat-tasavvuf","8":"pa_cilt-ciltsiz","9":"pa_tur-kitap","10":"pa_yayinevi-inkilap-kitabevi","11":"pa_yazar-abdulbaki-golpinarli","13":"first","14":"instock","15":"sale","16":"shipping-taxable","17":"purchasable","18":"product-type-simple"},"_links":{"self":[{"href":"https:\/\/roveyayinevi.com.tr\/index.php\/wp-json\/wp\/v2\/product\/747212","targetHints":{"allow":["GET"]}}],"collection":[{"href":"https:\/\/roveyayinevi.com.tr\/index.php\/wp-json\/wp\/v2\/product"}],"about":[{"href":"https:\/\/roveyayinevi.com.tr\/index.php\/wp-json\/wp\/v2\/types\/product"}],"wp:attachment":[{"href":"https:\/\/roveyayinevi.com.tr\/index.php\/wp-json\/wp\/v2\/media?parent=747212"}],"wp:term":[{"taxonomy":"product_brand","embeddable":true,"href":"https:\/\/roveyayinevi.com.tr\/index.php\/wp-json\/wp\/v2\/product_brand?post=747212"},{"taxonomy":"product_cat","embeddable":true,"href":"https:\/\/roveyayinevi.com.tr\/index.php\/wp-json\/wp\/v2\/product_cat?post=747212"},{"taxonomy":"product_tag","embeddable":true,"href":"https:\/\/roveyayinevi.com.tr\/index.php\/wp-json\/wp\/v2\/product_tag?post=747212"}],"curies":[{"name":"wp","href":"https:\/\/api.w.org\/{rel}","templated":true}]}}