{"id":747210,"date":"2025-08-28T03:01:24","date_gmt":"2025-08-28T00:01:24","guid":{"rendered":"https:\/\/roveyayinevi.com.tr\/index.php\/urun\/genel-piskoloji\/"},"modified":"2026-02-03T03:12:39","modified_gmt":"2026-02-03T00:12:39","slug":"genel-piskoloji","status":"publish","type":"product","link":"https:\/\/roveyayinevi.com.tr\/index.php\/urun\/genel-piskoloji\/","title":{"rendered":"Genel Piskoloji"},"content":{"rendered":"<p>Bu kitap, g\u00fcn\u00fcm\u00fcz\u00fcn bilimi \u0131\u015f\u0131\u011f\u0131nda insan davran\u0131\u015flar\u0131na anlay\u0131\u015f kazand\u0131rmay\u0131 ama\u00e7 edinen bir psikolojiye giri\u015f kitab\u0131 olarak kaleme al\u0131nm\u0131\u015ft\u0131r. Bu \u00f6zelli\u011fi ile \u00f6\u011fretmen yeti\u015ftiren kurum ve programlarda, psikolojiye yer veren y\u00fcksekokullarda bir ders kitab\u0131 olarak kullan\u0131labilir. Ayr\u0131ca, psikolojiye ilgi g\u00f6steren herkesin bu alan\u0131 tan\u0131mak \u00fczere ba\u015fvurabilece\u011fi bir kaynakt\u0131r. Psikolojiye genel bir bak\u0131\u015f kazand\u0131racak bilgilere yer verilmi\u015f, bunlara ili\u015fkin ki\u015fisel ve toplumsal sorunlarla metotlar ele al\u0131nm\u0131\u015f, psikolojik olaylar\u0131n fizyolojik yanlar\u0131na de\u011finilmi\u015ftir. \u0130nsan geli\u015fimi konusu, davran\u0131\u015flar\u0131n kaynaklar\u0131n\u0131 te\u015fkil eden g\u00fcd\u00fcler ve duygularla yak\u0131n ili\u015fkisi olan uyum mekanizmalar\u0131na ge\u00e7ilmi\u015f ve ruh sa\u011fl\u0131\u011f\u0131 konusu i\u015flenmi\u015ftir. Birey ve \u00e7evresi aras\u0131nda k\u00f6pr\u00fc vazifesi g\u00f6ren duygular; bireyin \u00e7evresini kavramas\u0131n\u0131 m\u00fcmk\u00fcn k\u0131lan dikkat ve alg\u0131; insan\u0131n ihtiya\u00e7lar\u0131n\u0131 kar\u015f\u0131lamak \u00fczere \u00e7evresine uyma i\u015finde davran\u0131\u015flar\u0131n\u0131 nas\u0131l de\u011fi\u015ftirdi\u011fini a\u00e7\u0131klayan \u00f6\u011frenme konular\u0131, bellek ve al\u0131\u015fkanl\u0131klar\u0131 ele al\u0131nm\u0131\u015ft\u0131r. \u0130nsan\u0131n \u00e7evresine daha iyi uyumunu sa\u011flayan d\u00fc\u015f\u00fcnme, imgeleme ve konu\u015fma gibi sembolik eylemlere de\u011finilmi\u015f; insanlar aras\u0131ndaki benzerliklerin ve ayr\u0131l\u0131klar\u0131n kayna\u011f\u0131 olan kat\u0131l\u0131m ve \u00e7evre problemi \u00fczerinde durulmu\u015f; ayn\u0131 zamanda insanlar aras\u0131ndaki ayr\u0131l\u0131klar\u0131n belirledi\u011fi ba\u015fl\u0131ca alanlar olan zek\u00e2, ki\u015filik ve benlik konular\u0131 i\u015flenmi\u015ftir. Kitap, anla\u015f\u0131l\u0131r bir dil ve \u00fcslupla yaz\u0131lm\u0131\u015f, uzun c\u00fcmleler ve karma\u015f\u0131k ifadelerden ka\u00e7\u0131n\u0131lm\u0131\u015ft\u0131r. Psikolojik terimler g\u00fcndelik dildeki kullan\u0131mlar\u0131ndan ayr\u0131 olarak tan\u0131mlanm\u0131\u015f metin i\u00e7inde a\u00e7\u0131klanamayacak s\u00f6zc\u00fckler kitab\u0131n sonuna eklenen \u201cDizin ve S\u00f6zl\u00fck\u201d b\u00f6l\u00fcm\u00fcnde a\u00e7\u0131klanm\u0131\u015ft\u0131r.<\/p>\n","protected":false},"excerpt":{"rendered":"<p>Bu kitap, g\u00fcn\u00fcm\u00fcz\u00fcn bilimi \u0131\u015f\u0131\u011f\u0131nda insan davran\u0131\u015flar\u0131na anlay\u0131\u015f kazand\u0131rmay\u0131 ama\u00e7 edinen bir psikolojiye giri\u015f kitab\u0131 olarak kaleme al\u0131nm\u0131\u015ft\u0131r. Bu \u00f6zelli\u011fi ile \u00f6\u011fretmen yeti\u015ftiren kurum ve programlarda,<span class=\"excerpt-hellip\"> [\u2026]<\/span><\/p>\n","protected":false},"featured_media":0,"template":"","meta":{"_monsterinsights_skip_tracking":false,"_monsterinsights_sitenote_active":false,"_monsterinsights_sitenote_note":"","_monsterinsights_sitenote_category":0},"product_brand":[],"product_cat":[12358,12357],"product_tag":[],"class_list":{"0":"post-747210","1":"product","2":"type-product","3":"status-publish","5":"product_cat-genel-psikoloji","6":"product_cat-psikoloji","7":"pa_cilt-ciltsiz","8":"pa_tur-kitap","9":"pa_yayinevi-inkilap-kitabevi","10":"pa_yazar-feriha-balkis-baymur","12":"first","13":"instock","14":"sale","15":"shipping-taxable","16":"purchasable","17":"product-type-simple"},"_links":{"self":[{"href":"https:\/\/roveyayinevi.com.tr\/index.php\/wp-json\/wp\/v2\/product\/747210","targetHints":{"allow":["GET"]}}],"collection":[{"href":"https:\/\/roveyayinevi.com.tr\/index.php\/wp-json\/wp\/v2\/product"}],"about":[{"href":"https:\/\/roveyayinevi.com.tr\/index.php\/wp-json\/wp\/v2\/types\/product"}],"wp:attachment":[{"href":"https:\/\/roveyayinevi.com.tr\/index.php\/wp-json\/wp\/v2\/media?parent=747210"}],"wp:term":[{"taxonomy":"product_brand","embeddable":true,"href":"https:\/\/roveyayinevi.com.tr\/index.php\/wp-json\/wp\/v2\/product_brand?post=747210"},{"taxonomy":"product_cat","embeddable":true,"href":"https:\/\/roveyayinevi.com.tr\/index.php\/wp-json\/wp\/v2\/product_cat?post=747210"},{"taxonomy":"product_tag","embeddable":true,"href":"https:\/\/roveyayinevi.com.tr\/index.php\/wp-json\/wp\/v2\/product_tag?post=747210"}],"curies":[{"name":"wp","href":"https:\/\/api.w.org\/{rel}","templated":true}]}}