{"id":747209,"date":"2025-08-28T03:01:23","date_gmt":"2025-08-28T00:01:23","guid":{"rendered":"https:\/\/roveyayinevi.com.tr\/index.php\/urun\/aristonun-ruyasi\/"},"modified":"2026-04-16T02:59:52","modified_gmt":"2026-04-15T23:59:52","slug":"aristonun-ruyasi","status":"publish","type":"product","link":"https:\/\/roveyayinevi.com.tr\/index.php\/urun\/aristonun-ruyasi\/","title":{"rendered":"Aristo\u2019nun R\u00fcyas\u0131"},"content":{"rendered":"<p>Etraf\u0131na baksana Aristo\u2026 Ya\u015fama, d\u00fcne, bug\u00fcne, \u015fu ana bir bak! Her yer, nefesinin da\u011f\u0131ld\u0131\u011f\u0131 bo\u015fluk bile korkularla dolu. Baz\u0131lar\u0131 kendi, baz\u0131lar\u0131ysa ba\u015fkalar\u0131n\u0131n korkular\u0131yla beslenir. Bazen s\u00fcsl\u00fc p\u00fcsl\u00fc bazen pejm\u00fcrde bir k\u0131yafetle giyinirler korkular\u0131n\u0131. Kimilerinin korkusu yuvas\u0131d\u0131r, s\u0131cac\u0131k ve korunakl\u0131; kimilerinin korkusu ise her \u015feyi yerle bir eden cesaretinde gizlidir. Korkular k\u0131l\u0131k de\u011fi\u015ftirir, ancak ya korkakl\u0131\u011fa ne demeli? Vicdana sus diyen korkakl\u0131\u011fa ne demeli! Oysa bilmezler demiri ate\u015fin, insan\u0131 utanc\u0131n yo\u011furdu\u011funu. Utan\u00e7 ne \u00e7\u0131k\u0131lmaz bir huzursuzluktur, h\u00e2l\u00e2 duyabilene! Aristo\u2019nun kendi i\u00e7 sesiyle girdi\u011fi sava\u015fta kim galip gelecek? Aristo\u2019nun R\u00fcyas\u0131, yazmak isteyip de yazamayan, kafas\u0131ndaki kurgu ile ger\u00e7ek hayat\u0131 aras\u0131nda s\u0131k\u0131\u015f\u0131p kalm\u0131\u015f, kendi benli\u011fi ile \u00e7at\u0131\u015fmas\u0131 bitip t\u00fckenmeyen, varolu\u015fsal sanc\u0131lar\u0131yla ba\u015fa \u00e7\u0131kmaya \u00e7al\u0131\u015fan bir karakteri en yak\u0131ndan tan\u0131mam\u0131za olanak sa\u011fl\u0131yor. \u201cYetemiyorum, ya\u015famak nedir bilmiyorum!\u201d derken Aristo\u2019nun \u00e7ekti\u011fi ac\u0131y\u0131 iliklerimize kadar duyumsarken, mutlaka kendimizden bir par\u00e7a bulaca\u011f\u0131m\u0131z sat\u0131rlarla kar\u015f\u0131la\u015f\u0131yoruz ve hatta, bir noktada biz de kendimizi kendi i\u00e7 sesimizle bir \u00e7at\u0131\u015fma i\u00e7erisinde buluyoruz.<\/p>\n","protected":false},"excerpt":{"rendered":"<p>Etraf\u0131na baksana Aristo\u2026 Ya\u015fama, d\u00fcne, bug\u00fcne, \u015fu ana bir bak! Her yer, nefesinin da\u011f\u0131ld\u0131\u011f\u0131 bo\u015fluk bile korkularla dolu. Baz\u0131lar\u0131 kendi, baz\u0131lar\u0131ysa ba\u015fkalar\u0131n\u0131n korkular\u0131yla beslenir. Bazen s\u00fcsl\u00fc<span class=\"excerpt-hellip\"> [\u2026]<\/span><\/p>\n","protected":false},"featured_media":0,"template":"","meta":{"_monsterinsights_skip_tracking":false,"_monsterinsights_sitenote_active":false,"_monsterinsights_sitenote_note":"","_monsterinsights_sitenote_category":0},"product_brand":[],"product_cat":[20351,12388],"product_tag":[],"class_list":{"0":"post-747209","1":"product","2":"type-product","3":"status-publish","5":"product_cat-dusunce","6":"product_cat-felsefe","7":"pa_cilt-ciltsiz","8":"pa_tur-kitap","9":"pa_yayinevi-inkilap-kitabevi","10":"pa_yazar-aysu-altunay","12":"first","13":"instock","14":"sale","15":"shipping-taxable","16":"purchasable","17":"product-type-simple"},"_links":{"self":[{"href":"https:\/\/roveyayinevi.com.tr\/index.php\/wp-json\/wp\/v2\/product\/747209","targetHints":{"allow":["GET"]}}],"collection":[{"href":"https:\/\/roveyayinevi.com.tr\/index.php\/wp-json\/wp\/v2\/product"}],"about":[{"href":"https:\/\/roveyayinevi.com.tr\/index.php\/wp-json\/wp\/v2\/types\/product"}],"wp:attachment":[{"href":"https:\/\/roveyayinevi.com.tr\/index.php\/wp-json\/wp\/v2\/media?parent=747209"}],"wp:term":[{"taxonomy":"product_brand","embeddable":true,"href":"https:\/\/roveyayinevi.com.tr\/index.php\/wp-json\/wp\/v2\/product_brand?post=747209"},{"taxonomy":"product_cat","embeddable":true,"href":"https:\/\/roveyayinevi.com.tr\/index.php\/wp-json\/wp\/v2\/product_cat?post=747209"},{"taxonomy":"product_tag","embeddable":true,"href":"https:\/\/roveyayinevi.com.tr\/index.php\/wp-json\/wp\/v2\/product_tag?post=747209"}],"curies":[{"name":"wp","href":"https:\/\/api.w.org\/{rel}","templated":true}]}}