{"id":747205,"date":"2025-08-28T03:01:18","date_gmt":"2025-08-28T00:01:18","guid":{"rendered":"https:\/\/roveyayinevi.com.tr\/index.php\/urun\/mufettis-numeroni-2\/"},"modified":"2026-04-16T02:59:51","modified_gmt":"2026-04-15T23:59:51","slug":"mufettis-numeroni-2","status":"publish","type":"product","link":"https:\/\/roveyayinevi.com.tr\/index.php\/urun\/mufettis-numeroni-2\/","title":{"rendered":"M\u00fcfetti\u015f Numeroni 2"},"content":{"rendered":"<p>1 h\u0131rs\u0131zl\u0131k olay\u0131, 6 \u015f\u00fcpheli ve tek su\u00e7lu!   \u0130lkokul \u00f6\u011frencilerinin say\u0131sal zek\u00e2 becerilerini geli\u015ftirmek i\u00e7in haz\u0131rlanm\u0131\u015f etkinlikli ve \u00e7\u0131kartmal\u0131 dedektiflik \u00e7izgi roman\u0131. M\u00fcfetti\u015f Numeroni ile yard\u0131mc\u0131lar\u0131 Kenar Mahalle Fareleri, gizemli bir \u015fekilde ortadan kaybolan alt\u0131n peru\u011fun pe\u015fine d\u00fc\u015f\u00fcyorlar. Sevimli dostlar\u0131m\u0131zla birlikte ipu\u00e7lar\u0131n\u0131 ortaya \u00e7\u0131karmaya ve su\u00e7luyu bulmaya haz\u0131r m\u0131s\u0131n? M\u00fcfetti\u015f Numeroni\u2019ye yard\u0131m etmek i\u00e7in \u00f6nce merak uyand\u0131ran mant\u0131k oyunlar\u0131n\u0131 \u00e7\u00f6zmemiz gerek. Bunu yaparken a\u015fa\u011f\u0131daki bilgi ve becerileri kullanaca\u011f\u0131z: \u2022 1\u2019den 100\u2019e kadar say\u0131lar\u0131n okunu\u015fu, yaz\u0131l\u0131\u015f\u0131; tane ve deste \u2022 zihinden h\u0131zl\u0131 d\u00f6rt i\u015flem \u2022 tablo yorumlama \u2022 labirentler ve geometrik \u015fekiller \u2022 \u00f6l\u00e7\u00fcler: a\u011f\u0131rl\u0131k, y\u00fckseklik, hacim \u2022 veri toplama ve \u00f6r\u00fcnt\u00fc bulma \u2022 problem \u00e7\u00f6zme   Bulmacalardan ve oyun temelli \u00f6\u011frenmeden ilham alan M\u00fcfetti\u015f Numeroni serisi, merak uyand\u0131r\u0131c\u0131 bir hik\u00e2ye arac\u0131l\u0131\u011f\u0131yla, ilkokul 2. ve 3. s\u0131n\u0131f \u00f6\u011frencilerinin matematik \u00f6\u011frenimine yard\u0131mc\u0131 olacak zihinsel s\u00fcre\u00e7leri harekete ge\u00e7irmeyi, \u0131raksak ve yarat\u0131c\u0131 d\u00fc\u015f\u00fcnme bi\u00e7imini geli\u015ftirmeyi ama\u00e7l\u0131yor. <\/p>\n","protected":false},"excerpt":{"rendered":"<p>1 h\u0131rs\u0131zl\u0131k olay\u0131, 6 \u015f\u00fcpheli ve tek su\u00e7lu! \u0130lkokul \u00f6\u011frencilerinin say\u0131sal zek\u00e2 becerilerini geli\u015ftirmek i\u00e7in haz\u0131rlanm\u0131\u015f etkinlikli ve \u00e7\u0131kartmal\u0131 dedektiflik \u00e7izgi roman\u0131. M\u00fcfetti\u015f Numeroni ile yard\u0131mc\u0131lar\u0131<span class=\"excerpt-hellip\"> [\u2026]<\/span><\/p>\n","protected":false},"featured_media":0,"template":"","meta":{"_monsterinsights_skip_tracking":false,"_monsterinsights_sitenote_active":false,"_monsterinsights_sitenote_note":"","_monsterinsights_sitenote_category":0},"product_brand":[],"product_cat":[12274,15842],"product_tag":[],"class_list":{"0":"post-747205","1":"product","2":"type-product","3":"status-publish","5":"product_cat-cocuk-ve-genclik-kitaplari","6":"product_cat-egitici-kitaplar","7":"pa_cilt-ciltsiz","8":"pa_tur-kitap","9":"pa_yayinevi-domingo-yayinevi","10":"pa_yazar-kolektif","12":"first","13":"instock","14":"sale","15":"shipping-taxable","16":"purchasable","17":"product-type-simple"},"_links":{"self":[{"href":"https:\/\/roveyayinevi.com.tr\/index.php\/wp-json\/wp\/v2\/product\/747205","targetHints":{"allow":["GET"]}}],"collection":[{"href":"https:\/\/roveyayinevi.com.tr\/index.php\/wp-json\/wp\/v2\/product"}],"about":[{"href":"https:\/\/roveyayinevi.com.tr\/index.php\/wp-json\/wp\/v2\/types\/product"}],"wp:attachment":[{"href":"https:\/\/roveyayinevi.com.tr\/index.php\/wp-json\/wp\/v2\/media?parent=747205"}],"wp:term":[{"taxonomy":"product_brand","embeddable":true,"href":"https:\/\/roveyayinevi.com.tr\/index.php\/wp-json\/wp\/v2\/product_brand?post=747205"},{"taxonomy":"product_cat","embeddable":true,"href":"https:\/\/roveyayinevi.com.tr\/index.php\/wp-json\/wp\/v2\/product_cat?post=747205"},{"taxonomy":"product_tag","embeddable":true,"href":"https:\/\/roveyayinevi.com.tr\/index.php\/wp-json\/wp\/v2\/product_tag?post=747205"}],"curies":[{"name":"wp","href":"https:\/\/api.w.org\/{rel}","templated":true}]}}