{"id":747204,"date":"2025-08-28T03:01:17","date_gmt":"2025-08-28T00:01:17","guid":{"rendered":"https:\/\/roveyayinevi.com.tr\/index.php\/urun\/one-punch-man-tek-yumruk-22\/"},"modified":"2026-04-16T02:59:51","modified_gmt":"2026-04-15T23:59:51","slug":"one-punch-man-tek-yumruk-22","status":"publish","type":"product","link":"https:\/\/roveyayinevi.com.tr\/index.php\/urun\/one-punch-man-tek-yumruk-22\/","title":{"rendered":"One-Punch Man &#8211; Tek Yumruk 22"},"content":{"rendered":"<p>Kar\u015f\u0131na \u00e7\u0131kan herkesin i\u015fini tek bir yumrukla bitiriyorsan hayat son derece s\u0131k\u0131c\u0131 bir \u015fey haline gelebilir. \u00c7ocuk \u0130mparator, yeniden hayata d\u00f6nen Anka Adam&#8217;a kar\u015f\u0131 sava\u015fmak i\u00e7in en b\u00fcy\u00fck kozu olan sava\u015f robotu Cesur Dev&#8217;i kullan\u0131r. Ne var ki d\u00fc\u015fman\u0131, Cesur Dev&#8217;i sanki basit bir oyuncakm\u0131\u015f gibi g\u00f6r\u00fcp bu son hamleye kolayca kar\u015f\u0131 koyar. M\u00fccadele davam ederken Anka Adam gittik\u00e7e daha da g\u00fc\u00e7l\u00fc bir canavara d\u00f6n\u00fc\u015ft\u00fc\u011f\u00fcnde, \u00c7ocuk \u0130mparator&#8217;un inanc\u0131 sars\u0131l\u0131r. Yoksa bu sava\u015f, zeki \u00e7ocuk kahraman\u0131n sonu mu olacak?<\/p>\n","protected":false},"excerpt":{"rendered":"<p>Kar\u015f\u0131na \u00e7\u0131kan herkesin i\u015fini tek bir yumrukla bitiriyorsan hayat son derece s\u0131k\u0131c\u0131 bir \u015fey haline gelebilir. \u00c7ocuk \u0130mparator, yeniden hayata d\u00f6nen Anka Adam&#8217;a kar\u015f\u0131 sava\u015fmak i\u00e7in<span class=\"excerpt-hellip\"> [\u2026]<\/span><\/p>\n","protected":false},"featured_media":0,"template":"","meta":{"_monsterinsights_skip_tracking":false,"_monsterinsights_sitenote_active":false,"_monsterinsights_sitenote_note":"","_monsterinsights_sitenote_category":0},"product_brand":[],"product_cat":[12416,12291],"product_tag":[],"class_list":{"0":"post-747204","1":"product","2":"type-product","3":"status-publish","5":"product_cat-cizgi-roman","6":"product_cat-edebiyat","7":"pa_cilt-ciltsiz","8":"pa_tur-kitap","9":"pa_yayinevi-akil-celen-kitaplar","10":"pa_yazar-one","12":"first","13":"instock","14":"sale","15":"shipping-taxable","16":"purchasable","17":"product-type-simple"},"_links":{"self":[{"href":"https:\/\/roveyayinevi.com.tr\/index.php\/wp-json\/wp\/v2\/product\/747204","targetHints":{"allow":["GET"]}}],"collection":[{"href":"https:\/\/roveyayinevi.com.tr\/index.php\/wp-json\/wp\/v2\/product"}],"about":[{"href":"https:\/\/roveyayinevi.com.tr\/index.php\/wp-json\/wp\/v2\/types\/product"}],"wp:attachment":[{"href":"https:\/\/roveyayinevi.com.tr\/index.php\/wp-json\/wp\/v2\/media?parent=747204"}],"wp:term":[{"taxonomy":"product_brand","embeddable":true,"href":"https:\/\/roveyayinevi.com.tr\/index.php\/wp-json\/wp\/v2\/product_brand?post=747204"},{"taxonomy":"product_cat","embeddable":true,"href":"https:\/\/roveyayinevi.com.tr\/index.php\/wp-json\/wp\/v2\/product_cat?post=747204"},{"taxonomy":"product_tag","embeddable":true,"href":"https:\/\/roveyayinevi.com.tr\/index.php\/wp-json\/wp\/v2\/product_tag?post=747204"}],"curies":[{"name":"wp","href":"https:\/\/api.w.org\/{rel}","templated":true}]}}