{"id":747202,"date":"2025-08-28T03:01:13","date_gmt":"2025-08-28T00:01:13","guid":{"rendered":"https:\/\/roveyayinevi.com.tr\/index.php\/urun\/icbahce\/"},"modified":"2026-04-16T02:59:51","modified_gmt":"2026-04-15T23:59:51","slug":"icbahce","status":"publish","type":"product","link":"https:\/\/roveyayinevi.com.tr\/index.php\/urun\/icbahce\/","title":{"rendered":"\u0130\u00e7bah\u00e7e"},"content":{"rendered":"<p>\u201cDeniz merak edendi. Merak edince ad\u0131 de\u011fi\u015fti, k\u00f6rfez oldu.\u201d   Siml\u00e2 Sunay, ilk \u00f6yk\u00fclerini bir araya getiren \u0130\u00e7bah\u00e7e\u2019de, mek\u00e2n\u0131n i\u00e7indeki insandan insan\u0131n i\u00e7indeki biricik mek\u00e2nlara uzan\u0131yor: Bir lojman\u0131n grisine, bir otob\u00fcs dura\u011f\u0131na ya da bitmeyen bir yasa s\u0131k\u0131\u015f\u0131p kalm\u0131\u015f kad\u0131n kahramanlar, ayn\u0131 \u00f6zlemlerle ayr\u0131 yerlerde birbirlerini yank\u0131larken s\u0131va \u00e7atl\u0131yor, beton k\u0131r\u0131l\u0131yor, susam boy veriyor&#8230; Sema Kaygusuz\u2019un deyi\u015fiyle, \u201cd\u00fc\u015f\u00fcnmeye ba\u015ftan ba\u015flaman\u0131n cesaretini\u201d ku\u015fanm\u0131\u015f, edebiyat\u0131n has i\u015f\u00e7ili\u011finden el alm\u0131\u015f bir kalemden, hem kendi bah\u00e7esini derleyen hem de ustalara selam duran bir ilk kitap.   Ev\u2019lenince bilgele\u015fiyor insan. Ev\u2019den \u00e7\u0131k\u0131nca. B\u00fct\u00fcn\u2019\u00fc g\u00f6r\u00fcyorsun.Ve par\u00e7alar\u0131. Ayr\u0131m noktalar\u0131n\u0131. Sonras\u0131 daha kolay, sonras\u0131 kolay, diye yineledi i\u00e7inden. Ruhunu \u00e7\u0131kar\u0131p \u00e7\u0131kar\u0131p serin sulara atmak i\u00e7indi bu. So\u011fukta daha az hissedilir ac\u0131lar. \u00c7ocukken yaral\u0131 dizlerini karlara g\u00f6mmez miydi? So\u011fuk s\u0131z\u0131lar\u0131 erteler&#8230; <\/p>\n","protected":false},"excerpt":{"rendered":"<p>\u201cDeniz merak edendi. Merak edince ad\u0131 de\u011fi\u015fti, k\u00f6rfez oldu.\u201d Siml\u00e2 Sunay, ilk \u00f6yk\u00fclerini bir araya getiren \u0130\u00e7bah\u00e7e\u2019de, mek\u00e2n\u0131n i\u00e7indeki insandan insan\u0131n i\u00e7indeki biricik mek\u00e2nlara uzan\u0131yor: Bir<span class=\"excerpt-hellip\"> [\u2026]<\/span><\/p>\n","protected":false},"featured_media":0,"template":"","meta":{"_monsterinsights_skip_tracking":false,"_monsterinsights_sitenote_active":false,"_monsterinsights_sitenote_note":"","_monsterinsights_sitenote_category":0},"product_brand":[],"product_cat":[12291,12711],"product_tag":[],"class_list":{"0":"post-747202","1":"product","2":"type-product","3":"status-publish","5":"product_cat-edebiyat","6":"product_cat-roman-oyku","7":"pa_cilt-ciltsiz","8":"pa_tur-kitap","9":"pa_yayinevi-everest-yayinlari","10":"pa_yazar-simla-sunay","12":"first","13":"instock","14":"sale","15":"shipping-taxable","16":"purchasable","17":"product-type-simple"},"_links":{"self":[{"href":"https:\/\/roveyayinevi.com.tr\/index.php\/wp-json\/wp\/v2\/product\/747202","targetHints":{"allow":["GET"]}}],"collection":[{"href":"https:\/\/roveyayinevi.com.tr\/index.php\/wp-json\/wp\/v2\/product"}],"about":[{"href":"https:\/\/roveyayinevi.com.tr\/index.php\/wp-json\/wp\/v2\/types\/product"}],"wp:attachment":[{"href":"https:\/\/roveyayinevi.com.tr\/index.php\/wp-json\/wp\/v2\/media?parent=747202"}],"wp:term":[{"taxonomy":"product_brand","embeddable":true,"href":"https:\/\/roveyayinevi.com.tr\/index.php\/wp-json\/wp\/v2\/product_brand?post=747202"},{"taxonomy":"product_cat","embeddable":true,"href":"https:\/\/roveyayinevi.com.tr\/index.php\/wp-json\/wp\/v2\/product_cat?post=747202"},{"taxonomy":"product_tag","embeddable":true,"href":"https:\/\/roveyayinevi.com.tr\/index.php\/wp-json\/wp\/v2\/product_tag?post=747202"}],"curies":[{"name":"wp","href":"https:\/\/api.w.org\/{rel}","templated":true}]}}