{"id":747201,"date":"2025-08-28T03:01:13","date_gmt":"2025-08-28T00:01:13","guid":{"rendered":"https:\/\/roveyayinevi.com.tr\/index.php\/urun\/hat-sanati-ciltli\/"},"modified":"2025-09-18T02:51:20","modified_gmt":"2025-09-17T23:51:20","slug":"hat-sanati-ciltli","status":"publish","type":"product","link":"https:\/\/roveyayinevi.com.tr\/index.php\/urun\/hat-sanati-ciltli\/","title":{"rendered":"Hat Sanat\u0131 (Ciltli)"},"content":{"rendered":"<p>Hat, inanc\u0131n esteti\u011fi. Harflerin metafizi\u011fi\u2026As\u0131r as\u0131r incelmi\u015f kendi i\u00e7inde renklenip k\u00f6klenmi\u015f bir yaz\u0131 uzay\u0131.Osmanl\u0131 as\u0131rlar\u0131 i\u00e7inde ise ayr\u0131 bir \u00fcslup yan\u0131nda kutsiyet de kazanm\u0131\u015f \u00f6l\u00fcms\u00fcz sanat. Ve kalem, m\u00fcrekkep, k\u00e2\u011f\u0131t\u2026Ve renk, \u00fcslup, stil\u2026 Harflerin ba\u015flama ve biti\u015f noktalar\u0131, kalemin tutu\u015f bi\u00e7imi ve sab\u0131r\u2026 Ve hayranl\u0131kla seyretti\u011fi e\u015fsiz eserler\u2026 H\u00fcsn\u00fchat tablolar\u0131 y\u00fczy\u0131llard\u0131r camileri, medreseleri, saraylar\u0131, tekkeleri, evleri s\u00fcsler. Bu tablolar\u0131n paha bi\u00e7ilmezlikleri bir tarafa \u015fimdilerde d\u00fcnyan\u0131n farkl\u0131 metropollerindeki sanat galerilerinde bile sergileniyorlar. Bu kitap hat sanat\u0131n\u0131n pek \u00e7ok ayr\u0131nt\u0131s\u0131n\u0131, tarih\u00e7esini, ustalar\u0131n\u0131 ele al\u0131yor. Modern zamanlaraklasik \u00e7a\u011flardan bir yolculuk \u00e7a\u011fr\u0131s\u0131.Varl\u0131k ve olu\u015f s\u00fcreklili\u011finde harfler ve istifler cenneti\u2026<\/p>\n","protected":false},"excerpt":{"rendered":"<p>Hat, inanc\u0131n esteti\u011fi. Harflerin metafizi\u011fi\u2026As\u0131r as\u0131r incelmi\u015f kendi i\u00e7inde renklenip k\u00f6klenmi\u015f bir yaz\u0131 uzay\u0131.Osmanl\u0131 as\u0131rlar\u0131 i\u00e7inde ise ayr\u0131 bir \u00fcslup yan\u0131nda kutsiyet de kazanm\u0131\u015f \u00f6l\u00fcms\u00fcz sanat.<span class=\"excerpt-hellip\"> [\u2026]<\/span><\/p>\n","protected":false},"featured_media":0,"template":"","meta":{"_monsterinsights_skip_tracking":false,"_monsterinsights_sitenote_active":false,"_monsterinsights_sitenote_note":"","_monsterinsights_sitenote_category":0},"product_brand":[],"product_cat":[16169,12408],"product_tag":[],"class_list":{"0":"post-747201","1":"product","2":"type-product","3":"status-publish","5":"product_cat-geleneksel-sanatlar","6":"product_cat-sanat","7":"pa_cilt-ciltli","8":"pa_tur-kitap","9":"pa_yayinevi-kapi-yayinlari","10":"pa_yazar-fatih-ozkafa","12":"first","13":"instock","14":"sale","15":"shipping-taxable","16":"purchasable","17":"product-type-simple"},"_links":{"self":[{"href":"https:\/\/roveyayinevi.com.tr\/index.php\/wp-json\/wp\/v2\/product\/747201","targetHints":{"allow":["GET"]}}],"collection":[{"href":"https:\/\/roveyayinevi.com.tr\/index.php\/wp-json\/wp\/v2\/product"}],"about":[{"href":"https:\/\/roveyayinevi.com.tr\/index.php\/wp-json\/wp\/v2\/types\/product"}],"wp:attachment":[{"href":"https:\/\/roveyayinevi.com.tr\/index.php\/wp-json\/wp\/v2\/media?parent=747201"}],"wp:term":[{"taxonomy":"product_brand","embeddable":true,"href":"https:\/\/roveyayinevi.com.tr\/index.php\/wp-json\/wp\/v2\/product_brand?post=747201"},{"taxonomy":"product_cat","embeddable":true,"href":"https:\/\/roveyayinevi.com.tr\/index.php\/wp-json\/wp\/v2\/product_cat?post=747201"},{"taxonomy":"product_tag","embeddable":true,"href":"https:\/\/roveyayinevi.com.tr\/index.php\/wp-json\/wp\/v2\/product_tag?post=747201"}],"curies":[{"name":"wp","href":"https:\/\/api.w.org\/{rel}","templated":true}]}}