{"id":747200,"date":"2025-08-28T03:01:12","date_gmt":"2025-08-28T00:01:12","guid":{"rendered":"https:\/\/roveyayinevi.com.tr\/index.php\/urun\/spor-bilimlerine-kuramsal-bakis\/"},"modified":"2026-04-16T02:59:51","modified_gmt":"2026-04-15T23:59:51","slug":"spor-bilimlerine-kuramsal-bakis","status":"publish","type":"product","link":"https:\/\/roveyayinevi.com.tr\/index.php\/urun\/spor-bilimlerine-kuramsal-bakis\/","title":{"rendered":"Spor Bilimlerine Kuramsal Bak\u0131\u015f"},"content":{"rendered":"<p>\u00b7         EGZERS\u0130Z VE M\u0130YOK\u0130NLER \u00b7         SPOR GENET\u0130\u011e\u0130: YUMU\u015eAK DOKU YARALANMALARI VE GEN \u0130LE \u0130LG\u0130L\u0130 YAPILAN \u00c7ALI\u015eMALAR \u00b7         SPORCULARDA DENGE PERFORMANSI \u00b7         FUTBOLCULARDA CORE STAB\u0130L\u0130ZASYON KUVVET ANTRENMANININ BAZI F\u0130Z\u0130KSEL PARAMETRELERE \u00b7         2019-2020 UEFA \u015eAMP\u0130YONLAR L\u0130G\u0130 GRUP VE GRUP SONRASI YAPILAN MA\u00c7LARIN BAZI PERFORMANS PARAMETRELER\u0130N\u0130N KAR\u015eILA\u015eTIRILMASI ANAL\u0130Z\u0130 \u00b7         BEDEN E\u011e\u0130T\u0130M\u0130 VE SPOR \u00d6\u011eRETMENLER\u0130YLE D\u0130\u011eER \u00d6\u011eRETMENLER\u0130N KARAR VERME STRATEJ\u0130LER\u0130N\u0130N KAR\u015eILA\u015eTIRILMASI: \u00c7AR\u015eAMBA \u0130L\u00c7ES\u0130 \u00d6RNE\u011e\u0130 SPORCUDA DUYGU D\u00dcZENLEME OLAN BASTIRMA VE B\u0130L\u0130\u015eSEL YEN\u0130DEN DE\u011eERLEND\u0130RMEN\u0130N BAZI DE\u011e\u0130\u015eKENLERE G\u00d6RE \u0130NCELENMES\u0130<\/p>\n","protected":false},"excerpt":{"rendered":"<p>\u00b7 EGZERS\u0130Z VE M\u0130YOK\u0130NLER \u00b7 SPOR GENET\u0130\u011e\u0130: YUMU\u015eAK DOKU YARALANMALARI VE GEN \u0130LE \u0130LG\u0130L\u0130 YAPILAN \u00c7ALI\u015eMALAR \u00b7 SPORCULARDA DENGE PERFORMANSI \u00b7 FUTBOLCULARDA CORE STAB\u0130L\u0130ZASYON KUVVET ANTRENMANININ<span class=\"excerpt-hellip\"> [\u2026]<\/span><\/p>\n","protected":false},"featured_media":0,"template":"","meta":{"_monsterinsights_skip_tracking":false,"_monsterinsights_sitenote_active":false,"_monsterinsights_sitenote_note":"","_monsterinsights_sitenote_category":0},"product_brand":[],"product_cat":[15563,15564],"product_tag":[],"class_list":{"0":"post-747200","1":"product","2":"type-product","3":"status-publish","5":"product_cat-hobi","6":"product_cat-spor","7":"pa_cilt-ciltsiz","8":"pa_tur-kitap","9":"pa_yayinevi-gazi-kitabevi","10":"pa_yazar-kolektif","12":"first","13":"instock","14":"sale","15":"shipping-taxable","16":"purchasable","17":"product-type-simple"},"_links":{"self":[{"href":"https:\/\/roveyayinevi.com.tr\/index.php\/wp-json\/wp\/v2\/product\/747200","targetHints":{"allow":["GET"]}}],"collection":[{"href":"https:\/\/roveyayinevi.com.tr\/index.php\/wp-json\/wp\/v2\/product"}],"about":[{"href":"https:\/\/roveyayinevi.com.tr\/index.php\/wp-json\/wp\/v2\/types\/product"}],"wp:attachment":[{"href":"https:\/\/roveyayinevi.com.tr\/index.php\/wp-json\/wp\/v2\/media?parent=747200"}],"wp:term":[{"taxonomy":"product_brand","embeddable":true,"href":"https:\/\/roveyayinevi.com.tr\/index.php\/wp-json\/wp\/v2\/product_brand?post=747200"},{"taxonomy":"product_cat","embeddable":true,"href":"https:\/\/roveyayinevi.com.tr\/index.php\/wp-json\/wp\/v2\/product_cat?post=747200"},{"taxonomy":"product_tag","embeddable":true,"href":"https:\/\/roveyayinevi.com.tr\/index.php\/wp-json\/wp\/v2\/product_tag?post=747200"}],"curies":[{"name":"wp","href":"https:\/\/api.w.org\/{rel}","templated":true}]}}