{"id":747196,"date":"2025-08-28T03:01:05","date_gmt":"2025-08-28T00:01:05","guid":{"rendered":"https:\/\/roveyayinevi.com.tr\/index.php\/urun\/kehanet-serisi-2-kitap\/"},"modified":"2026-04-16T02:59:51","modified_gmt":"2026-04-15T23:59:51","slug":"kehanet-serisi-2-kitap","status":"publish","type":"product","link":"https:\/\/roveyayinevi.com.tr\/index.php\/urun\/kehanet-serisi-2-kitap\/","title":{"rendered":"Kehanet Serisi (2 Kitap)"},"content":{"rendered":"<p>KEHANET 1 Ya\u015fam\u0131 tekinsiz olaylarla birden de\u011fi\u015fen ve hi\u00e7 bir \u015feyin g\u00f6r\u00fcnd\u00fc\u011f\u00fc gibi olmad\u0131\u011f\u0131n\u0131 anlayan gen\u00e7 bir k\u0131z\u2026Kendi evrenini ve di\u011ferlerini \u00f6l\u00fcmc\u00fcl bir sondan kurtarmaya \u00e7al\u0131\u015fan bir adam\u2026Bilinen d\u00fcnya ve bilinmeyen evrenin \u00e7ak\u0131\u015fmas\u0131&#8230;S\u0131rlarla dolu ge\u00e7mi\u015fler, \u00fcrk\u00fct\u00fcc\u00fc bir kaos, a\u00e7\u0131klanamayan ve kendini y\u00f6nlendiren bir kehanet&#8230;Ya\u015famlar\u0131 de\u011fi\u015ftiren kap\u0131lar, ge\u00e7itler; bilinenle bilinmeyenin m\u00fccadelesi&#8230; KEHANET 2Mitoloji ger\u00e7ek olabilir mi?&#8230; Karanl\u0131k d\u00f6ng\u00fcn\u00fcn getirdi\u011fi k\u00f6t\u00fcc\u00fcl bir lanet ve bilinen ile bilinmeyen d\u00fcnyalar\u0131 korumaya \u00e7al\u0131\u015fan iyili\u011fin temsilcileri\u2026 Durul Ka\u011fan ve se\u00e7ilmi\u015fi Seden\u2019in zorlu m\u00fccadelesi\u2026 Kaos ve d\u00fczen aras\u0131ndaki sava\u015fta ya\u015fanan a\u015fklar; dostluk ve d\u00fcr\u00fcstl\u00fc\u011f\u00fcn verdi\u011fi s\u0131nav\u2026 Efsane \u015fehir Meng\u00fc\u2019de d\u00fc\u011f\u00fcmlenen kadim s\u0131rlar, do\u011fa\u00fcst\u00fc varl\u0131klar\u2026 Korku, cesaret, iyi ve k\u00f6t\u00fcn\u00fcn ezeli m\u00fccadelesi\u2026   <\/p>\n","protected":false},"excerpt":{"rendered":"<p>KEHANET 1 Ya\u015fam\u0131 tekinsiz olaylarla birden de\u011fi\u015fen ve hi\u00e7 bir \u015feyin g\u00f6r\u00fcnd\u00fc\u011f\u00fc gibi olmad\u0131\u011f\u0131n\u0131 anlayan gen\u00e7 bir k\u0131z\u2026Kendi evrenini ve di\u011ferlerini \u00f6l\u00fcmc\u00fcl bir sondan kurtarmaya \u00e7al\u0131\u015fan<span class=\"excerpt-hellip\"> [\u2026]<\/span><\/p>\n","protected":false},"featured_media":0,"template":"","meta":{"_monsterinsights_skip_tracking":false,"_monsterinsights_sitenote_active":false,"_monsterinsights_sitenote_note":"","_monsterinsights_sitenote_category":0},"product_brand":[],"product_cat":[12291,14777],"product_tag":[],"class_list":{"0":"post-747196","1":"product","2":"type-product","3":"status-publish","5":"product_cat-edebiyat","6":"product_cat-fantastik","7":"pa_cilt-ciltsiz","8":"pa_tur-kitap","9":"pa_yayinevi-kitap-muptelasi-yayinlari","10":"pa_yazar-deniz-uysal","12":"first","13":"instock","14":"sale","15":"shipping-taxable","16":"purchasable","17":"product-type-simple"},"_links":{"self":[{"href":"https:\/\/roveyayinevi.com.tr\/index.php\/wp-json\/wp\/v2\/product\/747196","targetHints":{"allow":["GET"]}}],"collection":[{"href":"https:\/\/roveyayinevi.com.tr\/index.php\/wp-json\/wp\/v2\/product"}],"about":[{"href":"https:\/\/roveyayinevi.com.tr\/index.php\/wp-json\/wp\/v2\/types\/product"}],"wp:attachment":[{"href":"https:\/\/roveyayinevi.com.tr\/index.php\/wp-json\/wp\/v2\/media?parent=747196"}],"wp:term":[{"taxonomy":"product_brand","embeddable":true,"href":"https:\/\/roveyayinevi.com.tr\/index.php\/wp-json\/wp\/v2\/product_brand?post=747196"},{"taxonomy":"product_cat","embeddable":true,"href":"https:\/\/roveyayinevi.com.tr\/index.php\/wp-json\/wp\/v2\/product_cat?post=747196"},{"taxonomy":"product_tag","embeddable":true,"href":"https:\/\/roveyayinevi.com.tr\/index.php\/wp-json\/wp\/v2\/product_tag?post=747196"}],"curies":[{"name":"wp","href":"https:\/\/api.w.org\/{rel}","templated":true}]}}