{"id":747193,"date":"2025-08-28T03:01:01","date_gmt":"2025-08-28T00:01:01","guid":{"rendered":"https:\/\/roveyayinevi.com.tr\/index.php\/urun\/liderlik-becerilerinizi-gelistirin\/"},"modified":"2026-04-16T02:59:51","modified_gmt":"2026-04-15T23:59:51","slug":"liderlik-becerilerinizi-gelistirin","status":"publish","type":"product","link":"https:\/\/roveyayinevi.com.tr\/index.php\/urun\/liderlik-becerilerinizi-gelistirin\/","title":{"rendered":"Liderlik Becerilerinizi Geli\u015ftirin"},"content":{"rendered":"<p>Bir grup i\u00e7inde neden \u015fu ki\u015fi de\u011fil de bu ki\u015fi bir lider olarak ortaya \u00e7\u0131k\u0131yor ya da kabul ediliyor? Ba\u015fka bir deyi\u015fle, liderlik nedir?Liderlik gurusu John Adair\u2019in bu vazge\u00e7ilmez rehberi, bireysel liderlik niteliklerini tan\u0131ma ve geli\u015ftirme, ki\u015fisel otorite edinme ve en \u00f6nemlisi planlama, ileti\u015fim kurma ve motive etme gibi temel liderlik i\u015flevlerinde uzmanla\u015fma ad\u0131na ilham verici i\u00e7g\u00f6r\u00fcler sunuyor.Liderlik becerilerinizi geli\u015ftirmeniz i\u00e7in pratik al\u0131\u015ft\u0131rmalar, kullan\u0131\u015fl\u0131 kontrol listeleri ve ipu\u00e7lar\u0131yla dolu bu kitap, \u00f6zg\u00fcven seviyenizi art\u0131racak, size ilham verecek, m\u00fckemmelli\u011fin lideri olma yolculu\u011funuzda size yard\u0131mc\u0131 olacak ve etkili bir lider olmak i\u00e7in eksiksiz bir \u00e7er\u00e7eve \u00e7izecek.Ad\u0131m Ad\u0131m Geli\u015fim dizisindeki di\u011fer kitaplar:Stres Y\u00f6netimi &#8211; Etkili \u0130leti\u015fim &#8211; Giri\u015fkenlik Sanat\u0131 &#8211; D\u00fczenli Olman\u0131n Yollar\u0131 &#8211; Etkili NLP Becerileri &#8211; Ba\u015far\u0131l\u0131 Zaman Y\u00f6netimi &#8211; \u0130leti\u015fimde Yetkinlik &#8211; De\u011fi\u015fimi Y\u00f6netmek &#8211; Uzaktan \u00c7al\u0131\u015fma Devrimi<\/p>\n","protected":false},"excerpt":{"rendered":"<p>Bir grup i\u00e7inde neden \u015fu ki\u015fi de\u011fil de bu ki\u015fi bir lider olarak ortaya \u00e7\u0131k\u0131yor ya da kabul ediliyor? Ba\u015fka bir deyi\u015fle, liderlik nedir?Liderlik gurusu John<span class=\"excerpt-hellip\"> [\u2026]<\/span><\/p>\n","protected":false},"featured_media":0,"template":"","meta":{"_monsterinsights_skip_tracking":false,"_monsterinsights_sitenote_active":false,"_monsterinsights_sitenote_note":"","_monsterinsights_sitenote_category":0},"product_brand":[],"product_cat":[13043,17647],"product_tag":[],"class_list":{"0":"post-747193","1":"product","2":"type-product","3":"status-publish","5":"product_cat-ekonomi","6":"product_cat-is-dunyasi","7":"pa_cilt-ciltsiz","8":"pa_tur-kitap","9":"pa_yayinevi-nova-kitap","10":"pa_yazar-john-adair","12":"first","13":"instock","14":"sale","15":"shipping-taxable","16":"purchasable","17":"product-type-simple"},"_links":{"self":[{"href":"https:\/\/roveyayinevi.com.tr\/index.php\/wp-json\/wp\/v2\/product\/747193","targetHints":{"allow":["GET"]}}],"collection":[{"href":"https:\/\/roveyayinevi.com.tr\/index.php\/wp-json\/wp\/v2\/product"}],"about":[{"href":"https:\/\/roveyayinevi.com.tr\/index.php\/wp-json\/wp\/v2\/types\/product"}],"wp:attachment":[{"href":"https:\/\/roveyayinevi.com.tr\/index.php\/wp-json\/wp\/v2\/media?parent=747193"}],"wp:term":[{"taxonomy":"product_brand","embeddable":true,"href":"https:\/\/roveyayinevi.com.tr\/index.php\/wp-json\/wp\/v2\/product_brand?post=747193"},{"taxonomy":"product_cat","embeddable":true,"href":"https:\/\/roveyayinevi.com.tr\/index.php\/wp-json\/wp\/v2\/product_cat?post=747193"},{"taxonomy":"product_tag","embeddable":true,"href":"https:\/\/roveyayinevi.com.tr\/index.php\/wp-json\/wp\/v2\/product_tag?post=747193"}],"curies":[{"name":"wp","href":"https:\/\/api.w.org\/{rel}","templated":true}]}}