{"id":747192,"date":"2025-08-28T03:01:00","date_gmt":"2025-08-28T00:01:00","guid":{"rendered":"https:\/\/roveyayinevi.com.tr\/index.php\/urun\/bay-kadufun-zip-zip-koltugu\/"},"modified":"2026-04-16T02:59:51","modified_gmt":"2026-04-15T23:59:51","slug":"bay-kadufun-zip-zip-koltugu","status":"publish","type":"product","link":"https:\/\/roveyayinevi.com.tr\/index.php\/urun\/bay-kadufun-zip-zip-koltugu\/","title":{"rendered":"Bay Kaduf\u2019un Z\u0131p Z\u0131p Koltu\u011fu"},"content":{"rendered":"<p>\u015eala Bala kentinin \u00e7\u0131lg\u0131n mucidi Bay Kaduf, yepyeni bir icatla kar\u015f\u0131m\u0131zda: Z\u0131p Z\u0131p Koltuk!Haberci, mucidin yeni icad\u0131n\u0131 \u00f6\u011frenmek \u00fczere kuzeni Olpidol\u2019le birlikte yola \u00e7\u0131kt\u0131\u011f\u0131nda ba\u015f\u0131na geleceklerden habersizdi. Bay Kaduf\u2019un z\u0131playa z\u0131playa uzun yollar katedebilen yeni aleti, k\u00f6t\u00fc hava ve dikkatsizlik sonucu kontrolden \u00e7\u0131k\u0131nca kahramanlar\u0131m\u0131z kendilerini bamba\u015fka bir kentte buldular. Ve bu garip \u00fc\u00e7l\u00fcn\u00fcn, art\u0131k Z\u0131p Z\u0131p Koltuk\u2019u \u015eala Bala\u2019ya g\u00f6t\u00fcrmeden \u00f6nce yerine getirmeleri gereken \u00e7ok \u00f6nemli bir g\u00f6revi vard\u0131!Sevdi\u011fimiz mucit Bay Kaduf\u2019tan benzersiz tuhafl\u0131ktaki karakterlerle, s\u00fcrpriz geli\u015fmelerle, ini\u015flerle ve \u00e7\u0131k\u0131\u015flarla dolu, z\u0131p\u0131r bir macera daha!<\/p>\n","protected":false},"excerpt":{"rendered":"<p>\u015eala Bala kentinin \u00e7\u0131lg\u0131n mucidi Bay Kaduf, yepyeni bir icatla kar\u015f\u0131m\u0131zda: Z\u0131p Z\u0131p Koltuk!Haberci, mucidin yeni icad\u0131n\u0131 \u00f6\u011frenmek \u00fczere kuzeni Olpidol\u2019le birlikte yola \u00e7\u0131kt\u0131\u011f\u0131nda ba\u015f\u0131na geleceklerden<span class=\"excerpt-hellip\"> [\u2026]<\/span><\/p>\n","protected":false},"featured_media":0,"template":"","meta":{"_monsterinsights_skip_tracking":false,"_monsterinsights_sitenote_active":false,"_monsterinsights_sitenote_note":"","_monsterinsights_sitenote_category":0},"product_brand":[],"product_cat":[12274,12284],"product_tag":[],"class_list":{"0":"post-747192","1":"product","2":"type-product","3":"status-publish","5":"product_cat-cocuk-ve-genclik-kitaplari","6":"product_cat-hikayeler","7":"pa_cilt-ciltsiz","8":"pa_tur-kitap","9":"pa_yayinevi-ithaki-yayinlari","10":"pa_yazar-halil-fincan","12":"first","13":"instock","14":"sale","15":"shipping-taxable","16":"purchasable","17":"product-type-simple"},"_links":{"self":[{"href":"https:\/\/roveyayinevi.com.tr\/index.php\/wp-json\/wp\/v2\/product\/747192","targetHints":{"allow":["GET"]}}],"collection":[{"href":"https:\/\/roveyayinevi.com.tr\/index.php\/wp-json\/wp\/v2\/product"}],"about":[{"href":"https:\/\/roveyayinevi.com.tr\/index.php\/wp-json\/wp\/v2\/types\/product"}],"wp:attachment":[{"href":"https:\/\/roveyayinevi.com.tr\/index.php\/wp-json\/wp\/v2\/media?parent=747192"}],"wp:term":[{"taxonomy":"product_brand","embeddable":true,"href":"https:\/\/roveyayinevi.com.tr\/index.php\/wp-json\/wp\/v2\/product_brand?post=747192"},{"taxonomy":"product_cat","embeddable":true,"href":"https:\/\/roveyayinevi.com.tr\/index.php\/wp-json\/wp\/v2\/product_cat?post=747192"},{"taxonomy":"product_tag","embeddable":true,"href":"https:\/\/roveyayinevi.com.tr\/index.php\/wp-json\/wp\/v2\/product_tag?post=747192"}],"curies":[{"name":"wp","href":"https:\/\/api.w.org\/{rel}","templated":true}]}}