{"id":747191,"date":"2025-08-28T03:00:58","date_gmt":"2025-08-28T00:00:58","guid":{"rendered":"https:\/\/roveyayinevi.com.tr\/index.php\/urun\/acayiplikler-ansiklopedisi\/"},"modified":"2026-04-16T02:59:51","modified_gmt":"2026-04-15T23:59:51","slug":"acayiplikler-ansiklopedisi","status":"publish","type":"product","link":"https:\/\/roveyayinevi.com.tr\/index.php\/urun\/acayiplikler-ansiklopedisi\/","title":{"rendered":"Acayiplikler Ansiklopedisi"},"content":{"rendered":"<p>\u0130kig\u00f6zlerin d\u00fcnyas\u0131nda Tepeg\u00f6z olmak her anlamda zordu. Mikro sald\u0131r\u0131lara, kal\u0131p yarg\u0131lara ve aleni yabanc\u0131 d\u00fc\u015fmanl\u0131\u011f\u0131na ra\u011fmen a\u015fk\u0131 bulmaya, birlik olmaya ve ya\u015famaya \u00e7al\u0131\u015f\u0131yorlard\u0131. Ama maruz kald\u0131klar\u0131 \u00f6tekile\u015ftirmelerin kar\u015f\u0131s\u0131nda sab\u0131r da bir yere kadard\u0131.\u201cE\u011flenceli ve k\u0131\u015fk\u0131rt\u0131c\u0131. O kadar da canavar olmayanlar\u0131n hayatlar\u0131na keyifli bir yolculuk!\u201d \u2014Felicia Day\u201cBu keyifli \u00e7izgi roman, \u0131rk, yabanc\u0131 d\u00fc\u015fmanl\u0131\u011f\u0131, g\u00f6r\u00fcn\u00fcrl\u00fck, temsil ve asimilasyon konular\u0131nda \u00e7ok ger\u00e7ek noktalara parmak bas\u0131yor.\u201d \u2014Karla Strand\u201cAcayiplikler Ansiklopedisi\u2019nde Tepeg\u00f6zler, a\u015f\u0131r\u0131 itaatk\u00e2r olarak alg\u0131lanma, Hollywood filmlerinde Tepeg\u00f6z temsilinin olmamas\u0131 ve melez \u00e7ocuklar\u0131n maruz kalacaklar\u0131 sorunlara esprili bir ayna tutuyor.\u201d \u2014New York Times\u201cAcayiplikler Ansiklopedisi, \u2018g\u00f6r\u00fcld\u00fc\u011f\u00fcn\u00fc hissetmeyenlere\u2019 adanm\u0131\u015ft\u0131r.\u201d \u2014Publishers Weekly\u201cDhaliwal\u2019\u0131n hik\u00e2yelerindeki karakterler parl\u0131yor. \u015eefkatle resmedilmi\u015fler ve sorunlar\u0131 fazlas\u0131yla ger\u00e7ek.\u201d \u2014Carmen Maria Machado\u201cKahkaha, h\u00fcsran ve g\u00f6zya\u015f\u0131yla dolu Acayiplikler Ansiklopedisi, g\u00f6r\u00fclmek isteyen herkesin mutlaka okumas\u0131 gereken bir kitap.\u201d \u2014NPR\u201cAcayiplikler Ansiklopedisi, g\u00f6\u00e7menlere y\u00f6nelik mikro sald\u0131r\u0131lar ve ayr\u0131mc\u0131l\u0131k hakk\u0131nda incelikli yorumlar sunuyor.\u201d \u2014Bustle\u201cAminder Dhaliwal \u00e7ok becerikli ve zeki bir hik\u00e2ye anlat\u0131c\u0131s\u0131!\u201d \u2014Maia Kobabe\u201cBask\u0131n bir toplumda \u2018\u00f6tekile\u015ftirilen\u2019 olman\u0131n \u00e7alkant\u0131s\u0131n\u0131 ve gururunu ya\u015fayan herkes okumal\u0131.\u201d \u2014Hellen Jo\u201cBu alternatif d\u00fcnyada Aminder Dhaliwal \u0131rk\u0131, ayr\u0131mc\u0131l\u0131\u011f\u0131, \u00f6tekile\u015ftirmeyi ve g\u00fczelli\u011fi mizahla ke\u015ffe \u00e7\u0131k\u0131yor.\u201d \u2014CBC Books<\/p>\n","protected":false},"excerpt":{"rendered":"<p>\u0130kig\u00f6zlerin d\u00fcnyas\u0131nda Tepeg\u00f6z olmak her anlamda zordu. Mikro sald\u0131r\u0131lara, kal\u0131p yarg\u0131lara ve aleni yabanc\u0131 d\u00fc\u015fmanl\u0131\u011f\u0131na ra\u011fmen a\u015fk\u0131 bulmaya, birlik olmaya ve ya\u015famaya \u00e7al\u0131\u015f\u0131yorlard\u0131. Ama maruz kald\u0131klar\u0131<span class=\"excerpt-hellip\"> [\u2026]<\/span><\/p>\n","protected":false},"featured_media":0,"template":"","meta":{"_monsterinsights_skip_tracking":false,"_monsterinsights_sitenote_active":false,"_monsterinsights_sitenote_note":"","_monsterinsights_sitenote_category":0},"product_brand":[],"product_cat":[12416,12291],"product_tag":[],"class_list":{"0":"post-747191","1":"product","2":"type-product","3":"status-publish","5":"product_cat-cizgi-roman","6":"product_cat-edebiyat","7":"pa_cilt-ciltsiz","8":"pa_tur-kitap","9":"pa_yayinevi-yabanci-yayinevi","10":"pa_yazar-aminder-dhaliwal","12":"first","13":"instock","14":"sale","15":"shipping-taxable","16":"purchasable","17":"product-type-simple"},"_links":{"self":[{"href":"https:\/\/roveyayinevi.com.tr\/index.php\/wp-json\/wp\/v2\/product\/747191","targetHints":{"allow":["GET"]}}],"collection":[{"href":"https:\/\/roveyayinevi.com.tr\/index.php\/wp-json\/wp\/v2\/product"}],"about":[{"href":"https:\/\/roveyayinevi.com.tr\/index.php\/wp-json\/wp\/v2\/types\/product"}],"wp:attachment":[{"href":"https:\/\/roveyayinevi.com.tr\/index.php\/wp-json\/wp\/v2\/media?parent=747191"}],"wp:term":[{"taxonomy":"product_brand","embeddable":true,"href":"https:\/\/roveyayinevi.com.tr\/index.php\/wp-json\/wp\/v2\/product_brand?post=747191"},{"taxonomy":"product_cat","embeddable":true,"href":"https:\/\/roveyayinevi.com.tr\/index.php\/wp-json\/wp\/v2\/product_cat?post=747191"},{"taxonomy":"product_tag","embeddable":true,"href":"https:\/\/roveyayinevi.com.tr\/index.php\/wp-json\/wp\/v2\/product_tag?post=747191"}],"curies":[{"name":"wp","href":"https:\/\/api.w.org\/{rel}","templated":true}]}}