{"id":747190,"date":"2025-08-28T03:00:57","date_gmt":"2025-08-28T00:00:57","guid":{"rendered":"https:\/\/roveyayinevi.com.tr\/index.php\/urun\/babalar-ve-ogullar-14\/"},"modified":"2026-04-16T02:59:51","modified_gmt":"2026-04-15T23:59:51","slug":"babalar-ve-ogullar-14","status":"publish","type":"product","link":"https:\/\/roveyayinevi.com.tr\/index.php\/urun\/babalar-ve-ogullar-14\/","title":{"rendered":"Babalar ve O\u011fullar"},"content":{"rendered":"<p>\u201c19. y\u00fczy\u0131l\u0131n en \u00f6nemli romanlar\u0131ndan biri.\u201d \u2013Vladimir NabokovZeki, nihilist ve sivri dilli bir gen\u00e7 adam olan Bazarov, okuldan arkada\u015f\u0131 Arkadiy\u2019le birlikte onun evine ziyarete gider. Eve varmalar\u0131ndan k\u0131sa s\u00fcre sonra, otoriteyi ve toplumsal gelenekleri a\u00e7\u0131k\u00e7a reddeden Bazarov ile Arkadiy\u2019in ailesi aras\u0131nda kar\u015f\u0131tl\u0131klar ba\u015f g\u00f6sterecek ve bu tan\u0131\u015fma bir nevi 19. y\u00fczy\u0131l Rusya\u2019s\u0131nda meydana gelen de\u011fi\u015fimlere ayna tutan tart\u0131\u015fmalara ve anla\u015fmazl\u0131klara sebep olacakt\u0131r.\u0130van Turgenyev\u2019in en \u00f6nemli eseri kabul edilen, ku\u015fak \u00e7at\u0131\u015fmas\u0131n\u0131 Bazarov karakteri \u00fczerinden i\u015fledi\u011fi Babalar ve O\u011fullar 1862 y\u0131l\u0131nda yay\u0131mland\u0131\u011f\u0131nda hem \u00e7ok ilgi g\u00f6rd\u00fc hem de \u00e7ok tepki ald\u0131. Bat\u0131da pop\u00fclerlik yakalayan ilk Rus eserlerinden biri olan kitap, Flaubert, Maupassant ve Henry James gibi ustalar\u0131 da derinden etkiledi.<\/p>\n","protected":false},"excerpt":{"rendered":"<p>\u201c19. y\u00fczy\u0131l\u0131n en \u00f6nemli romanlar\u0131ndan biri.\u201d \u2013Vladimir NabokovZeki, nihilist ve sivri dilli bir gen\u00e7 adam olan Bazarov, okuldan arkada\u015f\u0131 Arkadiy\u2019le birlikte onun evine ziyarete gider. Eve<span class=\"excerpt-hellip\"> [\u2026]<\/span><\/p>\n","protected":false},"featured_media":0,"template":"","meta":{"_monsterinsights_skip_tracking":false,"_monsterinsights_sitenote_active":false,"_monsterinsights_sitenote_note":"","_monsterinsights_sitenote_category":0},"product_brand":[],"product_cat":[12291,13872],"product_tag":[],"class_list":{"0":"post-747190","1":"product","2":"type-product","3":"status-publish","5":"product_cat-edebiyat","6":"product_cat-klasikler","7":"pa_cilt-ciltsiz","8":"pa_tur-kitap","9":"pa_yayinevi-ithaki-yayinlari","10":"pa_yazar-ivan-turgenyev","12":"first","13":"instock","14":"sale","15":"shipping-taxable","16":"purchasable","17":"product-type-simple"},"_links":{"self":[{"href":"https:\/\/roveyayinevi.com.tr\/index.php\/wp-json\/wp\/v2\/product\/747190","targetHints":{"allow":["GET"]}}],"collection":[{"href":"https:\/\/roveyayinevi.com.tr\/index.php\/wp-json\/wp\/v2\/product"}],"about":[{"href":"https:\/\/roveyayinevi.com.tr\/index.php\/wp-json\/wp\/v2\/types\/product"}],"wp:attachment":[{"href":"https:\/\/roveyayinevi.com.tr\/index.php\/wp-json\/wp\/v2\/media?parent=747190"}],"wp:term":[{"taxonomy":"product_brand","embeddable":true,"href":"https:\/\/roveyayinevi.com.tr\/index.php\/wp-json\/wp\/v2\/product_brand?post=747190"},{"taxonomy":"product_cat","embeddable":true,"href":"https:\/\/roveyayinevi.com.tr\/index.php\/wp-json\/wp\/v2\/product_cat?post=747190"},{"taxonomy":"product_tag","embeddable":true,"href":"https:\/\/roveyayinevi.com.tr\/index.php\/wp-json\/wp\/v2\/product_tag?post=747190"}],"curies":[{"name":"wp","href":"https:\/\/api.w.org\/{rel}","templated":true}]}}