{"id":747189,"date":"2025-08-28T03:00:55","date_gmt":"2025-08-28T00:00:55","guid":{"rendered":"https:\/\/roveyayinevi.com.tr\/index.php\/urun\/shuri-bir-black-panther-romani\/"},"modified":"2026-04-16T02:59:51","modified_gmt":"2026-04-15T23:59:51","slug":"shuri-bir-black-panther-romani","status":"publish","type":"product","link":"https:\/\/roveyayinevi.com.tr\/index.php\/urun\/shuri-bir-black-panther-romani\/","title":{"rendered":"Shuri: Bir Black Panther Roman\u0131"},"content":{"rendered":"<p>\u201c\u00c7oksatan yazar Stone ile Black Panther d\u00fcnyas\u0131ndan, s\u00fcrprizlerle dolu Shuri\u2019nin bir araya geldi\u011fi bu kitap kusursuz bir e\u015fle\u015fme.\u201d\u2013BooklistShuri\u2019ye Wakanda\u2019dan ayr\u0131ld\u0131\u011f\u0131 ilk seferde d\u00f6v\u00fc\u015fmek zorunda kalaca\u011f\u0131n\u0131 s\u00f6yleseniz kapkara g\u00f6zlerini devirip bir komplo teorisinden bahsediyormu\u015fsunuz gibi sizi ba\u015f\u0131ndan defederdi.Shuri her ne kadar itiraf etmese de d\u00f6v\u00fc\u015f\u00fcp d\u00f6v\u00fc\u015femeyece\u011finden emin de\u011fildi. Annesinden dolay\u0131 y\u0131llard\u0131r bir d\u00f6v\u00fc\u015f e\u011fitimi almam\u0131\u015ft\u0131. En son yumruk att\u0131\u011f\u0131nda ufac\u0131k bir \u00e7ocuktu daha.Ama d\u00f6v\u00fc\u015fmek zorunda. Kendisi i\u00e7in. Hayat\u0131 i\u00e7in. Gelece\u011fi i\u00e7in. Halk\u0131 i\u00e7in. Halk\u0131n\u0131n gelece\u011fi i\u00e7in. Bildi\u011fi yoldan sapacak. Her \u015feyini riske atacak. Kendi varl\u0131\u011f\u0131n\u0131 bile. Ve prenses d\u00f6v\u00fc\u015fecek. Wakanda i\u00e7in.<\/p>\n","protected":false},"excerpt":{"rendered":"<p>\u201c\u00c7oksatan yazar Stone ile Black Panther d\u00fcnyas\u0131ndan, s\u00fcrprizlerle dolu Shuri\u2019nin bir araya geldi\u011fi bu kitap kusursuz bir e\u015fle\u015fme.\u201d\u2013BooklistShuri\u2019ye Wakanda\u2019dan ayr\u0131ld\u0131\u011f\u0131 ilk seferde d\u00f6v\u00fc\u015fmek zorunda kalaca\u011f\u0131n\u0131 s\u00f6yleseniz<span class=\"excerpt-hellip\"> [\u2026]<\/span><\/p>\n","protected":false},"featured_media":0,"template":"","meta":{"_monsterinsights_skip_tracking":false,"_monsterinsights_sitenote_active":false,"_monsterinsights_sitenote_note":"","_monsterinsights_sitenote_category":0},"product_brand":[],"product_cat":[12540,12291],"product_tag":[],"class_list":{"0":"post-747189","1":"product","2":"type-product","3":"status-publish","5":"product_cat-bilim-kurgu","6":"product_cat-edebiyat","7":"pa_cilt-ciltsiz","8":"pa_tur-kitap","9":"pa_yayinevi-ithaki-yayinlari","10":"pa_yazar-nic-stone","12":"first","13":"instock","14":"sale","15":"shipping-taxable","16":"purchasable","17":"product-type-simple"},"_links":{"self":[{"href":"https:\/\/roveyayinevi.com.tr\/index.php\/wp-json\/wp\/v2\/product\/747189","targetHints":{"allow":["GET"]}}],"collection":[{"href":"https:\/\/roveyayinevi.com.tr\/index.php\/wp-json\/wp\/v2\/product"}],"about":[{"href":"https:\/\/roveyayinevi.com.tr\/index.php\/wp-json\/wp\/v2\/types\/product"}],"wp:attachment":[{"href":"https:\/\/roveyayinevi.com.tr\/index.php\/wp-json\/wp\/v2\/media?parent=747189"}],"wp:term":[{"taxonomy":"product_brand","embeddable":true,"href":"https:\/\/roveyayinevi.com.tr\/index.php\/wp-json\/wp\/v2\/product_brand?post=747189"},{"taxonomy":"product_cat","embeddable":true,"href":"https:\/\/roveyayinevi.com.tr\/index.php\/wp-json\/wp\/v2\/product_cat?post=747189"},{"taxonomy":"product_tag","embeddable":true,"href":"https:\/\/roveyayinevi.com.tr\/index.php\/wp-json\/wp\/v2\/product_tag?post=747189"}],"curies":[{"name":"wp","href":"https:\/\/api.w.org\/{rel}","templated":true}]}}